{"id":1336126,"date":"2020-10-16T11:36:27","date_gmt":"2020-10-16T09:36:27","guid":{"rendered":"https:\/\/laboklin.de\/leistungen\/genetik\/erbkrankheiten\/katze\/polyzystische-nierenerkrankung-pkd\/"},"modified":"2025-02-25T12:23:26","modified_gmt":"2025-02-25T11:23:26","slug":"polyzystische-nierenerkrankung-pkd","status":"publish","type":"page","link":"https:\/\/laboklin.de\/de-ch\/leistungen\/genetik\/erbkrankheiten\/katze\/polyzystische-nierenerkrankung-pkd\/","title":{"rendered":"Polyzystische Nierenerkrankung (PKD)"},"content":{"rendered":"<h3 class=\"csc-firstHeader\">Polyzystische Nierenerkrankung (PKD)<\/h3><p><span>LABOKLIN Leistungs-ID: 8046<\/span><\/p><p class=\"bodytext\">Die polyzystische Nierenerkrankung ist eine weit verbreitete Erbkrankheit, die Perserkatzen und deren Abk\u00f6mmlinge betrifft. Sie f\u00fchrt neben der Bildung von Zysten in Leber und Bauchspeicheldr\u00fcse zur Bildung von fl\u00fcssigkeitsgef\u00fcllten Zysten in der Niere, die letztendlich das Nierenversagen verursachen, das zum Tode einer betroffenen Katze f\u00fchrt. Die PKD tritt im jugendlichen Alter der Katze auf. Die Diagnose mittels Ultraschall kann fr\u00fchestens mit dem Auftreten erster Krankheitserscheinungen im Alter von ca. 8 Monaten gestellt werden.<\/p><table class=\"tx-laboklinleistung-table contenttable contenttable-2\" style=\"margin-top: 35px;\"><tr><td class=\"td-0\"><strong>Methode<\/strong><\/td><td class=\"td-1\"><p class=\"bodytext\">TaqMan SNP Assay<\/p><\/td><\/tr><tr><td class=\"td-0\"><strong>Rasse<\/strong><\/td><td class=\"td-1\"><p class=\"bodytext\">Britisch Kurzhaar, Britisch Langhaar , Chartreux, Exotic Shorthair, Heilige Birma, Himalaya, Kart\u00e4user, Perser, Ragdoll, Russisch Blau, Scottish Fold Longhair, Scottish Fold Shorthair, Selkirk Rex Longhair, Selkirk Rex Shorthair, T\u00fcrkisch Angora<\/p><\/td><\/tr><tr><td class=\"td-0\"><strong>Erbgang<\/strong><\/td><td class=\"td-1\"><p class=\"bodytext\">autosomal-dominant<\/p><\/td><\/tr><tr><td class=\"td-0\"><strong>Dauer<\/strong><\/td><td class=\"td-1\"><p class=\"bodytext\">3 - 5 Werktage nach Erhalt der Probe<\/p><\/td><\/tr><\/table>\n","protected":false},"excerpt":{"rendered":"<p>Polyzystische Nierenerkrankung (PKD)LABOKLIN Leistungs-ID: 8046Die polyzystische Nierenerkrankung ist eine weit verbreitete Erbkrankheit, die Perserkatzen und deren Abk\u00f6mmlinge betrifft. Sie f\u00fchrt neben der Bildung von Zysten in Leber und Bauchspeicheldr\u00fcse zur Bildung von fl\u00fcssigkeitsgef\u00fcllten Zysten in der Niere, die letztendlich das Nierenversagen verursachen, das zum Tode einer betroffenen Katze f\u00fchrt. Die PKD tritt im jugendlichen Alter&hellip;<\/p>\n","protected":false},"author":1,"featured_media":0,"parent":1332704,"menu_order":29,"comment_status":"closed","ping_status":"closed","template":"","meta":{"_seopress_robots_primary_cat":"","_seopress_titles_title":"","_seopress_titles_desc":"","_seopress_robots_index":"","footnotes":""},"class_list":["post-1336126","page","type-page","status-publish","hentry","description-off"],"_links":{"self":[{"href":"https:\/\/laboklin.de\/de-ch\/wp-json\/wp\/v2\/pages\/1336126","targetHints":{"allow":["GET"]}}],"collection":[{"href":"https:\/\/laboklin.de\/de-ch\/wp-json\/wp\/v2\/pages"}],"about":[{"href":"https:\/\/laboklin.de\/de-ch\/wp-json\/wp\/v2\/types\/page"}],"author":[{"embeddable":true,"href":"https:\/\/laboklin.de\/de-ch\/wp-json\/wp\/v2\/users\/1"}],"replies":[{"embeddable":true,"href":"https:\/\/laboklin.de\/de-ch\/wp-json\/wp\/v2\/comments?post=1336126"}],"version-history":[{"count":1,"href":"https:\/\/laboklin.de\/de-ch\/wp-json\/wp\/v2\/pages\/1336126\/revisions"}],"predecessor-version":[{"id":1510696,"href":"https:\/\/laboklin.de\/de-ch\/wp-json\/wp\/v2\/pages\/1336126\/revisions\/1510696"}],"up":[{"embeddable":true,"href":"https:\/\/laboklin.de\/de-ch\/wp-json\/wp\/v2\/pages\/1332704"}],"wp:attachment":[{"href":"https:\/\/laboklin.de\/de-ch\/wp-json\/wp\/v2\/media?parent=1336126"}],"curies":[{"name":"wp","href":"https:\/\/api.w.org\/{rel}","templated":true}]}}