{"id":1336112,"date":"2020-10-16T11:36:27","date_gmt":"2020-10-16T09:36:27","guid":{"rendered":"https:\/\/laboklin.de\/leistungen\/genetik\/erbkrankheiten\/hund\/glasknochenkrankheit-osteogenesis-imperfecta\/"},"modified":"2025-02-05T13:10:25","modified_gmt":"2025-02-05T12:10:25","slug":"glasknochenkrankheit-osteogenesis-imperfecta","status":"publish","type":"page","link":"https:\/\/laboklin.de\/de-ch\/leistungen\/genetik\/erbkrankheiten\/hund\/glasknochenkrankheit-osteogenesis-imperfecta\/","title":{"rendered":"Glasknochenkrankheit (Osteogenesis imperfecta)"},"content":{"rendered":"<h3 class=\"csc-firstHeader\">Glasknochenkrankheit (Osteogenesis imperfecta)<\/h3><p><span>LABOKLIN Leistungs-ID: 8215<\/span><\/p><p class=\"bodytext\">Kollagen ist das h\u00e4ufigste Protein im tierischen K\u00f6rper und verleiht den Knochen ihre Elastizit\u00e4t. Ein Defekt der Kollagen-Gene f\u00fchrt zur Glasknochenkrankheit, auch \"Osteogenesis imperfecta\" genannt. Die Erkrankung f\u00fchrt bereits im Welpenalter zu den typischen Symptomen: extrem zerbrechliche Knochen und Z\u00e4hne.<\/p><table class=\"tx-laboklinleistung-table contenttable contenttable-2\" style=\"margin-top: 35px;\"><tr><td class=\"td-0\"><strong>Methode<\/strong><\/td><td class=\"td-1\"><p class=\"bodytext\">TaqMan SNP Assay, ggf. Sequenzierung (Dackel);<br>Sequenzierung (Beagle, Golden Retriever) <\/p><\/td><\/tr><tr><td class=\"td-0\"><strong>Rasse<\/strong><\/td><td class=\"td-1\"><p class=\"bodytext\">Beagle, Dackel (Dachshund), Golden Retriever, Goldendoodle, Kurzhaardackel, Langhaardackel, Rauhhaardackel<\/p><\/td><\/tr><tr><td class=\"td-0\"><strong>Erbgang<\/strong><\/td><td class=\"td-1\"><p class=\"bodytext\">autosomal-rezessiv (Dackel);<br>autosomal-dominant (Beagle, Golden Retriever)<\/p><\/td><\/tr><tr><td class=\"td-0\"><strong>Dauer<\/strong><\/td><td class=\"td-1\"><p class=\"bodytext\">3 - 5 Werktage nach Erhalt der Probe, bei Sequenzierung 1 - 2 Wochen (Dackel);<br>1 - 2 Wochen nach Erhalt der Probe (Beagle, Golden Retriever)<\/p><\/td><\/tr><\/table>\n","protected":false},"excerpt":{"rendered":"<p>Glasknochenkrankheit (Osteogenesis imperfecta)LABOKLIN Leistungs-ID: 8215Kollagen ist das h\u00e4ufigste Protein im tierischen K\u00f6rper und verleiht den Knochen ihre Elastizit\u00e4t. Ein Defekt der Kollagen-Gene f\u00fchrt zur Glasknochenkrankheit, auch &#171;Osteogenesis imperfecta&#187; genannt. Die Erkrankung f\u00fchrt bereits im Welpenalter zu den typischen Symptomen: extrem zerbrechliche Knochen und Z\u00e4hne.MethodeTaqMan SNP Assay, ggf. Sequenzierung (Dackel);Sequenzierung (Beagle, Golden Retriever) RasseBeagle, Dackel (Dachshund),&hellip;<\/p>\n","protected":false},"author":1,"featured_media":0,"parent":1332702,"menu_order":28,"comment_status":"closed","ping_status":"closed","template":"","meta":{"_seopress_robots_primary_cat":"","_seopress_titles_title":"","_seopress_titles_desc":"","_seopress_robots_index":"","footnotes":""},"class_list":["post-1336112","page","type-page","status-publish","hentry","description-off"],"_links":{"self":[{"href":"https:\/\/laboklin.de\/de-ch\/wp-json\/wp\/v2\/pages\/1336112","targetHints":{"allow":["GET"]}}],"collection":[{"href":"https:\/\/laboklin.de\/de-ch\/wp-json\/wp\/v2\/pages"}],"about":[{"href":"https:\/\/laboklin.de\/de-ch\/wp-json\/wp\/v2\/types\/page"}],"author":[{"embeddable":true,"href":"https:\/\/laboklin.de\/de-ch\/wp-json\/wp\/v2\/users\/1"}],"replies":[{"embeddable":true,"href":"https:\/\/laboklin.de\/de-ch\/wp-json\/wp\/v2\/comments?post=1336112"}],"version-history":[{"count":1,"href":"https:\/\/laboklin.de\/de-ch\/wp-json\/wp\/v2\/pages\/1336112\/revisions"}],"predecessor-version":[{"id":1507021,"href":"https:\/\/laboklin.de\/de-ch\/wp-json\/wp\/v2\/pages\/1336112\/revisions\/1507021"}],"up":[{"embeddable":true,"href":"https:\/\/laboklin.de\/de-ch\/wp-json\/wp\/v2\/pages\/1332702"}],"wp:attachment":[{"href":"https:\/\/laboklin.de\/de-ch\/wp-json\/wp\/v2\/media?parent=1336112"}],"curies":[{"name":"wp","href":"https:\/\/api.w.org\/{rel}","templated":true}]}}