{"id":1336109,"date":"2020-10-16T11:36:27","date_gmt":"2020-10-16T09:36:27","guid":{"rendered":"https:\/\/laboklin.de\/leistungen\/haematologie-klin-chemie-endokrinologie\/endokrinologie-tumormarker\/progesteron\/"},"modified":"2025-01-29T10:29:43","modified_gmt":"2025-01-29T09:29:43","slug":"progesteron","status":"publish","type":"page","link":"https:\/\/laboklin.de\/de-ch\/leistungen\/haematologie-klin-chemie-endokrinologie\/endokrinologie-tumormarker\/progesteron\/","title":{"rendered":"Progesteron"},"content":{"rendered":"<h3 class=\"csc-firstHeader\">Progesteron<\/h3><p><span>LABOKLIN Leistungs-ID: 135<\/span><\/p><p class=\"bodytext\"><br><ul><li>Messung erfolgt zur Kontrolle der lutealen Funktion.<\/li><li><strong>H\u00fcndin<\/strong>: Bestimmung des Ovulationszeitpunktes, Feststellung des optimalen Decktermins, Diagnose einer Corpus-luteum-Insuffizienz (Mehrfachbestimmungen). <\/li><li><strong>Hund, Frettchen<\/strong>: Zur Diagnostik von Sexualsteroide-produzierenden Erkrankungen der Nebennierenrinde (siehe 17-OH-Progesteron).<\/li><li><strong>Kaninchen<\/strong>: Zur Diagnose von Ovar-(Rest-)gewebe sollte ein HCG-Stimulationstest mit der zweimaligen Bestimmung von Progesteron im Abstand von 5-7 Tagen durchgef\u00fchrt werden. Einzelbestimmungen sind nur im positiven Falle aussagekr\u00e4ftig.<\/li><li><strong>Lama, Alpaka<\/strong>: Tr\u00e4chtigkeitsdiagnostik ab dem 21. Tag der Tr\u00e4chtigkeit. In der Sp\u00e4ttr\u00e4chtigkeit (10.\/11. Monat) ist auch die Bestimmung von \u00d6stronsulfat m\u00f6glich.<\/li><li><strong>Pferd, Rind, Schaf, Ziege:<\/strong>Kann in der Fr\u00fchgravidit\u00e4t zur Best\u00e4tigung einer Konzeption genutzt werden. Da es jedoch auch im normalen Zyklusgeschehen zu einem Anstieg der Progesteronkonzentration kommt, ist dieser Unterschied nur im Zeitraum des zyklusabh\u00e4ngigen Progesteronabfalles diagnostisch nutzbar. Bei <strong>Pferd<\/strong> und <strong>Rind<\/strong> sind nur Proben vom 18. bis 20. Tag nach Ovulation sinnvoll und beweisen nur, dass die Tiere zum erwarteten Zeitpunkt nicht wieder br\u00fcnftig\/rossig sind. Progesteron ist nicht tr\u00e4chtigkeitsspezifisch. Der Test kann nicht zwischen Zyklus- und Tr\u00e4chtigkeitsgelbk\u00f6rper unterscheiden.<\/li><li><strong>Pferd, Esel<\/strong>: Es k\u00f6nnen tr\u00e4chtigkeitsspezifische Hormone zwischen dem 45. bis 100. Tag (siehe PMSG) und ab dem 110. Tag bis ca. 1 Woche vor dem Abfohlen (siehe \u00d6stronsulfat) bestimmt werden.<\/p><table class=\"tx-laboklinleistung-table contenttable contenttable-2\" style=\"margin-top: 35px;\"><tr><td class=\"td-0\"><strong>Material<\/strong><\/td><td class=\"td-1\"><p class=\"bodytext\">Serum 0,5 ml<\/p><\/td><\/tr><tr><td class=\"td-0\"><strong>Methode<\/strong><\/td><td class=\"td-1\"><p class=\"bodytext\">Chemoluminiszenzassay (CLIA)<\/p><\/td><\/tr><tr><td class=\"td-0\"><strong>Dauer<\/strong><\/td><td class=\"td-1\"><p class=\"bodytext\">Befund\u00fcbermittlung am Tag des Probeneingangs (Mo.-Sa.)<\/p><\/td><\/tr><\/table>\n","protected":false},"excerpt":{"rendered":"<p>ProgesteronLABOKLIN Leistungs-ID: 135Messung erfolgt zur Kontrolle der lutealen Funktion.H\u00fcndin: Bestimmung des Ovulationszeitpunktes, Feststellung des optimalen Decktermins, Diagnose einer Corpus-luteum-Insuffizienz (Mehrfachbestimmungen). Hund, Frettchen: Zur Diagnostik von Sexualsteroide-produzierenden Erkrankungen der Nebennierenrinde (siehe 17-OH-Progesteron).Kaninchen: Zur Diagnose von Ovar-(Rest-)gewebe sollte ein HCG-Stimulationstest mit der zweimaligen Bestimmung von Progesteron im Abstand von 5-7 Tagen durchgef\u00fchrt werden. Einzelbestimmungen sind nur im&hellip;<\/p>\n","protected":false},"author":1,"featured_media":0,"parent":1332762,"menu_order":28,"comment_status":"closed","ping_status":"closed","template":"","meta":{"_seopress_robots_primary_cat":"","_seopress_titles_title":"","_seopress_titles_desc":"","_seopress_robots_index":"","footnotes":""},"class_list":["post-1336109","page","type-page","status-publish","hentry","description-off"],"_links":{"self":[{"href":"https:\/\/laboklin.de\/de-ch\/wp-json\/wp\/v2\/pages\/1336109","targetHints":{"allow":["GET"]}}],"collection":[{"href":"https:\/\/laboklin.de\/de-ch\/wp-json\/wp\/v2\/pages"}],"about":[{"href":"https:\/\/laboklin.de\/de-ch\/wp-json\/wp\/v2\/types\/page"}],"author":[{"embeddable":true,"href":"https:\/\/laboklin.de\/de-ch\/wp-json\/wp\/v2\/users\/1"}],"replies":[{"embeddable":true,"href":"https:\/\/laboklin.de\/de-ch\/wp-json\/wp\/v2\/comments?post=1336109"}],"version-history":[{"count":1,"href":"https:\/\/laboklin.de\/de-ch\/wp-json\/wp\/v2\/pages\/1336109\/revisions"}],"predecessor-version":[{"id":1336110,"href":"https:\/\/laboklin.de\/de-ch\/wp-json\/wp\/v2\/pages\/1336109\/revisions\/1336110"}],"up":[{"embeddable":true,"href":"https:\/\/laboklin.de\/de-ch\/wp-json\/wp\/v2\/pages\/1332762"}],"wp:attachment":[{"href":"https:\/\/laboklin.de\/de-ch\/wp-json\/wp\/v2\/media?parent=1336109"}],"curies":[{"name":"wp","href":"https:\/\/api.w.org\/{rel}","templated":true}]}}