{"id":1336105,"date":"2021-11-11T16:19:27","date_gmt":"2021-11-11T15:19:27","guid":{"rendered":"https:\/\/laboklin.de\/leistungen\/genetik\/genetikpakete\/hund\/paket-collie\/"},"modified":"2021-11-11T16:19:27","modified_gmt":"2021-11-11T15:19:27","slug":"paket-collie","status":"publish","type":"page","link":"https:\/\/laboklin.de\/de-ch\/leistungen\/genetik\/genetikpakete\/hund\/paket-collie\/","title":{"rendered":"Paket Collie"},"content":{"rendered":"<h3 class=\"csc-firstHeader\">Paket Collie<\/h3><p><span>LABOKLIN Leistungs-ID: 8625<\/span><\/p><p class=\"bodytext\">Das Paket enth\u00e4lt folgende Tests:<br \/>\r\n<br \/>\r\nCollie Eye Anomalie (CEA), Degenerative Myelopathie (DM Exon2), Dermatomyositis (DMS), Entz\u00fcndliche Lungenerkrankung (IPD), MDR1-Genvariante (Ivermectin-\u00dcberempfindlichkeit) und Progressive Retinaatrophie (rcd2-PRA)<br \/>\r\n<\/p><table class=\"tx-laboklinleistung-table contenttable contenttable-2\" style=\"margin-top: 35px;\"><tr><td class=\"td-0\"><strong>Rasse<\/strong><\/td><td class=\"td-1\"><p class=\"bodytext\">Collie (Kurzhaar\/Langhaar)<\/p><\/td><\/tr><tr><td class=\"td-0\"><strong>Erbgang<\/strong><\/td><td class=\"td-1\"><p class=\"bodytext\">Weitere Informationen finden Sie in der Beschreibung der jeweiligen Erbkrankheit.\n<\/p><\/td><\/tr><tr><td class=\"td-0\"><strong>Dauer<\/strong><\/td><td class=\"td-1\"><p class=\"bodytext\">1 - 2 Wochen nach Erhalt der Probe<\/p><\/td><\/tr><\/table>\n","protected":false},"excerpt":{"rendered":"<p>Paket CollieLABOKLIN Leistungs-ID: 8625Das Paket enth\u00e4lt folgende Tests: Collie Eye Anomalie (CEA), Degenerative Myelopathie (DM Exon2), Dermatomyositis (DMS), Entz\u00fcndliche Lungenerkrankung (IPD), MDR1-Genvariante (Ivermectin-\u00dcberempfindlichkeit) und Progressive Retinaatrophie (rcd2-PRA) RasseCollie (Kurzhaar\/Langhaar)ErbgangWeitere Informationen finden Sie in der Beschreibung der jeweiligen Erbkrankheit. Dauer1 &#8211; 2 Wochen nach Erhalt der Probe<\/p>\n","protected":false},"author":1,"featured_media":0,"parent":1332726,"menu_order":28,"comment_status":"closed","ping_status":"closed","template":"","meta":{"_seopress_robots_primary_cat":"","_seopress_titles_title":"","_seopress_titles_desc":"","_seopress_robots_index":"","footnotes":""},"class_list":["post-1336105","page","type-page","status-publish","hentry","description-off"],"_links":{"self":[{"href":"https:\/\/laboklin.de\/de-ch\/wp-json\/wp\/v2\/pages\/1336105","targetHints":{"allow":["GET"]}}],"collection":[{"href":"https:\/\/laboklin.de\/de-ch\/wp-json\/wp\/v2\/pages"}],"about":[{"href":"https:\/\/laboklin.de\/de-ch\/wp-json\/wp\/v2\/types\/page"}],"author":[{"embeddable":true,"href":"https:\/\/laboklin.de\/de-ch\/wp-json\/wp\/v2\/users\/1"}],"replies":[{"embeddable":true,"href":"https:\/\/laboklin.de\/de-ch\/wp-json\/wp\/v2\/comments?post=1336105"}],"version-history":[{"count":0,"href":"https:\/\/laboklin.de\/de-ch\/wp-json\/wp\/v2\/pages\/1336105\/revisions"}],"up":[{"embeddable":true,"href":"https:\/\/laboklin.de\/de-ch\/wp-json\/wp\/v2\/pages\/1332726"}],"wp:attachment":[{"href":"https:\/\/laboklin.de\/de-ch\/wp-json\/wp\/v2\/media?parent=1336105"}],"curies":[{"name":"wp","href":"https:\/\/api.w.org\/{rel}","templated":true}]}}