{"id":1336102,"date":"2020-10-16T11:36:26","date_gmt":"2020-10-16T09:36:26","guid":{"rendered":"https:\/\/laboklin.de\/leistungen\/profile\/profile-screenings-kleintiere\/klinisch-chemische-profile-screenings-kleintiere\/vitaminprofil-gross\/"},"modified":"2025-01-27T09:40:40","modified_gmt":"2025-01-27T08:40:40","slug":"vitaminprofil-gross","status":"publish","type":"page","link":"https:\/\/laboklin.de\/de-ch\/leistungen\/profile\/profile-screenings-kleintiere\/klinisch-chemische-profile-screenings-kleintiere\/vitaminprofil-gross\/","title":{"rendered":"Vitaminprofil gro\u00df"},"content":{"rendered":"<h3 class=\"csc-firstHeader\">Vitaminprofil gro\u00df<\/h3><p><span>LABOKLIN Leistungs-ID: 4007<\/span><\/p><table class=\"tx-laboklinleistung-table contenttable contenttable-2\" style=\"margin-top: 35px;\"><tr><td class=\"td-0\"><strong>Material<\/strong><\/td><td class=\"td-1\"><p class=\"bodytext\">EDTA-Blut oder Heparinblut 3 ml (mindestens gek\u00fchlt, m\u00f6glichst gefroren) + Serum 3 ml <\/p><\/td><\/tr><tr><td class=\"td-0\"><strong>Parameter<\/strong><\/td><td class=\"td-1\"><p class=\"bodytext\">Vitamin A, Vitamin B1, Vitamin B2, Vitamin B6, Vitamin B12, Vitamin D3 (25-OH), Vitamin E, Fols\u00e4ure<br>Lama, Alpaka, Kamel: Vitamin A, Vitamin B1, Vitamin B2, Vitamin B6, Vitamin B12, Vitamin D2\/D3 (25-OH), Vitamin E, Fols\u00e4ure<\/p><\/td><\/tr><tr><td class=\"td-0\"><strong>Dauer<\/strong><\/td><td class=\"td-1\"><p class=\"bodytext\">5 Tage<\/p><\/td><\/tr><tr><td class=\"td-0\"><strong>Anmerkung<\/strong><\/td><td class=\"td-1\"><p class=\"bodytext\">max. 1 Tag nachforderbar <\/p><\/td><\/tr><\/table>\n","protected":false},"excerpt":{"rendered":"<p>Vitaminprofil gro\u00dfLABOKLIN Leistungs-ID: 4007MaterialEDTA-Blut oder Heparinblut 3 ml (mindestens gek\u00fchlt, m\u00f6glichst gefroren) + Serum 3 ml ParameterVitamin A, Vitamin B1, Vitamin B2, Vitamin B6, Vitamin B12, Vitamin D3 (25-OH), Vitamin E, Fols\u00e4ureLama, Alpaka, Kamel: Vitamin A, Vitamin B1, Vitamin B2, Vitamin B6, Vitamin B12, Vitamin D2\/D3 (25-OH), Vitamin E, Fols\u00e4ureDauer5 TageAnmerkungmax. 1 Tag nachforderbar<\/p>\n","protected":false},"author":1,"featured_media":0,"parent":1332819,"menu_order":27,"comment_status":"closed","ping_status":"closed","template":"","meta":{"_seopress_robots_primary_cat":"","_seopress_titles_title":"","_seopress_titles_desc":"","_seopress_robots_index":"","footnotes":""},"class_list":["post-1336102","page","type-page","status-publish","hentry","description-off"],"_links":{"self":[{"href":"https:\/\/laboklin.de\/de-ch\/wp-json\/wp\/v2\/pages\/1336102","targetHints":{"allow":["GET"]}}],"collection":[{"href":"https:\/\/laboklin.de\/de-ch\/wp-json\/wp\/v2\/pages"}],"about":[{"href":"https:\/\/laboklin.de\/de-ch\/wp-json\/wp\/v2\/types\/page"}],"author":[{"embeddable":true,"href":"https:\/\/laboklin.de\/de-ch\/wp-json\/wp\/v2\/users\/1"}],"replies":[{"embeddable":true,"href":"https:\/\/laboklin.de\/de-ch\/wp-json\/wp\/v2\/comments?post=1336102"}],"version-history":[{"count":1,"href":"https:\/\/laboklin.de\/de-ch\/wp-json\/wp\/v2\/pages\/1336102\/revisions"}],"predecessor-version":[{"id":1503406,"href":"https:\/\/laboklin.de\/de-ch\/wp-json\/wp\/v2\/pages\/1336102\/revisions\/1503406"}],"up":[{"embeddable":true,"href":"https:\/\/laboklin.de\/de-ch\/wp-json\/wp\/v2\/pages\/1332819"}],"wp:attachment":[{"href":"https:\/\/laboklin.de\/de-ch\/wp-json\/wp\/v2\/media?parent=1336102"}],"curies":[{"name":"wp","href":"https:\/\/api.w.org\/{rel}","templated":true}]}}