{"id":1336100,"date":"2020-10-16T11:36:27","date_gmt":"2020-10-16T09:36:27","guid":{"rendered":"https:\/\/laboklin.de\/leistungen\/genetik\/erbkrankheiten\/katze\/progressive-retinaatrophie-pd-pra\/"},"modified":"2025-02-25T12:25:29","modified_gmt":"2025-02-25T11:25:29","slug":"progressive-retinaatrophie-pd-pra","status":"publish","type":"page","link":"https:\/\/laboklin.de\/de-ch\/leistungen\/genetik\/erbkrankheiten\/katze\/progressive-retinaatrophie-pd-pra\/","title":{"rendered":"Progressive Retinaatrophie (pd-PRA)"},"content":{"rendered":"<h3 class=\"csc-firstHeader\">Progressive Retinaatrophie (pd-PRA)<\/h3><p><span>LABOKLIN Leistungs-ID: 8593<\/span><\/p><p class=\"bodytext\">Die Progressive Retinaatrophie PRA ist eine Erkrankung der Netzhaut (Retina), die durch kontinuierliches Fortschreiten letztendlich zur Erblindung f\u00fchrt. Dabei werden die Photorezeptoren des Auges im Laufe der Zeit zerst\u00f6rt. Die progressive Retinaatrophie bei Persern (pd-PRA) hat bei betroffenen Tieren bereits im Alter von 5 Wochen einen Abbau der Photorezeptoren zu Folge, der bis 16 Wochen zur vollst\u00e4ndigen Erblindung f\u00fchrt. Symptomatisch zeigt sich zumeist unkoordinierte Augenbewegung und erh\u00f6hte Reflektivit\u00e4t des Augenhintergrunds.<\/p><table class=\"tx-laboklinleistung-table contenttable contenttable-2\" style=\"margin-top: 35px;\"><tr><td class=\"td-0\"><strong>Methode<\/strong><\/td><td class=\"td-1\"><p class=\"bodytext\">TaqMan SNP Assay, ggf. Sequenzierung<\/p><\/td><\/tr><tr><td class=\"td-0\"><strong>Rasse<\/strong><\/td><td class=\"td-1\"><p class=\"bodytext\">Britisch Kurzhaar, Britisch Langhaar , Chartreux, Exotic Shorthair, Heilige Birma, Himalaya, Kart\u00e4user, Perser, Ragdoll, Russisch Blau, Scottish Fold Longhair, Scottish Fold Shorthair, Selkirk Rex Longhair, Selkirk Rex Shorthair, T\u00fcrkisch Angora<\/p><\/td><\/tr><tr><td class=\"td-0\"><strong>Erbgang<\/strong><\/td><td class=\"td-1\"><p class=\"bodytext\">autosomal-rezessiv<\/p><\/td><\/tr><tr><td class=\"td-0\"><strong>Dauer<\/strong><\/td><td class=\"td-1\"><p class=\"bodytext\">3 - 5 Werktage nach Erhalt der Probe (bei Sequenzierung 1 - 2 Wochen)<\/p><\/td><\/tr><\/table>\n","protected":false},"excerpt":{"rendered":"<p>Progressive Retinaatrophie (pd-PRA)LABOKLIN Leistungs-ID: 8593Die Progressive Retinaatrophie PRA ist eine Erkrankung der Netzhaut (Retina), die durch kontinuierliches Fortschreiten letztendlich zur Erblindung f\u00fchrt. Dabei werden die Photorezeptoren des Auges im Laufe der Zeit zerst\u00f6rt. Die progressive Retinaatrophie bei Persern (pd-PRA) hat bei betroffenen Tieren bereits im Alter von 5 Wochen einen Abbau der Photorezeptoren zu Folge,&hellip;<\/p>\n","protected":false},"author":1,"featured_media":0,"parent":1332704,"menu_order":27,"comment_status":"closed","ping_status":"closed","template":"","meta":{"_seopress_robots_primary_cat":"","_seopress_titles_title":"","_seopress_titles_desc":"","_seopress_robots_index":"","footnotes":""},"class_list":["post-1336100","page","type-page","status-publish","hentry","description-off"],"_links":{"self":[{"href":"https:\/\/laboklin.de\/de-ch\/wp-json\/wp\/v2\/pages\/1336100","targetHints":{"allow":["GET"]}}],"collection":[{"href":"https:\/\/laboklin.de\/de-ch\/wp-json\/wp\/v2\/pages"}],"about":[{"href":"https:\/\/laboklin.de\/de-ch\/wp-json\/wp\/v2\/types\/page"}],"author":[{"embeddable":true,"href":"https:\/\/laboklin.de\/de-ch\/wp-json\/wp\/v2\/users\/1"}],"replies":[{"embeddable":true,"href":"https:\/\/laboklin.de\/de-ch\/wp-json\/wp\/v2\/comments?post=1336100"}],"version-history":[{"count":1,"href":"https:\/\/laboklin.de\/de-ch\/wp-json\/wp\/v2\/pages\/1336100\/revisions"}],"predecessor-version":[{"id":1510702,"href":"https:\/\/laboklin.de\/de-ch\/wp-json\/wp\/v2\/pages\/1336100\/revisions\/1510702"}],"up":[{"embeddable":true,"href":"https:\/\/laboklin.de\/de-ch\/wp-json\/wp\/v2\/pages\/1332704"}],"wp:attachment":[{"href":"https:\/\/laboklin.de\/de-ch\/wp-json\/wp\/v2\/media?parent=1336100"}],"curies":[{"name":"wp","href":"https:\/\/api.w.org\/{rel}","templated":true}]}}