{"id":1336069,"date":"2020-10-16T11:36:27","date_gmt":"2020-10-16T09:36:27","guid":{"rendered":"https:\/\/laboklin.de\/leistungen\/genetik\/erbkrankheiten\/hund\/haemophilie-a-faktor-viii\/"},"modified":"2025-11-21T14:30:08","modified_gmt":"2025-11-21T13:30:08","slug":"haemophilie-a-faktor-viii-havaneser","status":"publish","type":"page","link":"https:\/\/laboklin.de\/de-ch\/leistungen\/genetik\/erbkrankheiten\/hund\/haemophilie-a-faktor-viii-havaneser\/","title":{"rendered":"H\u00e4mophilie A (Faktor VIII) (Havaneser)"},"content":{"rendered":"<h3 class=\"csc-firstHeader\">H\u00e4mophilie A (Faktor VIII) (Havaneser)<\/h3><p><span>LABOKLIN Leistungs-ID: 8232<\/span><\/p><p class=\"bodytext\">Die H\u00e4mophilie A geh\u00f6rt zu den wichtigsten vererbbaren Blutgerinnungsst\u00f6rungen in der Rasse Havaneser. Die Erkrankung ist auf einen Mangel oder eine reduzierte Aktivit\u00e4t des Faktors VIII zur\u00fcckzuf\u00fchren, der eine Schl\u00fcsselfunktion in der Blutgerinnungskaskade besitzt. Je nach Auspr\u00e4gung des Faktor-VIII-Mangels kommt es zu einer leichten bis schweren Blutungsneigung. Anzeichen einer H\u00e4mophilie sind gr\u00f6\u00dfere H\u00e4matome, Nasenbluten, Haut-, Muskel- und Gelenkblutungen. Schwere Verl\u00e4ufe nach gr\u00f6\u00dferen Verletzungen oder Operationen k\u00f6nnen ohne Therapie oder Prophylaxe t\u00f6dlich verlaufen. <\/p><table class=\"tx-laboklinleistung-table contenttable contenttable-2\" style=\"margin-top: 35px;\"><tr><td class=\"td-0\"><strong>Methode<\/strong><\/td><td class=\"td-1\"><p class=\"bodytext\">Fragmentl\u00e4ngenanalyse<\/p><\/td><\/tr><tr><td class=\"td-0\"><strong>Rasse<\/strong><\/td><td class=\"td-1\"><p class=\"bodytext\">Havaneser<\/p><\/td><\/tr><tr><td class=\"td-0\"><strong>Erbgang<\/strong><\/td><td class=\"td-1\"><p class=\"bodytext\">X-chromosomal-rezessiv<\/p><\/td><\/tr><tr><td class=\"td-0\"><strong>Dauer<\/strong><\/td><td class=\"td-1\"><p class=\"bodytext\">1 - 2 Wochen nach Erhalt der Probe<\/p><\/td><\/tr><\/table>\n","protected":false},"excerpt":{"rendered":"<p>Erfahren Sie, wie der H\u00e4mophilie-A-Gentest bei Havanesern hilft, Erbkrankheiten fr\u00fch zu erkennen und Zuchtentscheidungen zu optimieren.<\/p>\n","protected":false},"author":1,"featured_media":0,"parent":1332702,"menu_order":25,"comment_status":"closed","ping_status":"closed","template":"","meta":{"_seopress_robots_primary_cat":"","_seopress_titles_title":"","_seopress_titles_desc":"Erfahren Sie, wie der H\u00e4mophilie-A-Gentest bei Havanesern hilft, Erbkrankheiten fr\u00fch zu erkennen und Zuchtentscheidungen zu optimieren.","_seopress_robots_index":"","footnotes":""},"class_list":["post-1336069","page","type-page","status-publish","hentry","description-off"],"_links":{"self":[{"href":"https:\/\/laboklin.de\/de-ch\/wp-json\/wp\/v2\/pages\/1336069","targetHints":{"allow":["GET"]}}],"collection":[{"href":"https:\/\/laboklin.de\/de-ch\/wp-json\/wp\/v2\/pages"}],"about":[{"href":"https:\/\/laboklin.de\/de-ch\/wp-json\/wp\/v2\/types\/page"}],"author":[{"embeddable":true,"href":"https:\/\/laboklin.de\/de-ch\/wp-json\/wp\/v2\/users\/1"}],"replies":[{"embeddable":true,"href":"https:\/\/laboklin.de\/de-ch\/wp-json\/wp\/v2\/comments?post=1336069"}],"version-history":[{"count":3,"href":"https:\/\/laboklin.de\/de-ch\/wp-json\/wp\/v2\/pages\/1336069\/revisions"}],"predecessor-version":[{"id":1574155,"href":"https:\/\/laboklin.de\/de-ch\/wp-json\/wp\/v2\/pages\/1336069\/revisions\/1574155"}],"up":[{"embeddable":true,"href":"https:\/\/laboklin.de\/de-ch\/wp-json\/wp\/v2\/pages\/1332702"}],"wp:attachment":[{"href":"https:\/\/laboklin.de\/de-ch\/wp-json\/wp\/v2\/media?parent=1336069"}],"curies":[{"name":"wp","href":"https:\/\/api.w.org\/{rel}","templated":true}]}}