{"id":1336066,"date":"2020-10-16T11:36:27","date_gmt":"2020-10-16T09:36:27","guid":{"rendered":"https:\/\/laboklin.de\/leistungen\/haematologie-klin-chemie-endokrinologie\/endokrinologie-tumormarker\/parathormon-rp-parathormon-related-protein\/"},"modified":"2026-02-05T17:19:02","modified_gmt":"2026-02-05T16:19:02","slug":"parathormon-rp-parathormon-related-protein","status":"publish","type":"page","link":"https:\/\/laboklin.de\/de-ch\/leistungen\/haematologie-klin-chemie-endokrinologie\/endokrinologie-tumormarker\/parathormon-rp-parathormon-related-protein\/","title":{"rendered":"Parathormon-rP (Parathormon-related Protein)"},"content":{"rendered":"<div class=\"wpb-content-wrapper\"><p>[vc_row][vc_column][vc_column_text css=&#187;&#187;]<h3 class=\"csc-firstHeader\">Parathormon-rP (Parathormon-related Protein)*<\/h3><p><span>LABOKLIN Leistungs-ID: 1840<\/span><\/p><p class=\"bodytext\"><br><ul><li>Die Bestimmung der PTH-rP Konzentration ist derzeit leider <strong>nicht m\u00f6glich<\/strong>, da unsere Partnerlabore aufgrund von Lieferengp\u00e4ssen beim Testkithersteller aktuell keine Analysen durchf\u00fchren k\u00f6nnen. <\/li><li>Parathormon-rP (PTH-rP) ist ein hormon\u00e4hnliches Peptid, das strukturell dem Parathormon (PTH) \u00e4hnelt und calciumregulierende Wirkungen besitzt. Physiologisch ist es an Wachstum und fetaler Entwicklung beteiligt, pathologisch ist es v. a. relevant als Tumormarker bei paraneoplastischer Hypercalc\u00e4mie.<\/li><li>Es dient zur \u00dcberpr\u00fcfung auf PTH-rP sezernierende Tumore (insbesondere Lymphom und Analbeuteldr\u00fcsen-Karzinome) im Rahmen einer Hypercalc\u00e4mie-Abkl\u00e4rung.<\/li><\/ul><\/p><table class=\"tx-laboklinleistung-table contenttable contenttable-2\" style=\"margin-top: 35px;\"><tr><td class=\"td-0\"><strong>Material<\/strong><\/td><td class=\"td-1\"><p class=\"bodytext\">EDTA-Plasma 1 ml (sofort abzentrifugiert, abpipettiert und gek\u00fchlt)<\/p><\/td><\/tr><tr><td class=\"td-0\"><strong>Methode<\/strong><\/td><td class=\"td-1\"><p class=\"bodytext\">Immunradiometrischer Assay (IRMA)<\/p><\/td><\/tr><tr><td class=\"td-0\"><strong>Tierart(en)<\/strong><\/td><td class=\"td-1\"><p class=\"bodytext\">Hund, Katze<\/p><\/td><\/tr><tr><td class=\"td-0\"><strong>Dauer<\/strong><\/td><td class=\"td-1\"><p class=\"bodytext\">5-8 Arbeitstage<\/p><\/td><\/tr><tr><td class=\"td-0\"><strong>Anmerkung<\/strong><\/td><td class=\"td-1\"><p class=\"bodytext\"><ul><li>PTH-rP ist instabil im Probenmaterial \u2013 pr\u00e4analytische Anforderungen bitte beachten!<\/li><li>Diese Leistung wird <strong>nicht<\/strong> in der Schweiz angeboten.<\/li><\/ul><\/p><\/td><\/tr><\/table><\/p>\n<p>&nbsp;<\/p>\n<p>* Partnerlabor[\/vc_column_text][\/vc_column][\/vc_row]<\/p>\n<\/div>","protected":false},"excerpt":{"rendered":"<p>[vc_row][vc_column][vc_column_text css=&#187;&#187;] &nbsp; * Partnerlabor[\/vc_column_text][\/vc_column][\/vc_row]<\/p>\n","protected":false},"author":1,"featured_media":0,"parent":1332762,"menu_order":25,"comment_status":"closed","ping_status":"closed","template":"","meta":{"_seopress_robots_primary_cat":"","_seopress_titles_title":"","_seopress_titles_desc":"","_seopress_robots_index":"","footnotes":""},"class_list":["post-1336066","page","type-page","status-publish","hentry","description-off"],"_links":{"self":[{"href":"https:\/\/laboklin.de\/de-ch\/wp-json\/wp\/v2\/pages\/1336066","targetHints":{"allow":["GET"]}}],"collection":[{"href":"https:\/\/laboklin.de\/de-ch\/wp-json\/wp\/v2\/pages"}],"about":[{"href":"https:\/\/laboklin.de\/de-ch\/wp-json\/wp\/v2\/types\/page"}],"author":[{"embeddable":true,"href":"https:\/\/laboklin.de\/de-ch\/wp-json\/wp\/v2\/users\/1"}],"replies":[{"embeddable":true,"href":"https:\/\/laboklin.de\/de-ch\/wp-json\/wp\/v2\/comments?post=1336066"}],"version-history":[{"count":3,"href":"https:\/\/laboklin.de\/de-ch\/wp-json\/wp\/v2\/pages\/1336066\/revisions"}],"predecessor-version":[{"id":1586799,"href":"https:\/\/laboklin.de\/de-ch\/wp-json\/wp\/v2\/pages\/1336066\/revisions\/1586799"}],"up":[{"embeddable":true,"href":"https:\/\/laboklin.de\/de-ch\/wp-json\/wp\/v2\/pages\/1332762"}],"wp:attachment":[{"href":"https:\/\/laboklin.de\/de-ch\/wp-json\/wp\/v2\/media?parent=1336066"}],"curies":[{"name":"wp","href":"https:\/\/api.w.org\/{rel}","templated":true}]}}