{"id":1336018,"date":"2020-10-16T11:36:27","date_gmt":"2020-10-16T09:36:27","guid":{"rendered":"https:\/\/laboklin.de\/leistungen\/genetik\/fellfarbe-haarstruktur\/hund\/saddle-tan\/"},"modified":"2025-02-25T13:09:41","modified_gmt":"2025-02-25T12:09:41","slug":"saddle-tan","status":"publish","type":"page","link":"https:\/\/laboklin.de\/de-ch\/leistungen\/genetik\/fellfarbe-haarstruktur\/hund\/saddle-tan\/","title":{"rendered":"Saddle-tan"},"content":{"rendered":"<h3 class=\"csc-firstHeader\">Saddle-tan<\/h3><p><span>LABOKLIN Leistungs-ID: 8307<\/span><\/p><p class=\"bodytext\">Das at-Allel am A-Lokus ist f\u00fcr die grunds\u00e4tzliche Auspr\u00e4gung von Tan-Abzeichen verantwortlich. Diese k\u00f6nnen in einigen Rassen verschieden ausfallen. Gro\u00dfe Eumelanin-Fl\u00e4chen mit kleinen, klar abgetrennten Tan-Abzeichen werden als black&tan bezeichnet. Der umgekehrte Fall wird Saddle-tan genannt, da hier der Eumelanin-Bereich wie ein Sattel auf dem R\u00fccken des Tieres liegt. <br \/>\r\nF\u00fcr Welsh Corgi und Basset Hound kann dieser Unterschied \u00fcber einen Gentest erfasst werden. Bei diesen Rassen ist das Allel f\u00fcr Saddle-tan \u00fcber die Duplikation, die f\u00fcr Black&tan verantwortlich ist, dominant. Saddle-tan Hunde k\u00f6nnen somit die Genotypen St\/St oder St\/bt besitzen, black&tan-farbene Hunde sind immer bt\/bt.<\/p><table class=\"tx-laboklinleistung-table contenttable contenttable-2\" style=\"margin-top: 35px;\"><tr><td class=\"td-0\"><strong>Methode<\/strong><\/td><td class=\"td-1\"><p class=\"bodytext\">Sequenzierung<\/p><\/td><\/tr><tr><td class=\"td-0\"><strong>Rasse<\/strong><\/td><td class=\"td-1\"><p class=\"bodytext\">Basset Hound, Cardigan Welsh Corgi, Pembroke Welsh Corgi, Welsh Corgi (Cardigan\/Pembroke)<\/p><\/td><\/tr><tr><td class=\"td-0\"><strong>Erbgang<\/strong><\/td><td class=\"td-1\"><p class=\"bodytext\">Allelische Reihe: St dominant \u00fcber bt<\/p><\/td><\/tr><tr><td class=\"td-0\"><strong>Dauer<\/strong><\/td><td class=\"td-1\"><p class=\"bodytext\">1 - 2 Wochen nach Erhalt der Probe<\/p><\/td><\/tr><\/table>\n","protected":false},"excerpt":{"rendered":"<p>Saddle-tanLABOKLIN Leistungs-ID: 8307Das at-Allel am A-Lokus ist f\u00fcr die grunds\u00e4tzliche Auspr\u00e4gung von Tan-Abzeichen verantwortlich. Diese k\u00f6nnen in einigen Rassen verschieden ausfallen. Gro\u00dfe Eumelanin-Fl\u00e4chen mit kleinen, klar abgetrennten Tan-Abzeichen werden als black&#038;tan bezeichnet. Der umgekehrte Fall wird Saddle-tan genannt, da hier der Eumelanin-Bereich wie ein Sattel auf dem R\u00fccken des Tieres liegt. F\u00fcr Welsh Corgi und&hellip;<\/p>\n","protected":false},"author":1,"featured_media":0,"parent":1332718,"menu_order":22,"comment_status":"closed","ping_status":"closed","template":"","meta":{"_seopress_robots_primary_cat":"","_seopress_titles_title":"","_seopress_titles_desc":"","_seopress_robots_index":"","footnotes":""},"class_list":["post-1336018","page","type-page","status-publish","hentry","description-off"],"_links":{"self":[{"href":"https:\/\/laboklin.de\/de-ch\/wp-json\/wp\/v2\/pages\/1336018","targetHints":{"allow":["GET"]}}],"collection":[{"href":"https:\/\/laboklin.de\/de-ch\/wp-json\/wp\/v2\/pages"}],"about":[{"href":"https:\/\/laboklin.de\/de-ch\/wp-json\/wp\/v2\/types\/page"}],"author":[{"embeddable":true,"href":"https:\/\/laboklin.de\/de-ch\/wp-json\/wp\/v2\/users\/1"}],"replies":[{"embeddable":true,"href":"https:\/\/laboklin.de\/de-ch\/wp-json\/wp\/v2\/comments?post=1336018"}],"version-history":[{"count":1,"href":"https:\/\/laboklin.de\/de-ch\/wp-json\/wp\/v2\/pages\/1336018\/revisions"}],"predecessor-version":[{"id":1510822,"href":"https:\/\/laboklin.de\/de-ch\/wp-json\/wp\/v2\/pages\/1336018\/revisions\/1510822"}],"up":[{"embeddable":true,"href":"https:\/\/laboklin.de\/de-ch\/wp-json\/wp\/v2\/pages\/1332718"}],"wp:attachment":[{"href":"https:\/\/laboklin.de\/de-ch\/wp-json\/wp\/v2\/media?parent=1336018"}],"curies":[{"name":"wp","href":"https:\/\/api.w.org\/{rel}","templated":true}]}}