{"id":1335992,"date":"2020-10-16T11:36:27","date_gmt":"2020-10-16T09:36:27","guid":{"rendered":"https:\/\/laboklin.de\/leistungen\/genetik\/fellfarbe-haarstruktur\/hund\/haarlaenge-ii-kurzhaar-langhaar\/"},"modified":"2025-02-25T13:05:20","modified_gmt":"2025-02-25T12:05:20","slug":"haarlaenge-ii-kurzhaar-langhaar","status":"publish","type":"page","link":"https:\/\/laboklin.de\/de-ch\/leistungen\/genetik\/fellfarbe-haarstruktur\/hund\/haarlaenge-ii-kurzhaar-langhaar\/","title":{"rendered":"Haarl\u00e4nge II (Kurzhaar\/Langhaar)"},"content":{"rendered":"<h3 class=\"csc-firstHeader\">Haarl\u00e4nge II (Kurzhaar\/Langhaar)<\/h3><p><span>LABOKLIN Leistungs-ID: 8397<\/span><\/p><p class=\"bodytext\">Eine Besonderheit bei manchen Rassen wie Welsh Corgi, Deutscher Sch\u00e4ferhund, Collie, Border Collie und Dackel ist die Tatsache, dass bei ihnen die Haarl\u00e4nge nur durch ein Gen codiert wird, n\u00e4mlich durch FGF5. Dabei wird die Anlage f\u00fcr Kurzhaar (L) dominant \u00fcber das Langhaar (l) vererbt. Ein Hund mit je einer Kopie des Kurzhaar- und Langhaar-Gens hat demnach ein kurzes Fell. Erst wenn ein Hund beide Anlagen f\u00fcr langhaarig (ll) tr\u00e4gt, kommt die Langhaarigkeit hervor. Es ist demnach m\u00f6glich, dass ein Hund das Gen f\u00fcr Langhaarigkeit in sich tr\u00e4gt, ohne dass es \u00e4u\u00dferlich (ph\u00e4notypisch) erkennbar ist. Dennoch kann er\/sie das Langhaar-Gen zu 50 % an seine\/ihre Nachkommen weitervererben. Bei der Verpaarung von zwei Langhaar-Anlagetr\u00e4gern miteinander, k\u00f6nnen 25 % der Nachkommen langhaarig werden. Durch DNA-Tests k\u00f6nnen Anlagetr\u00e4ger (Ll) sicher von reinerbig kurzhaarigen (LL) Tieren unterschieden werden. <br \/>\r\nBei diesen Rassen sollte der Test auf Haarl\u00e4nge II zus\u00e4tzlich zum Test Haarl\u00e4nge I durchgef\u00fchrt werden.<\/p><table class=\"tx-laboklinleistung-table contenttable contenttable-2\" style=\"margin-top: 35px;\"><tr><td class=\"td-0\"><strong>Methode<\/strong><\/td><td class=\"td-1\"><p class=\"bodytext\">Sequenzierung<\/p><\/td><\/tr><tr><td class=\"td-0\"><strong>Rasse<\/strong><\/td><td class=\"td-1\"><p class=\"bodytext\">Afghanischer Windhund, Akita, Alaskan Malamute, Amerikanischer Akita, Chow Chow, Eurasier, Franz\u00f6sische Bulldogge, Prager Rattler, Saluki, Samojede, Shar Pei, Shiba, Siberian Husky<\/p><\/td><\/tr><tr><td class=\"td-0\"><strong>Erbgang<\/strong><\/td><td class=\"td-1\"><p class=\"bodytext\">autosomal-rezessiv<\/p><\/td><\/tr><tr><td class=\"td-0\"><strong>Dauer<\/strong><\/td><td class=\"td-1\"><p class=\"bodytext\">1 - 2 Wochen nach Erhalt der Probe<\/p><\/td><\/tr><tr><td class=\"td-0\"><strong>Anmerkung<\/strong><\/td><td class=\"td-1\"><p class=\"bodytext\">Bei diesen Rassen sollte dieser Test zus\u00e4tzlich zum Test Haarl\u00e4nge I durchgef\u00fchrt werden.<\/p><\/td><\/tr><\/table>\n","protected":false},"excerpt":{"rendered":"<p>Haarl\u00e4nge II (Kurzhaar\/Langhaar)LABOKLIN Leistungs-ID: 8397Eine Besonderheit bei manchen Rassen wie Welsh Corgi, Deutscher Sch\u00e4ferhund, Collie, Border Collie und Dackel ist die Tatsache, dass bei ihnen die Haarl\u00e4nge nur durch ein Gen codiert wird, n\u00e4mlich durch FGF5. Dabei wird die Anlage f\u00fcr Kurzhaar (L) dominant \u00fcber das Langhaar (l) vererbt. Ein Hund mit je einer Kopie&hellip;<\/p>\n","protected":false},"author":1,"featured_media":0,"parent":1332718,"menu_order":21,"comment_status":"closed","ping_status":"closed","template":"","meta":{"_seopress_robots_primary_cat":"","_seopress_titles_title":"","_seopress_titles_desc":"","_seopress_robots_index":"","footnotes":""},"class_list":["post-1335992","page","type-page","status-publish","hentry","description-off"],"_links":{"self":[{"href":"https:\/\/laboklin.de\/de-ch\/wp-json\/wp\/v2\/pages\/1335992","targetHints":{"allow":["GET"]}}],"collection":[{"href":"https:\/\/laboklin.de\/de-ch\/wp-json\/wp\/v2\/pages"}],"about":[{"href":"https:\/\/laboklin.de\/de-ch\/wp-json\/wp\/v2\/types\/page"}],"author":[{"embeddable":true,"href":"https:\/\/laboklin.de\/de-ch\/wp-json\/wp\/v2\/users\/1"}],"replies":[{"embeddable":true,"href":"https:\/\/laboklin.de\/de-ch\/wp-json\/wp\/v2\/comments?post=1335992"}],"version-history":[{"count":1,"href":"https:\/\/laboklin.de\/de-ch\/wp-json\/wp\/v2\/pages\/1335992\/revisions"}],"predecessor-version":[{"id":1488631,"href":"https:\/\/laboklin.de\/de-ch\/wp-json\/wp\/v2\/pages\/1335992\/revisions\/1488631"}],"up":[{"embeddable":true,"href":"https:\/\/laboklin.de\/de-ch\/wp-json\/wp\/v2\/pages\/1332718"}],"wp:attachment":[{"href":"https:\/\/laboklin.de\/de-ch\/wp-json\/wp\/v2\/media?parent=1335992"}],"curies":[{"name":"wp","href":"https:\/\/api.w.org\/{rel}","templated":true}]}}