{"id":1335982,"date":"2020-10-16T11:36:27","date_gmt":"2020-10-16T09:36:27","guid":{"rendered":"https:\/\/laboklin.de\/leistungen\/haematologie-klin-chemie-endokrinologie\/klinisch-chemische-parameter\/substrate\/lactat\/"},"modified":"2025-01-28T12:59:32","modified_gmt":"2025-01-28T11:59:32","slug":"lactat","status":"publish","type":"page","link":"https:\/\/laboklin.de\/de-ch\/leistungen\/haematologie-klin-chemie-endokrinologie\/klinisch-chemische-parameter\/substrate\/lactat\/","title":{"rendered":"Lactat"},"content":{"rendered":"<h3 class=\"csc-firstHeader\">Lactat<\/h3><p><span>LABOKLIN Leistungs-ID: 24<\/span><\/p><p class=\"bodytext\"><br>Lactat entsteht beim anaeroben Abbau von Glucose. Folgende Ursachen k\u00f6nnen f\u00fcr erh\u00f6hte Lactatkonzentrationen verantwortlich sein: vermehrte Bildung durch erh\u00f6hte Glucoseaufnahme oder verst\u00e4rkte Glycogenolyse (z.B. Diabetes mellitus), gest\u00f6rte Metabolisierung (hypovol\u00e4mischer, kardiovaskul\u00e4rer oder neurogener Schock) und verst\u00e4rkte Bildung durch Sauerstoffmangel im Gewebe (Trainingszustand, Lactaterh\u00f6hung bei unreifen Neugeborenen).<\/p><table class=\"tx-laboklinleistung-table contenttable contenttable-2\" style=\"margin-top: 35px;\"><tr><td class=\"td-0\"><strong>Material<\/strong><\/td><td class=\"td-1\"><p class=\"bodytext\">Natrium-Fluorid-Blut 0,5 ml<\/p><\/td><\/tr><tr><td class=\"td-0\"><strong>Methode<\/strong><\/td><td class=\"td-1\"><p class=\"bodytext\">Photometrie<\/p><\/td><\/tr><tr><td class=\"td-0\"><strong>Dauer<\/strong><\/td><td class=\"td-1\"><p class=\"bodytext\">Befund\u00fcbermittlung am Tag des Probeneingangs (Mo.\u2013Sa.)<\/p><\/td><\/tr><\/table>\n","protected":false},"excerpt":{"rendered":"<p>LactatLABOKLIN Leistungs-ID: 24Lactat entsteht beim anaeroben Abbau von Glucose. Folgende Ursachen k\u00f6nnen f\u00fcr erh\u00f6hte Lactatkonzentrationen verantwortlich sein: vermehrte Bildung durch erh\u00f6hte Glucoseaufnahme oder verst\u00e4rkte Glycogenolyse (z.B. Diabetes mellitus), gest\u00f6rte Metabolisierung (hypovol\u00e4mischer, kardiovaskul\u00e4rer oder neurogener Schock) und verst\u00e4rkte Bildung durch Sauerstoffmangel im Gewebe (Trainingszustand, Lactaterh\u00f6hung bei unreifen Neugeborenen).MaterialNatrium-Fluorid-Blut 0,5 mlMethodePhotometrieDauerBefund\u00fcbermittlung am Tag des Probeneingangs (Mo.\u2013Sa.)<\/p>\n","protected":false},"author":1,"featured_media":0,"parent":1332895,"menu_order":21,"comment_status":"closed","ping_status":"closed","template":"","meta":{"_seopress_robots_primary_cat":"","_seopress_titles_title":"","_seopress_titles_desc":"","_seopress_robots_index":"","footnotes":""},"class_list":["post-1335982","page","type-page","status-publish","hentry","description-off"],"_links":{"self":[{"href":"https:\/\/laboklin.de\/de-ch\/wp-json\/wp\/v2\/pages\/1335982","targetHints":{"allow":["GET"]}}],"collection":[{"href":"https:\/\/laboklin.de\/de-ch\/wp-json\/wp\/v2\/pages"}],"about":[{"href":"https:\/\/laboklin.de\/de-ch\/wp-json\/wp\/v2\/types\/page"}],"author":[{"embeddable":true,"href":"https:\/\/laboklin.de\/de-ch\/wp-json\/wp\/v2\/users\/1"}],"replies":[{"embeddable":true,"href":"https:\/\/laboklin.de\/de-ch\/wp-json\/wp\/v2\/comments?post=1335982"}],"version-history":[{"count":1,"href":"https:\/\/laboklin.de\/de-ch\/wp-json\/wp\/v2\/pages\/1335982\/revisions"}],"predecessor-version":[{"id":1504339,"href":"https:\/\/laboklin.de\/de-ch\/wp-json\/wp\/v2\/pages\/1335982\/revisions\/1504339"}],"up":[{"embeddable":true,"href":"https:\/\/laboklin.de\/de-ch\/wp-json\/wp\/v2\/pages\/1332895"}],"wp:attachment":[{"href":"https:\/\/laboklin.de\/de-ch\/wp-json\/wp\/v2\/media?parent=1335982"}],"curies":[{"name":"wp","href":"https:\/\/api.w.org\/{rel}","templated":true}]}}