{"id":1335968,"date":"2020-10-16T11:36:27","date_gmt":"2020-10-16T09:36:27","guid":{"rendered":"https:\/\/laboklin.de\/leistungen\/genetik\/fellfarbe-haarstruktur\/pferd\/tobiano\/"},"modified":"2025-02-25T13:35:38","modified_gmt":"2025-02-25T12:35:38","slug":"tobiano","status":"publish","type":"page","link":"https:\/\/laboklin.de\/de-ch\/leistungen\/genetik\/fellfarbe-haarstruktur\/pferd\/tobiano\/","title":{"rendered":"Tobiano"},"content":{"rendered":"<h3 class=\"csc-firstHeader\">Tobiano<\/h3><p><span>LABOKLIN Leistungs-ID: 8130<\/span><\/p><p class=\"bodytext\">Als Tobiano wird eines der h\u00e4ufigsten Scheckungsmuster bei Hauspferden bezeichnet. Die Flecken dieser Pferde haben glatte R\u00e4nder und eine klare Abgrenzung, die Augenfarbe ist meist dunkel. Tobianos haben meist wei\u00dfe F\u00fc\u00dfe oder noch ausgepr\u00e4gtere Beinabzeichen, die Kopfabzeichen sind vergleichbar zu Pferden ohne Tobiano-F\u00e4rbung. Die wei\u00dfen Flecken \u00fcberqueren gew\u00f6hnlich an mindestens einer Stelle die R\u00fcckenlinie, jedoch ist die Auspr\u00e4gung der Plattenscheckung ist sehr variabel. Die Tobianoscheckung folgt einem dominanten Erbgang. Das Pferd pr\u00e4gt daher die Tobianoscheckung aus, wenn es reinerbig (homozygot) Tob\/Tob ist, aber auch wenn es mischerbig (heterozygot) N\/Tob ist. <\/p><table class=\"tx-laboklinleistung-table contenttable contenttable-2\" style=\"margin-top: 35px;\"><tr><td class=\"td-0\"><strong>Methode<\/strong><\/td><td class=\"td-1\"><p class=\"bodytext\">Fragmentl\u00e4ngenanalyse<\/p><\/td><\/tr><tr><td class=\"td-0\"><strong>Dauer<\/strong><\/td><td class=\"td-1\"><p class=\"bodytext\">1 - 2 Wochen nach Erhalt der Probe<\/p><\/td><\/tr><\/table>\n","protected":false},"excerpt":{"rendered":"<p>TobianoLABOKLIN Leistungs-ID: 8130Als Tobiano wird eines der h\u00e4ufigsten Scheckungsmuster bei Hauspferden bezeichnet. Die Flecken dieser Pferde haben glatte R\u00e4nder und eine klare Abgrenzung, die Augenfarbe ist meist dunkel. Tobianos haben meist wei\u00dfe F\u00fc\u00dfe oder noch ausgepr\u00e4gtere Beinabzeichen, die Kopfabzeichen sind vergleichbar zu Pferden ohne Tobiano-F\u00e4rbung. Die wei\u00dfen Flecken \u00fcberqueren gew\u00f6hnlich an mindestens einer Stelle die&hellip;<\/p>\n","protected":false},"author":1,"featured_media":0,"parent":1332723,"menu_order":20,"comment_status":"closed","ping_status":"closed","template":"","meta":{"_seopress_robots_primary_cat":"","_seopress_titles_title":"","_seopress_titles_desc":"","_seopress_robots_index":"","footnotes":""},"class_list":["post-1335968","page","type-page","status-publish","hentry","description-off"],"_links":{"self":[{"href":"https:\/\/laboklin.de\/de-ch\/wp-json\/wp\/v2\/pages\/1335968","targetHints":{"allow":["GET"]}}],"collection":[{"href":"https:\/\/laboklin.de\/de-ch\/wp-json\/wp\/v2\/pages"}],"about":[{"href":"https:\/\/laboklin.de\/de-ch\/wp-json\/wp\/v2\/types\/page"}],"author":[{"embeddable":true,"href":"https:\/\/laboklin.de\/de-ch\/wp-json\/wp\/v2\/users\/1"}],"replies":[{"embeddable":true,"href":"https:\/\/laboklin.de\/de-ch\/wp-json\/wp\/v2\/comments?post=1335968"}],"version-history":[{"count":1,"href":"https:\/\/laboklin.de\/de-ch\/wp-json\/wp\/v2\/pages\/1335968\/revisions"}],"predecessor-version":[{"id":1510939,"href":"https:\/\/laboklin.de\/de-ch\/wp-json\/wp\/v2\/pages\/1335968\/revisions\/1510939"}],"up":[{"embeddable":true,"href":"https:\/\/laboklin.de\/de-ch\/wp-json\/wp\/v2\/pages\/1332723"}],"wp:attachment":[{"href":"https:\/\/laboklin.de\/de-ch\/wp-json\/wp\/v2\/media?parent=1335968"}],"curies":[{"name":"wp","href":"https:\/\/api.w.org\/{rel}","templated":true}]}}