{"id":1335965,"date":"2020-10-16T11:36:27","date_gmt":"2020-10-16T09:36:27","guid":{"rendered":"https:\/\/laboklin.de\/leistungen\/genetik\/fellfarbe-haarstruktur\/hund\/b-lokus-seltene-varianten-b4-be-bh\/"},"modified":"2025-02-25T12:56:33","modified_gmt":"2025-02-25T11:56:33","slug":"b-lokus-seltene-varianten-b4-be-bh","status":"publish","type":"page","link":"https:\/\/laboklin.de\/de-ch\/leistungen\/genetik\/fellfarbe-haarstruktur\/hund\/b-lokus-seltene-varianten-b4-be-bh\/","title":{"rendered":"B-Lokus (seltene Varianten b4, be, bh)"},"content":{"rendered":"<h3 class=\"csc-firstHeader\">B-Lokus (seltene Varianten b4, be, bh)<\/h3><p><span>LABOKLIN Leistungs-ID: 8639<\/span><\/p><p class=\"bodytext\">Die braune Fellfarbe wird vom TRP1-Gen am B-Lokus bestimmt. Zwei Allelformen sind m\u00f6glich: B (dominant) ist verantwortlich f\u00fcr die Grundfarbe, b (rezessiv) verursacht die Fellfarbe Braun. Zwei Kopien des rezessiven b-Allels sind n\u00f6tig, um Schwarz zu Braun aufzuhellen. Bei gelben Hunden hat b keine Auswirkung auf die Fellfarbe, jedoch \u00e4ndert sich die Farbe der Nase und der Fu\u00dfballen von Schwarz zu Braun, wenn b homozygot vorliegt. Neben den bei allen Rassen vorkommenden Varianten bc, bd und bs gibt es seltener bei den Rassen Australian Shepherd und Miniature American Shepherd eine urs\u00e4chliche Variante b4 sowie beim Lancashire Heeler eine urs\u00e4chliche Variante be und beim Husky eine urs\u00e4chliche Variante bh.<\/p><table class=\"tx-laboklinleistung-table contenttable contenttable-2\" style=\"margin-top: 35px;\"><tr><td class=\"td-0\"><strong>Methode<\/strong><\/td><td class=\"td-1\"><p class=\"bodytext\">TaqMan SNP Assay (Australian Shepherd, Miniature American Shepherd) bzw. Sequenzierung (Lancashire Heeler, Husky)<\/p><\/td><\/tr><tr><td class=\"td-0\"><strong>Rasse<\/strong><\/td><td class=\"td-1\"><p class=\"bodytext\">Australian Shepherd, Lancashire Heeler, Miniature American Shepherd, Siberian Husky<\/p><\/td><\/tr><tr><td class=\"td-0\"><strong>Erbgang<\/strong><\/td><td class=\"td-1\"><p class=\"bodytext\">siehe Text<\/p><\/td><\/tr><tr><td class=\"td-0\"><strong>Dauer<\/strong><\/td><td class=\"td-1\"><p class=\"bodytext\">3 - 5 Werktage (Australian Shepherd, Miniature American Shepherd) bzw. 1 - 2 Wochen (Lancashire Heeler, Husky) nach Erhalt der Probe<\/p><\/td><\/tr><\/table>\n","protected":false},"excerpt":{"rendered":"<p>B-Lokus (seltene Varianten b4, be, bh)LABOKLIN Leistungs-ID: 8639Die braune Fellfarbe wird vom TRP1-Gen am B-Lokus bestimmt. Zwei Allelformen sind m\u00f6glich: B (dominant) ist verantwortlich f\u00fcr die Grundfarbe, b (rezessiv) verursacht die Fellfarbe Braun. Zwei Kopien des rezessiven b-Allels sind n\u00f6tig, um Schwarz zu Braun aufzuhellen. Bei gelben Hunden hat b keine Auswirkung auf die Fellfarbe,&hellip;<\/p>\n","protected":false},"author":1,"featured_media":0,"parent":1332718,"menu_order":20,"comment_status":"closed","ping_status":"closed","template":"","meta":{"_seopress_robots_primary_cat":"","_seopress_titles_title":"","_seopress_titles_desc":"","_seopress_robots_index":"","footnotes":""},"class_list":["post-1335965","page","type-page","status-publish","hentry","description-off"],"_links":{"self":[{"href":"https:\/\/laboklin.de\/de-ch\/wp-json\/wp\/v2\/pages\/1335965","targetHints":{"allow":["GET"]}}],"collection":[{"href":"https:\/\/laboklin.de\/de-ch\/wp-json\/wp\/v2\/pages"}],"about":[{"href":"https:\/\/laboklin.de\/de-ch\/wp-json\/wp\/v2\/types\/page"}],"author":[{"embeddable":true,"href":"https:\/\/laboklin.de\/de-ch\/wp-json\/wp\/v2\/users\/1"}],"replies":[{"embeddable":true,"href":"https:\/\/laboklin.de\/de-ch\/wp-json\/wp\/v2\/comments?post=1335965"}],"version-history":[{"count":1,"href":"https:\/\/laboklin.de\/de-ch\/wp-json\/wp\/v2\/pages\/1335965\/revisions"}],"predecessor-version":[{"id":1335966,"href":"https:\/\/laboklin.de\/de-ch\/wp-json\/wp\/v2\/pages\/1335965\/revisions\/1335966"}],"up":[{"embeddable":true,"href":"https:\/\/laboklin.de\/de-ch\/wp-json\/wp\/v2\/pages\/1332718"}],"wp:attachment":[{"href":"https:\/\/laboklin.de\/de-ch\/wp-json\/wp\/v2\/media?parent=1335965"}],"curies":[{"name":"wp","href":"https:\/\/api.w.org\/{rel}","templated":true}]}}