{"id":1335963,"date":"2020-10-16T11:36:27","date_gmt":"2020-10-16T09:36:27","guid":{"rendered":"https:\/\/laboklin.de\/leistungen\/genetik\/erbkrankheiten\/pferd\/androgeninsensitivitaetssyndrom-ais\/"},"modified":"2025-02-25T12:29:06","modified_gmt":"2025-02-25T11:29:06","slug":"androgeninsensitivitaetssyndrom-ar1","status":"publish","type":"page","link":"https:\/\/laboklin.de\/de-ch\/leistungen\/genetik\/erbkrankheiten\/pferd\/androgeninsensitivitaetssyndrom-ar1\/","title":{"rendered":"Androgeninsensitivit\u00e4tssyndrom (AR1)"},"content":{"rendered":"<h3 class=\"csc-firstHeader\">Androgeninsensitivit\u00e4tssyndrom (AR1) <\/h3><p><span>LABOKLIN Leistungs-ID: 8248<\/span><\/p><p class=\"bodytext\">Das Geschlecht bei S\u00e4ugetieren wird durch die Chromosomen X und Y bestimmt. Sie sind verantwortlich f\u00fcr zahlreiche Faktoren, die f\u00fcr die Auspr\u00e4gung der Geschlechtsmerkmale bestimmend sind. Die Rolle von Androgenen ist von entscheidender Bedeutung f\u00fcr die normale m\u00e4nnliche Geschlechtsdifferenzierung. Die intrazellul\u00e4re androgene Wirkung wird durch den Androgen-Rezeptor (AR) vermittelt. Wenn seine Funktion beeintr\u00e4chtigt ist, kann die K\u00f6rperzelle nicht auf das Androgen reagieren. Dies f\u00fchrt dies zu einer Vielzahl von Syndromen mit schweren klinischen Konsequenzen, insbesondere dem Androgeninsensitivit\u00e4tssyndrom (AIS): XY- (genetisch m\u00e4nnliche) Pferden zeigen einen weiblichen Ph\u00e4notyp (weibliche \u00e4u\u00dferen Genitalien) und haben innenliegende Hoden. Diese Pferde zeigen h\u00e4ufig Hengstmanieren, sind aber nicht fortpflanzungsf\u00e4hig. <\/p><table class=\"tx-laboklinleistung-table contenttable contenttable-2\" style=\"margin-top: 35px;\"><tr><td class=\"td-0\"><strong>Methode<\/strong><\/td><td class=\"td-1\"><p class=\"bodytext\">Sequenzierung<\/p><\/td><\/tr><tr><td class=\"td-0\"><strong>Rasse<\/strong><\/td><td class=\"td-1\"><p class=\"bodytext\">Quarab, Quarter Horse, Quarter Pony<\/p><\/td><\/tr><tr><td class=\"td-0\"><strong>Erbgang<\/strong><\/td><td class=\"td-1\"><p class=\"bodytext\">X-chromosomal-rezessiv<\/p><\/td><\/tr><tr><td class=\"td-0\"><strong>Dauer<\/strong><\/td><td class=\"td-1\"><p class=\"bodytext\">1 - 2 Wochen nach Erhalt der Probe<\/p><\/td><\/tr><\/table>\n","protected":false},"excerpt":{"rendered":"<p>Androgeninsensitivit\u00e4tssyndrom (AR1) LABOKLIN Leistungs-ID: 8248Das Geschlecht bei S\u00e4ugetieren wird durch die Chromosomen X und Y bestimmt. Sie sind verantwortlich f\u00fcr zahlreiche Faktoren, die f\u00fcr die Auspr\u00e4gung der Geschlechtsmerkmale bestimmend sind. Die Rolle von Androgenen ist von entscheidender Bedeutung f\u00fcr die normale m\u00e4nnliche Geschlechtsdifferenzierung. Die intrazellul\u00e4re androgene Wirkung wird durch den Androgen-Rezeptor (AR) vermittelt. Wenn seine&hellip;<\/p>\n","protected":false},"author":1,"featured_media":0,"parent":1332709,"menu_order":20,"comment_status":"closed","ping_status":"closed","template":"","meta":{"_seopress_robots_primary_cat":"","_seopress_titles_title":"","_seopress_titles_desc":"","_seopress_robots_index":"","footnotes":""},"class_list":["post-1335963","page","type-page","status-publish","hentry","description-off"],"_links":{"self":[{"href":"https:\/\/laboklin.de\/de-ch\/wp-json\/wp\/v2\/pages\/1335963","targetHints":{"allow":["GET"]}}],"collection":[{"href":"https:\/\/laboklin.de\/de-ch\/wp-json\/wp\/v2\/pages"}],"about":[{"href":"https:\/\/laboklin.de\/de-ch\/wp-json\/wp\/v2\/types\/page"}],"author":[{"embeddable":true,"href":"https:\/\/laboklin.de\/de-ch\/wp-json\/wp\/v2\/users\/1"}],"replies":[{"embeddable":true,"href":"https:\/\/laboklin.de\/de-ch\/wp-json\/wp\/v2\/comments?post=1335963"}],"version-history":[{"count":1,"href":"https:\/\/laboklin.de\/de-ch\/wp-json\/wp\/v2\/pages\/1335963\/revisions"}],"predecessor-version":[{"id":1484818,"href":"https:\/\/laboklin.de\/de-ch\/wp-json\/wp\/v2\/pages\/1335963\/revisions\/1484818"}],"up":[{"embeddable":true,"href":"https:\/\/laboklin.de\/de-ch\/wp-json\/wp\/v2\/pages\/1332709"}],"wp:attachment":[{"href":"https:\/\/laboklin.de\/de-ch\/wp-json\/wp\/v2\/media?parent=1335963"}],"curies":[{"name":"wp","href":"https:\/\/api.w.org\/{rel}","templated":true}]}}