{"id":1335951,"date":"2021-02-01T16:39:06","date_gmt":"2021-02-01T15:39:06","guid":{"rendered":"https:\/\/laboklin.de\/leistungen\/genetik\/erbkrankheiten\/hund\/larynxparalyse-mit-polneurpathie-typ-3-lppn3\/"},"modified":"2025-02-17T09:17:21","modified_gmt":"2025-02-17T08:17:21","slug":"larynxparalyse-mit-polneurpathie-typ-3-lppn3","status":"publish","type":"page","link":"https:\/\/laboklin.de\/de-ch\/leistungen\/genetik\/erbkrankheiten\/hund\/larynxparalyse-mit-polneurpathie-typ-3-lppn3\/","title":{"rendered":"Larynxparalyse mit Polneurpathie Typ 3 (LPPN3)"},"content":{"rendered":"<h3 class=\"csc-firstHeader\">Larynxparalyse mit Polyneuropathie Typ 3 (LPPN3)<\/h3><p><span>LABOKLIN Leistungs-ID: 8685<\/span><\/p><p class=\"bodytext\">Von LPPN3 betroffene Hunde zeigen oft als erstes Symptom Atembeschwerden, die sich durch lautes und r\u00f6chelndes Atmen bemerkbar machen und bis zur Kehlkopfl\u00e4hmung f\u00fchren k\u00f6nnen. Weitere typische Symptome einer Polyneuropathie wie z.B. Gangst\u00f6rungen k\u00f6nnen hinzukommen. Neben dieser Mutation gibt es weitere urs\u00e4chliche Mutationen, die beim Leonberger zu den \u00e4hnlichen Erkrankungen LPN1 oder LPN2 f\u00fchren.<\/p><table class=\"tx-laboklinleistung-table contenttable contenttable-2\" style=\"margin-top: 35px;\"><tr><td class=\"td-0\"><strong>Methode<\/strong><\/td><td class=\"td-1\"><p class=\"bodytext\">TaqMan SNP Assay<\/p><\/td><\/tr><tr><td class=\"td-0\"><strong>Rasse<\/strong><\/td><td class=\"td-1\"><p class=\"bodytext\">Australian-Labradoodle (Cobberdog), Bernhardiner (St. Bernhardshund), Deutsche Dogge, Labradoodle, Labrador Retriever, Leonberger<\/p><\/td><\/tr><tr><td class=\"td-0\"><strong>Erbgang<\/strong><\/td><td class=\"td-1\"><p class=\"bodytext\">autosomal-rezessiv<\/p><\/td><\/tr><tr><td class=\"td-0\"><strong>Dauer<\/strong><\/td><td class=\"td-1\"><p class=\"bodytext\">3 - 5 Werktage nach Erhalt der Probe<\/p><\/td><\/tr><\/table>\n","protected":false},"excerpt":{"rendered":"<p>Larynxparalyse mit Polyneuropathie Typ 3 (LPPN3)LABOKLIN Leistungs-ID: 8685Von LPPN3 betroffene Hunde zeigen oft als erstes Symptom Atembeschwerden, die sich durch lautes und r\u00f6chelndes Atmen bemerkbar machen und bis zur Kehlkopfl\u00e4hmung f\u00fchren k\u00f6nnen. Weitere typische Symptome einer Polyneuropathie wie z.B. Gangst\u00f6rungen k\u00f6nnen hinzukommen. Neben dieser Mutation gibt es weitere urs\u00e4chliche Mutationen, die beim Leonberger zu den&hellip;<\/p>\n","protected":false},"author":1,"featured_media":0,"parent":1332702,"menu_order":20,"comment_status":"closed","ping_status":"closed","template":"","meta":{"_seopress_robots_primary_cat":"","_seopress_titles_title":"","_seopress_titles_desc":"","_seopress_robots_index":"","footnotes":""},"class_list":["post-1335951","page","type-page","status-publish","hentry","description-off"],"_links":{"self":[{"href":"https:\/\/laboklin.de\/de-ch\/wp-json\/wp\/v2\/pages\/1335951","targetHints":{"allow":["GET"]}}],"collection":[{"href":"https:\/\/laboklin.de\/de-ch\/wp-json\/wp\/v2\/pages"}],"about":[{"href":"https:\/\/laboklin.de\/de-ch\/wp-json\/wp\/v2\/types\/page"}],"author":[{"embeddable":true,"href":"https:\/\/laboklin.de\/de-ch\/wp-json\/wp\/v2\/users\/1"}],"replies":[{"embeddable":true,"href":"https:\/\/laboklin.de\/de-ch\/wp-json\/wp\/v2\/comments?post=1335951"}],"version-history":[{"count":1,"href":"https:\/\/laboklin.de\/de-ch\/wp-json\/wp\/v2\/pages\/1335951\/revisions"}],"predecessor-version":[{"id":1509079,"href":"https:\/\/laboklin.de\/de-ch\/wp-json\/wp\/v2\/pages\/1335951\/revisions\/1509079"}],"up":[{"embeddable":true,"href":"https:\/\/laboklin.de\/de-ch\/wp-json\/wp\/v2\/pages\/1332702"}],"wp:attachment":[{"href":"https:\/\/laboklin.de\/de-ch\/wp-json\/wp\/v2\/media?parent=1335951"}],"curies":[{"name":"wp","href":"https:\/\/api.w.org\/{rel}","templated":true}]}}