{"id":1335939,"date":"2020-10-16T11:36:27","date_gmt":"2020-10-16T09:36:27","guid":{"rendered":"https:\/\/laboklin.de\/leistungen\/genetik\/fellfarbe-haarstruktur\/pferd\/dun\/"},"modified":"2025-02-25T13:24:11","modified_gmt":"2025-02-25T12:24:11","slug":"dun","status":"publish","type":"page","link":"https:\/\/laboklin.de\/de-ch\/leistungen\/genetik\/fellfarbe-haarstruktur\/pferd\/dun\/","title":{"rendered":"Dun"},"content":{"rendered":"<h3 class=\"csc-firstHeader\">Dun<\/h3><p><span>LABOKLIN Leistungs-ID: 8227<\/span><\/p><p class=\"bodytext\">Das Dun-Gen ist ein dominantes Farbverd\u00fcnnungsgen, welches zum einen die Grundfarbe des Fells ver\u00e4ndert und zum anderen die sogenannten \u201eWildzeichnungen\u201c hervorruft. Dazu geh\u00f6ren der Aalstrich, die Zebrastreifen an den Beinen oder am Kopf (\u201eCobwebbing\u201c) und das Schulterkreuz. Der Aalstrich ist bei allen Dun-Pferden lebenslang zu sehen, die anderen Abzeichen k\u00f6nnen zus\u00e4tzlich auftreten. Der Effekt des Dun-Gens auf die Grundfarben Fuchs, Braun und Schwarz bringt eine Reihe verschiedener Farbschattierungen von Gold \u00fcber Dunkelgrau bis hin zu Olivfarben hervor. Dun wird unabh\u00e4ngig von den anderen Farbgenen vererbt und kann auch in Kombination mit anderen Genen auftreten, die die Grundfarbe beeinflussen. Es gibt drei Allele, die das Vorkommen der Dun-Aufhellung und der Wildzeichnungen beeinflussen: D (Dun-Aufhellung und Wildzeichnung), nd1 (nicht aufgehellt, Wildzeichnungen k\u00f6nnen in unterschiedlicher Auspr\u00e4gung vorkommen, z.B. der sog. Pseudo-Aalstrich) und nd2 (nicht aufgehellt, ohne Wildzeichnung). D ist dominant \u00fcber nd1 und nd2; nd1 ist dominant \u00fcber nd2.<\/p><table class=\"tx-laboklinleistung-table contenttable contenttable-2\" style=\"margin-top: 35px;\"><tr><td class=\"td-0\"><strong>Methode<\/strong><\/td><td class=\"td-1\"><p class=\"bodytext\">TaqMan SNP Assay und Fragmentl\u00e4ngenanalyse<\/p><\/td><\/tr><tr><td class=\"td-0\"><strong>Dauer<\/strong><\/td><td class=\"td-1\"><p class=\"bodytext\">1 - 2 Wochen nach Erhalt der Probe<\/p><\/td><\/tr><\/table>\n","protected":false},"excerpt":{"rendered":"<p>DunLABOKLIN Leistungs-ID: 8227Das Dun-Gen ist ein dominantes Farbverd\u00fcnnungsgen, welches zum einen die Grundfarbe des Fells ver\u00e4ndert und zum anderen die sogenannten \u201eWildzeichnungen\u201c hervorruft. Dazu geh\u00f6ren der Aalstrich, die Zebrastreifen an den Beinen oder am Kopf (\u201eCobwebbing\u201c) und das Schulterkreuz. Der Aalstrich ist bei allen Dun-Pferden lebenslang zu sehen, die anderen Abzeichen k\u00f6nnen zus\u00e4tzlich auftreten. Der&hellip;<\/p>\n","protected":false},"author":1,"featured_media":0,"parent":1332723,"menu_order":19,"comment_status":"closed","ping_status":"closed","template":"","meta":{"_seopress_robots_primary_cat":"","_seopress_titles_title":"","_seopress_titles_desc":"","_seopress_robots_index":"","footnotes":""},"class_list":["post-1335939","page","type-page","status-publish","hentry","description-off"],"_links":{"self":[{"href":"https:\/\/laboklin.de\/de-ch\/wp-json\/wp\/v2\/pages\/1335939","targetHints":{"allow":["GET"]}}],"collection":[{"href":"https:\/\/laboklin.de\/de-ch\/wp-json\/wp\/v2\/pages"}],"about":[{"href":"https:\/\/laboklin.de\/de-ch\/wp-json\/wp\/v2\/types\/page"}],"author":[{"embeddable":true,"href":"https:\/\/laboklin.de\/de-ch\/wp-json\/wp\/v2\/users\/1"}],"replies":[{"embeddable":true,"href":"https:\/\/laboklin.de\/de-ch\/wp-json\/wp\/v2\/comments?post=1335939"}],"version-history":[{"count":1,"href":"https:\/\/laboklin.de\/de-ch\/wp-json\/wp\/v2\/pages\/1335939\/revisions"}],"predecessor-version":[{"id":1510874,"href":"https:\/\/laboklin.de\/de-ch\/wp-json\/wp\/v2\/pages\/1335939\/revisions\/1510874"}],"up":[{"embeddable":true,"href":"https:\/\/laboklin.de\/de-ch\/wp-json\/wp\/v2\/pages\/1332723"}],"wp:attachment":[{"href":"https:\/\/laboklin.de\/de-ch\/wp-json\/wp\/v2\/media?parent=1335939"}],"curies":[{"name":"wp","href":"https:\/\/api.w.org\/{rel}","templated":true}]}}