{"id":1335905,"date":"2020-10-16T11:36:27","date_gmt":"2020-10-16T09:36:27","guid":{"rendered":"https:\/\/laboklin.de\/leistungen\/genetik\/fellfarbe-haarstruktur\/pferd\/gq-santana-dominant-white-w10\/"},"modified":"2025-02-25T13:23:40","modified_gmt":"2025-02-25T12:23:40","slug":"dominant-white-w5-w10-w13-w20-w22","status":"publish","type":"page","link":"https:\/\/laboklin.de\/de-ch\/leistungen\/genetik\/fellfarbe-haarstruktur\/pferd\/dominant-white-w5-w10-w13-w20-w22\/","title":{"rendered":"Dominant white W5, W10, W13, W20, W22*"},"content":{"rendered":"<h3 class=\"csc-firstHeader\">Dominant white W5, W10, W13, W20, W22*<\/h3><p><span>LABOKLIN Leistungs-ID: 8422<\/span><\/p><p class=\"bodytext\">Alle Pferde mit dieser Farbe gehen zur\u00fcck auf den Hengst \u201eGQ Santana\u201d, der im Jahr 2000 in den USA geboren wurde. Er war ein bekannter Deckhengst in der AQHA und der APHA. W10 wird dominant vererbt, d. h. alle Pferde, die diese Genmutation tragen haben mehr oder weniger wei\u00dfe Abzeichen. Pferde mit der W10-Mutation im KIT-Gen haben an den Stellen, an denen die Haare wei\u00df sind, rosa Haut. Die Augen sind normal pigmentiert, selten auch blau. Mit dem Gentest kann der Z\u00fcchter, der diese Farbe z\u00fcchten m\u00f6chte, herausfinden, ob ein Pferd, das von GQ Santana abstammt, und selbst nur wenige wei\u00dfe Abzeichen hat, die Mutation vererben kann. Der Genotyp W10\/W10 konnte bislang nur bei Aborten aus der Verpaarung zweier Tr\u00e4gertiere (N\/W10) nachgewiesen werden. Dies deutet darauf hin, dass homozygote Pferde nicht lebensf\u00e4hig sind <\/p><table class=\"tx-laboklinleistung-table contenttable contenttable-2\" style=\"margin-top: 35px;\"><tr><td class=\"td-0\"><strong>Material<\/strong><\/td><td class=\"td-1\"><p class=\"bodytext\">nur M\u00e4hnen-\/Schweifhaare<\/p><\/td><\/tr><tr><td class=\"td-0\"><strong>Methode<\/strong><\/td><td class=\"td-1\"><p class=\"bodytext\">Partnerlabor<\/p><\/td><\/tr><tr><td class=\"td-0\"><strong>Rasse<\/strong><\/td><td class=\"td-1\"><p class=\"bodytext\">Quarter Horse<\/p><\/td><\/tr><tr><td class=\"td-0\"><strong>Dauer<\/strong><\/td><td class=\"td-1\"><p class=\"bodytext\">4 - 6 Wochen nach Erhalt der Probe<\/p><\/td><\/tr><\/table>\n","protected":false},"excerpt":{"rendered":"<p>Dominant white W5, W10, W13, W20, W22*LABOKLIN Leistungs-ID: 8422Alle Pferde mit dieser Farbe gehen zur\u00fcck auf den Hengst \u201eGQ Santana\u201d, der im Jahr 2000 in den USA geboren wurde. Er war ein bekannter Deckhengst in der AQHA und der APHA. W10 wird dominant vererbt, d. h. alle Pferde, die diese Genmutation tragen haben mehr oder&hellip;<\/p>\n","protected":false},"author":1,"featured_media":0,"parent":1332723,"menu_order":18,"comment_status":"closed","ping_status":"closed","template":"","meta":{"_seopress_robots_primary_cat":"","_seopress_titles_title":"","_seopress_titles_desc":"","_seopress_robots_index":"","footnotes":""},"class_list":["post-1335905","page","type-page","status-publish","hentry","description-off"],"_links":{"self":[{"href":"https:\/\/laboklin.de\/de-ch\/wp-json\/wp\/v2\/pages\/1335905","targetHints":{"allow":["GET"]}}],"collection":[{"href":"https:\/\/laboklin.de\/de-ch\/wp-json\/wp\/v2\/pages"}],"about":[{"href":"https:\/\/laboklin.de\/de-ch\/wp-json\/wp\/v2\/types\/page"}],"author":[{"embeddable":true,"href":"https:\/\/laboklin.de\/de-ch\/wp-json\/wp\/v2\/users\/1"}],"replies":[{"embeddable":true,"href":"https:\/\/laboklin.de\/de-ch\/wp-json\/wp\/v2\/comments?post=1335905"}],"version-history":[{"count":2,"href":"https:\/\/laboklin.de\/de-ch\/wp-json\/wp\/v2\/pages\/1335905\/revisions"}],"predecessor-version":[{"id":1484873,"href":"https:\/\/laboklin.de\/de-ch\/wp-json\/wp\/v2\/pages\/1335905\/revisions\/1484873"}],"up":[{"embeddable":true,"href":"https:\/\/laboklin.de\/de-ch\/wp-json\/wp\/v2\/pages\/1332723"}],"wp:attachment":[{"href":"https:\/\/laboklin.de\/de-ch\/wp-json\/wp\/v2\/media?parent=1335905"}],"curies":[{"name":"wp","href":"https:\/\/api.w.org\/{rel}","templated":true}]}}