{"id":1335889,"date":"2020-10-16T11:36:27","date_gmt":"2020-10-16T09:36:27","guid":{"rendered":"https:\/\/laboklin.de\/leistungen\/haematologie-klin-chemie-endokrinologie\/klinisch-chemische-parameter\/substrate\/cholesterin-high-density-lipoprotein-hdl\/"},"modified":"2025-01-28T12:52:36","modified_gmt":"2025-01-28T11:52:36","slug":"cholesterin-high-density-lipoprotein-hdl","status":"publish","type":"page","link":"https:\/\/laboklin.de\/de-ch\/leistungen\/haematologie-klin-chemie-endokrinologie\/klinisch-chemische-parameter\/substrate\/cholesterin-high-density-lipoprotein-hdl\/","title":{"rendered":"Cholesterin: High Density Lipoprotein (HDL)"},"content":{"rendered":"<h3 class=\"csc-firstHeader\">Cholesterin: High Density Lipoprotein (HDL)<\/h3><p><span>LABOKLIN Leistungs-ID: 607<\/span><\/p><table class=\"tx-laboklinleistung-table contenttable contenttable-2\" style=\"margin-top: 35px;\"><tr><td class=\"td-0\"><strong>Material<\/strong><\/td><td class=\"td-1\"><p class=\"bodytext\">Serum oder EDTA-Plasma oder Heparin-Plasma 0,5 ml (bei Omni- und Carnivoren 12-st\u00fcndige <strong>Nahrungskarenz<\/strong> empfohlen)<\/p><\/td><\/tr><tr><td class=\"td-0\"><strong>Methode<\/strong><\/td><td class=\"td-1\"><p class=\"bodytext\">Photometrie<\/p><\/td><\/tr><tr><td class=\"td-0\"><strong>Dauer<\/strong><\/td><td class=\"td-1\"><p class=\"bodytext\">Befund\u00fcbermittlung am Tag des Probeneingangs (Mo.\u2013Fr.)<\/p><\/td><\/tr><tr><td class=\"td-0\"><strong>Anmerkung<\/strong><\/td><td class=\"td-1\"><p class=\"bodytext\"><ul><li>LDL (Low Density Lipoprotein) und HDL (High Density Lipoprotein) sind die wichtigsten Transportformen des Cholesterins im Blut.<\/li><li>LDL transportiert Cholesterin von der Leber zu den Geweben (\u201eTransport aus der Leber heraus\u201c).<\/li><li>HDL \u00fcbernimmt Cholesterin aus den Geweben und bringt es zur\u00fcck zur Leber (\u201ereverser Cholesterintransport\u201c).<\/li><li>Das Verh\u00e4ltnis von LDL zu HDL spiegelt die Balance zwischen Cholesterinabgabe und -aufnahme wider und kann Hinweise auf St\u00f6rungen des Lipidstoffwechsels geben.<\/li><li>Bei <strong>Hund<\/strong> und <strong>Katze<\/strong> sind LDL- und HDL-Messungen seltener Bestandteil der Routine, k\u00f6nnen jedoch bei St\u00f6rungen des Fettstoffwechsels, endokrinen Erkrankungen oder Leberfunktionsst\u00f6rungen diagnostisch hilfreich sein. Beim Hund ist ein Anstieg von LDL und Gesamtcholesterin typisch bei Hypothyreose und Hyperadrenokortizismus (Cushing-Syndrom).<\/li><li>Beim <strong>Rind<\/strong> und <strong>Pferd<\/strong> \u00fcberwiegt physiologisch das HDL, w\u00e4hrend LDL nur einen geringen Anteil am Gesamtcholesterin ausmacht.<\/li><li>HDL und LDL sind auf den Untersuchungsauftr\u00e4gen separat anforderbar.<\/li><\/ul><\/p><\/td><\/tr><\/table>\n","protected":false},"excerpt":{"rendered":"<p>Cholesterin: High Density Lipoprotein (HDL)LABOKLIN Leistungs-ID: 607MaterialSerum oder EDTA-Plasma oder Heparin-Plasma 0,5 ml (bei Omni- und Carnivoren 12-st\u00fcndige Nahrungskarenz empfohlen)MethodePhotometrieDauerBefund\u00fcbermittlung am Tag des Probeneingangs (Mo.\u2013Fr.)AnmerkungLDL (Low Density Lipoprotein) und HDL (High Density Lipoprotein) sind die wichtigsten Transportformen des Cholesterins im Blut.LDL transportiert Cholesterin von der Leber zu den Geweben (\u201eTransport aus der Leber heraus\u201c).HDL \u00fcbernimmt&hellip;<\/p>\n","protected":false},"author":1,"featured_media":0,"parent":1332895,"menu_order":18,"comment_status":"closed","ping_status":"closed","template":"","meta":{"_seopress_robots_primary_cat":"","_seopress_titles_title":"","_seopress_titles_desc":"","_seopress_robots_index":"","footnotes":""},"class_list":["post-1335889","page","type-page","status-publish","hentry","description-off"],"_links":{"self":[{"href":"https:\/\/laboklin.de\/de-ch\/wp-json\/wp\/v2\/pages\/1335889","targetHints":{"allow":["GET"]}}],"collection":[{"href":"https:\/\/laboklin.de\/de-ch\/wp-json\/wp\/v2\/pages"}],"about":[{"href":"https:\/\/laboklin.de\/de-ch\/wp-json\/wp\/v2\/types\/page"}],"author":[{"embeddable":true,"href":"https:\/\/laboklin.de\/de-ch\/wp-json\/wp\/v2\/users\/1"}],"replies":[{"embeddable":true,"href":"https:\/\/laboklin.de\/de-ch\/wp-json\/wp\/v2\/comments?post=1335889"}],"version-history":[{"count":1,"href":"https:\/\/laboklin.de\/de-ch\/wp-json\/wp\/v2\/pages\/1335889\/revisions"}],"predecessor-version":[{"id":1504314,"href":"https:\/\/laboklin.de\/de-ch\/wp-json\/wp\/v2\/pages\/1335889\/revisions\/1504314"}],"up":[{"embeddable":true,"href":"https:\/\/laboklin.de\/de-ch\/wp-json\/wp\/v2\/pages\/1332895"}],"wp:attachment":[{"href":"https:\/\/laboklin.de\/de-ch\/wp-json\/wp\/v2\/media?parent=1335889"}],"curies":[{"name":"wp","href":"https:\/\/api.w.org\/{rel}","templated":true}]}}