{"id":1335853,"date":"2020-10-16T11:36:27","date_gmt":"2020-10-16T09:36:27","guid":{"rendered":"https:\/\/laboklin.de\/leistungen\/haematologie-klin-chemie-endokrinologie\/klinisch-chemische-parameter\/substrate\/bilirubin-gesamt\/"},"modified":"2025-01-28T12:50:20","modified_gmt":"2025-01-28T11:50:20","slug":"bilirubin-gesamt","status":"publish","type":"page","link":"https:\/\/laboklin.de\/de-ch\/leistungen\/haematologie-klin-chemie-endokrinologie\/klinisch-chemische-parameter\/substrate\/bilirubin-gesamt\/","title":{"rendered":"Bilirubin (gesamt)"},"content":{"rendered":"<h3 class=\"csc-firstHeader\">Bilirubin (gesamt)<\/h3><p><span>LABOKLIN Leistungs-ID: 16<\/span><\/p><p class=\"bodytext\"><br><\/p><table class=\"tx-laboklinleistung-table contenttable contenttable-2\" style=\"margin-top: 35px;\"><tr><td class=\"td-0\"><strong>Material<\/strong><\/td><td class=\"td-1\"><p class=\"bodytext\">Serum oder EDTA-Plasma oder Heparin-Plasma 0,5 ml<\/p><\/td><\/tr><tr><td class=\"td-0\"><strong>Methode<\/strong><\/td><td class=\"td-1\"><p class=\"bodytext\">Photometrie<\/p><\/td><\/tr><tr><td class=\"td-0\"><strong>Dauer<\/strong><\/td><td class=\"td-1\"><p class=\"bodytext\">Befund\u00fcbermittlung am Tag des Probeneingangs (Mo.\u2013Sa.)<\/p><\/td><\/tr><tr><td class=\"td-0\"><strong>Anmerkung<\/strong><\/td><td class=\"td-1\"><p class=\"bodytext\"><ul><li>Im Rahmen des Abbaus von H\u00e4moglobin und anderen Zytochromen entsteht Bilirubin. Ein sichtbarer Ikterus entspricht einer Konzentration ab 17 \u03bcmol\/l, au\u00dfer beim Pferd (Pferd: > 75 \u00b5mol\/l).<\/li><li>Ein pr\u00e4hepatischer Ikterus f\u00fchrt zu einer erh\u00f6hten Konzentration von H\u00e4moglobin im Blut.<\/li><li>Intrahepatischer Ikterus: Anstieg der Konzentration des Bilirubins bei Leberzellsch\u00e4digungen.<\/li><li>Posthepatischer Ikterus (selten): Erh\u00f6hung durch R\u00fcckstau von Galle. <\/li><li>Inanitionsikterus (Sonderform des Ikterus beim <strong>Pferd<\/strong> und <strong>Rind<\/strong>): Diese Hyperbilirubin\u00e4mie entsteht bei Fettmobilisation, da die so anflutenden freien Fetts\u00e4uren mit dem Bilirubin um Transportproteine konkurrieren und dementsprechend mehr freies Bilirubin im Blut vorliegt.<\/li><\/ul><\/p><\/td><\/tr><\/table>\n","protected":false},"excerpt":{"rendered":"<p>Bilirubin (gesamt)LABOKLIN Leistungs-ID: 16MaterialSerum oder EDTA-Plasma oder Heparin-Plasma 0,5 mlMethodePhotometrieDauerBefund\u00fcbermittlung am Tag des Probeneingangs (Mo.\u2013Sa.)AnmerkungIm Rahmen des Abbaus von H\u00e4moglobin und anderen Zytochromen entsteht Bilirubin. Ein sichtbarer Ikterus entspricht einer Konzentration ab 17 \u03bcmol\/l, au\u00dfer beim Pferd (Pferd: > 75 \u00b5mol\/l).Ein pr\u00e4hepatischer Ikterus f\u00fchrt zu einer erh\u00f6hten Konzentration von H\u00e4moglobin im Blut.Intrahepatischer Ikterus: Anstieg der&hellip;<\/p>\n","protected":false},"author":1,"featured_media":0,"parent":1332895,"menu_order":17,"comment_status":"closed","ping_status":"closed","template":"","meta":{"_seopress_robots_primary_cat":"","_seopress_titles_title":"","_seopress_titles_desc":"","_seopress_robots_index":"","footnotes":""},"class_list":["post-1335853","page","type-page","status-publish","hentry","description-off"],"_links":{"self":[{"href":"https:\/\/laboklin.de\/de-ch\/wp-json\/wp\/v2\/pages\/1335853","targetHints":{"allow":["GET"]}}],"collection":[{"href":"https:\/\/laboklin.de\/de-ch\/wp-json\/wp\/v2\/pages"}],"about":[{"href":"https:\/\/laboklin.de\/de-ch\/wp-json\/wp\/v2\/types\/page"}],"author":[{"embeddable":true,"href":"https:\/\/laboklin.de\/de-ch\/wp-json\/wp\/v2\/users\/1"}],"replies":[{"embeddable":true,"href":"https:\/\/laboklin.de\/de-ch\/wp-json\/wp\/v2\/comments?post=1335853"}],"version-history":[{"count":1,"href":"https:\/\/laboklin.de\/de-ch\/wp-json\/wp\/v2\/pages\/1335853\/revisions"}],"predecessor-version":[{"id":1504305,"href":"https:\/\/laboklin.de\/de-ch\/wp-json\/wp\/v2\/pages\/1335853\/revisions\/1504305"}],"up":[{"embeddable":true,"href":"https:\/\/laboklin.de\/de-ch\/wp-json\/wp\/v2\/pages\/1332895"}],"wp:attachment":[{"href":"https:\/\/laboklin.de\/de-ch\/wp-json\/wp\/v2\/media?parent=1335853"}],"curies":[{"name":"wp","href":"https:\/\/api.w.org\/{rel}","templated":true}]}}