{"id":1335845,"date":"2021-11-11T16:35:49","date_gmt":"2021-11-11T15:35:49","guid":{"rendered":"https:\/\/laboklin.de\/leistungen\/genetik\/genetikpakete\/hund\/paket-beagle\/"},"modified":"2023-01-31T18:03:52","modified_gmt":"2023-01-31T17:03:52","slug":"paket-beagle","status":"publish","type":"page","link":"https:\/\/laboklin.de\/de-ch\/leistungen\/genetik\/genetikpakete\/hund\/paket-beagle\/","title":{"rendered":"Paket Beagle"},"content":{"rendered":"<h3 class=\"csc-firstHeader\">Paket Beagle<\/h3><p><span>LABOKLIN Leistungs-ID: 8620<\/span><\/p><p class=\"bodytext\">Das Paket enth\u00e4lt folgende Tests:<br \/>\nAkatalas\u00e4mie, Glasknochenkrankheit (Osteogenesis imperfecta), Faktor VII Defizienz, Imerslund-Gr\u00e4sbeck Syndrom (IGS), Musladin-Lueke Syndrom (MLS), Neonatale cerebell\u00e4re Abiotrophie (NCCD), Pyruvatkinase-Defizienz (PK) und Prim\u00e4res Weitwinkel-Glaukom (POAG).<br \/>\n<br \/>\n<\/p><table class=\"tx-laboklinleistung-table contenttable contenttable-2\" style=\"margin-top: 35px;\"><tr><td class=\"td-0\"><strong>Rasse<\/strong><\/td><td class=\"td-1\"><p class=\"bodytext\">Beagle<\/p><\/td><\/tr><tr><td class=\"td-0\"><strong>Erbgang<\/strong><\/td><td class=\"td-1\"><p class=\"bodytext\">Weitere Informationen finden Sie in der Beschreibung der jeweiligen Erbkrankheit.<\/p><\/td><\/tr><tr><td class=\"td-0\"><strong>Dauer<\/strong><\/td><td class=\"td-1\"><p class=\"bodytext\">1 - 2 Wochen nach Erhalt der Probe<\/p><\/td><\/tr><\/table>\n","protected":false},"excerpt":{"rendered":"<p>Paket BeagleLABOKLIN Leistungs-ID: 8620Das Paket enth\u00e4lt folgende Tests: Akatalas\u00e4mie, Glasknochenkrankheit (Osteogenesis imperfecta), Faktor VII Defizienz, Imerslund-Gr\u00e4sbeck Syndrom (IGS), Musladin-Lueke Syndrom (MLS), Neonatale cerebell\u00e4re Abiotrophie (NCCD), Pyruvatkinase-Defizienz (PK) und Prim\u00e4res Weitwinkel-Glaukom (POAG). RasseBeagleErbgangWeitere Informationen finden Sie in der Beschreibung der jeweiligen Erbkrankheit.Dauer1 &#8211; 2 Wochen nach Erhalt der Probe<\/p>\n","protected":false},"author":1,"featured_media":0,"parent":1332726,"menu_order":17,"comment_status":"closed","ping_status":"closed","template":"","meta":{"_seopress_robots_primary_cat":"","_seopress_titles_title":"","_seopress_titles_desc":"","_seopress_robots_index":"","footnotes":""},"class_list":["post-1335845","page","type-page","status-publish","hentry","description-off"],"_links":{"self":[{"href":"https:\/\/laboklin.de\/de-ch\/wp-json\/wp\/v2\/pages\/1335845","targetHints":{"allow":["GET"]}}],"collection":[{"href":"https:\/\/laboklin.de\/de-ch\/wp-json\/wp\/v2\/pages"}],"about":[{"href":"https:\/\/laboklin.de\/de-ch\/wp-json\/wp\/v2\/types\/page"}],"author":[{"embeddable":true,"href":"https:\/\/laboklin.de\/de-ch\/wp-json\/wp\/v2\/users\/1"}],"replies":[{"embeddable":true,"href":"https:\/\/laboklin.de\/de-ch\/wp-json\/wp\/v2\/comments?post=1335845"}],"version-history":[{"count":1,"href":"https:\/\/laboklin.de\/de-ch\/wp-json\/wp\/v2\/pages\/1335845\/revisions"}],"predecessor-version":[{"id":1335846,"href":"https:\/\/laboklin.de\/de-ch\/wp-json\/wp\/v2\/pages\/1335845\/revisions\/1335846"}],"up":[{"embeddable":true,"href":"https:\/\/laboklin.de\/de-ch\/wp-json\/wp\/v2\/pages\/1332726"}],"wp:attachment":[{"href":"https:\/\/laboklin.de\/de-ch\/wp-json\/wp\/v2\/media?parent=1335845"}],"curies":[{"name":"wp","href":"https:\/\/api.w.org\/{rel}","templated":true}]}}