{"id":1335814,"date":"2020-10-16T11:36:27","date_gmt":"2020-10-16T09:36:27","guid":{"rendered":"https:\/\/laboklin.de\/leistungen\/genetik\/erbkrankheiten\/pferd\/lavender-foal-syndrome-lfs\/"},"modified":"2025-02-25T12:37:40","modified_gmt":"2025-02-25T11:37:40","slug":"lavender-foal-syndrom-lfs","status":"publish","type":"page","link":"https:\/\/laboklin.de\/de-ch\/leistungen\/genetik\/erbkrankheiten\/pferd\/lavender-foal-syndrom-lfs\/","title":{"rendered":"Lavender Foal Syndrom (LFS)"},"content":{"rendered":"<h3 class=\"csc-firstHeader\">Lavender Foal Syndrom (LFS)<\/h3><p><span>LABOKLIN Leistungs-ID: 8231<\/span><\/p><p class=\"bodytext\">Das Lavender Foal Syndrome (LFS) ist ein autosomal-rezessiv vererbter Defekt, der bei einer Untergruppe des Arabischen Vollbluts, dem \u00c4gyptischen Araber, auftritt. Betroffene Fohlen zeigen eine Reihe neurologischer Symptome, u.a. krampfartige Anf\u00e4lle, Opisthotonus oder Nystagmus. Sie sind meist nicht in der Lage selbst\u00e4ndig zu stehen und bei der Mutter zu trinken und werden, falls Sie nicht direkt nach der Geburt sterben, meist euthanasiert. Der Name \u201eLavender Foal Syndrome\u201c beruht darauf, dass das urs\u00e4chliche Gen f\u00fcr LFS gekoppelt mit einem anderen Gen vorliegt, welches f\u00fcr den Farbverd\u00fcnnungsfaktor \u201eLavendel\u201c verantwortlich ist. Daher haben diese Fohlen meist die charakteristische \u201eLavender\u201c-Farbe. <strong>Achtung:<\/strong> Nicht jedes lavender geborene Fohlen ist (homozygoter) Merkmalstr\u00e4ger.<\/p><table class=\"tx-laboklinleistung-table contenttable contenttable-2\" style=\"margin-top: 35px;\"><tr><td class=\"td-0\"><strong>Methode<\/strong><\/td><td class=\"td-1\"><p class=\"bodytext\">TaqMan SNP Assay<\/p><\/td><\/tr><tr><td class=\"td-0\"><strong>Rasse<\/strong><\/td><td class=\"td-1\"><p class=\"bodytext\">Araber<\/p><\/td><\/tr><tr><td class=\"td-0\"><strong>Erbgang<\/strong><\/td><td class=\"td-1\"><p class=\"bodytext\">autosomal-rezessiv<\/p><\/td><\/tr><tr><td class=\"td-0\"><strong>Dauer<\/strong><\/td><td class=\"td-1\"><p class=\"bodytext\">3 - 5 Werktage nach Erhalt der Probe<\/p><\/td><\/tr><\/table>\n","protected":false},"excerpt":{"rendered":"<p>Lavender Foal Syndrom (LFS)LABOKLIN Leistungs-ID: 8231Das Lavender Foal Syndrome (LFS) ist ein autosomal-rezessiv vererbter Defekt, der bei einer Untergruppe des Arabischen Vollbluts, dem \u00c4gyptischen Araber, auftritt. Betroffene Fohlen zeigen eine Reihe neurologischer Symptome, u.a. krampfartige Anf\u00e4lle, Opisthotonus oder Nystagmus. Sie sind meist nicht in der Lage selbst\u00e4ndig zu stehen und bei der Mutter zu trinken&hellip;<\/p>\n","protected":false},"author":1,"featured_media":0,"parent":1332709,"menu_order":16,"comment_status":"closed","ping_status":"closed","template":"","meta":{"_seopress_robots_primary_cat":"","_seopress_titles_title":"","_seopress_titles_desc":"","_seopress_robots_index":"","footnotes":""},"class_list":["post-1335814","page","type-page","status-publish","hentry","description-off"],"_links":{"self":[{"href":"https:\/\/laboklin.de\/de-ch\/wp-json\/wp\/v2\/pages\/1335814","targetHints":{"allow":["GET"]}}],"collection":[{"href":"https:\/\/laboklin.de\/de-ch\/wp-json\/wp\/v2\/pages"}],"about":[{"href":"https:\/\/laboklin.de\/de-ch\/wp-json\/wp\/v2\/types\/page"}],"author":[{"embeddable":true,"href":"https:\/\/laboklin.de\/de-ch\/wp-json\/wp\/v2\/users\/1"}],"replies":[{"embeddable":true,"href":"https:\/\/laboklin.de\/de-ch\/wp-json\/wp\/v2\/comments?post=1335814"}],"version-history":[{"count":1,"href":"https:\/\/laboklin.de\/de-ch\/wp-json\/wp\/v2\/pages\/1335814\/revisions"}],"predecessor-version":[{"id":1484845,"href":"https:\/\/laboklin.de\/de-ch\/wp-json\/wp\/v2\/pages\/1335814\/revisions\/1484845"}],"up":[{"embeddable":true,"href":"https:\/\/laboklin.de\/de-ch\/wp-json\/wp\/v2\/pages\/1332709"}],"wp:attachment":[{"href":"https:\/\/laboklin.de\/de-ch\/wp-json\/wp\/v2\/media?parent=1335814"}],"curies":[{"name":"wp","href":"https:\/\/api.w.org\/{rel}","templated":true}]}}