{"id":1335800,"date":"2020-10-16T11:36:27","date_gmt":"2020-10-16T09:36:27","guid":{"rendered":"https:\/\/laboklin.de\/leistungen\/haematologie-klin-chemie-endokrinologie\/klinisch-chemische-parameter\/substrate\/cholesterin\/"},"modified":"2025-01-28T12:52:06","modified_gmt":"2025-01-28T11:52:06","slug":"cholesterin","status":"publish","type":"page","link":"https:\/\/laboklin.de\/de-ch\/leistungen\/haematologie-klin-chemie-endokrinologie\/klinisch-chemische-parameter\/substrate\/cholesterin\/","title":{"rendered":"Cholesterin"},"content":{"rendered":"<h3 class=\"csc-firstHeader\">Cholesterin<\/h3><p><span>LABOKLIN Leistungs-ID: 17<\/span><\/p><p class=\"bodytext\"><br><\/p><table class=\"tx-laboklinleistung-table contenttable contenttable-2\" style=\"margin-top: 35px;\"><tr><td class=\"td-0\"><strong>Material<\/strong><\/td><td class=\"td-1\"><p class=\"bodytext\">Serum oder EDTA-Plasma oder Heparin-Plasma 0,5 ml (bei Omni- und Carnivoren 12-st\u00fcndige <strong>Nahrungskarenz<\/strong> empfohlen)<\/p><\/td><\/tr><tr><td class=\"td-0\"><strong>Methode<\/strong><\/td><td class=\"td-1\"><p class=\"bodytext\">Photometrie<\/p><\/td><\/tr><tr><td class=\"td-0\"><strong>Dauer<\/strong><\/td><td class=\"td-1\"><p class=\"bodytext\">Befund\u00fcbermittlung am Tag des Probeneingangs (Mo.\u2013Sa.)<\/p><\/td><\/tr><tr><td class=\"td-0\"><strong>Anmerkung<\/strong><\/td><td class=\"td-1\"><p class=\"bodytext\"><ul><li> Cholesterin wird \u00fcberwiegend in der Leber und in der D\u00fcnndarmschleimhaut synthetisiert. Es dient als Ausgangssubstanz f\u00fcr Gallens\u00e4uren, Steroidhormone und Zellmembranbestandteile.<\/li><li>Hypocholesterin\u00e4mie entsteht durch Leberinsuffizienz (verminderte Syntheseleistung), Malabsorption oder Maldigestion, akute Entz\u00fcndungsreaktionen, Hungerzustand oder Kachexie.<\/li><li>Hypercholesterin\u00e4mie liegen Cholestase und Lebererkrankungen, endokrine St\u00f6rungen (z. B. Hypothyreose, Cushing-Syndrom), Adipositas und Lipidstoffwechselst\u00f6rungen oder f\u00fctterungsbedingte Einfl\u00fcsse (fettreiche Di\u00e4t) zugrunde.<\/li><\/ul><\/p><\/td><\/tr><\/table>\n","protected":false},"excerpt":{"rendered":"<p>CholesterinLABOKLIN Leistungs-ID: 17MaterialSerum oder EDTA-Plasma oder Heparin-Plasma 0,5 ml (bei Omni- und Carnivoren 12-st\u00fcndige Nahrungskarenz empfohlen)MethodePhotometrieDauerBefund\u00fcbermittlung am Tag des Probeneingangs (Mo.\u2013Sa.)Anmerkung Cholesterin wird \u00fcberwiegend in der Leber und in der D\u00fcnndarmschleimhaut synthetisiert. Es dient als Ausgangssubstanz f\u00fcr Gallens\u00e4uren, Steroidhormone und Zellmembranbestandteile.Hypocholesterin\u00e4mie entsteht durch Leberinsuffizienz (verminderte Syntheseleistung), Malabsorption oder Maldigestion, akute Entz\u00fcndungsreaktionen, Hungerzustand oder Kachexie.Hypercholesterin\u00e4mie liegen&hellip;<\/p>\n","protected":false},"author":1,"featured_media":0,"parent":1332895,"menu_order":16,"comment_status":"closed","ping_status":"closed","template":"","meta":{"_seopress_robots_primary_cat":"","_seopress_titles_title":"","_seopress_titles_desc":"","_seopress_robots_index":"","footnotes":""},"class_list":["post-1335800","page","type-page","status-publish","hentry","description-off"],"_links":{"self":[{"href":"https:\/\/laboklin.de\/de-ch\/wp-json\/wp\/v2\/pages\/1335800","targetHints":{"allow":["GET"]}}],"collection":[{"href":"https:\/\/laboklin.de\/de-ch\/wp-json\/wp\/v2\/pages"}],"about":[{"href":"https:\/\/laboklin.de\/de-ch\/wp-json\/wp\/v2\/types\/page"}],"author":[{"embeddable":true,"href":"https:\/\/laboklin.de\/de-ch\/wp-json\/wp\/v2\/users\/1"}],"replies":[{"embeddable":true,"href":"https:\/\/laboklin.de\/de-ch\/wp-json\/wp\/v2\/comments?post=1335800"}],"version-history":[{"count":1,"href":"https:\/\/laboklin.de\/de-ch\/wp-json\/wp\/v2\/pages\/1335800\/revisions"}],"predecessor-version":[{"id":1504310,"href":"https:\/\/laboklin.de\/de-ch\/wp-json\/wp\/v2\/pages\/1335800\/revisions\/1504310"}],"up":[{"embeddable":true,"href":"https:\/\/laboklin.de\/de-ch\/wp-json\/wp\/v2\/pages\/1332895"}],"wp:attachment":[{"href":"https:\/\/laboklin.de\/de-ch\/wp-json\/wp\/v2\/media?parent=1335800"}],"curies":[{"name":"wp","href":"https:\/\/api.w.org\/{rel}","templated":true}]}}