{"id":1335771,"date":"2020-10-16T11:36:27","date_gmt":"2020-10-16T09:36:27","guid":{"rendered":"https:\/\/laboklin.de\/leistungen\/genetik\/erbkrankheiten\/pferd\/hoof-wall-separation-disease-hwsd\/"},"modified":"2025-02-25T12:35:13","modified_gmt":"2025-02-25T11:35:13","slug":"hoof-wall-separation-disease-hwsd","status":"publish","type":"page","link":"https:\/\/laboklin.de\/de-ch\/leistungen\/genetik\/erbkrankheiten\/pferd\/hoof-wall-separation-disease-hwsd\/","title":{"rendered":"Hoof wall separation disease (HWSD)"},"content":{"rendered":"<h3 class=\"csc-firstHeader\">Hoof wall separation disease (HWSD)<\/h3><p><span>LABOKLIN Leistungs-ID: 8464<\/span><\/p><p class=\"bodytext\">Die Hoof wall separation disease ist gekennzeichnet durch eine sehr instabile Hufwand, die ohne besondere Belastung rei\u00dfen und brechen kann. Der Kronrand ist meist unauff\u00e4llig. Die Symptome treten bereits in den ersten Lebenswochen auf und k\u00f6nnen unterschiedlich schwer ausfallen. Meist sind diese Pferde jedoch sp\u00e4ter nicht reitbar.<\/p><table class=\"tx-laboklinleistung-table contenttable contenttable-2\" style=\"margin-top: 35px;\"><tr><td class=\"td-0\"><strong>Methode<\/strong><\/td><td class=\"td-1\"><p class=\"bodytext\">TaqMan SNP Assay<\/p><\/td><\/tr><tr><td class=\"td-0\"><strong>Rasse<\/strong><\/td><td class=\"td-1\"><p class=\"bodytext\">American Miniature Horse, Connemara-Pony, Deutsches Reitpony<\/p><\/td><\/tr><tr><td class=\"td-0\"><strong>Erbgang<\/strong><\/td><td class=\"td-1\"><p class=\"bodytext\">autosomal-rezessiv<\/p><\/td><\/tr><tr><td class=\"td-0\"><strong>Dauer<\/strong><\/td><td class=\"td-1\"><p class=\"bodytext\">3 - 5 Werktage nach Erhalt der Probe<\/p><\/td><\/tr><\/table>\n","protected":false},"excerpt":{"rendered":"<p>Hoof wall separation disease (HWSD)LABOKLIN Leistungs-ID: 8464Die Hoof wall separation disease ist gekennzeichnet durch eine sehr instabile Hufwand, die ohne besondere Belastung rei\u00dfen und brechen kann. Der Kronrand ist meist unauff\u00e4llig. Die Symptome treten bereits in den ersten Lebenswochen auf und k\u00f6nnen unterschiedlich schwer ausfallen. Meist sind diese Pferde jedoch sp\u00e4ter nicht reitbar.MethodeTaqMan SNP AssayRasseAmerican&hellip;<\/p>\n","protected":false},"author":1,"featured_media":0,"parent":1332709,"menu_order":15,"comment_status":"closed","ping_status":"closed","template":"","meta":{"_seopress_robots_primary_cat":"","_seopress_titles_title":"","_seopress_titles_desc":"","_seopress_robots_index":"","footnotes":""},"class_list":["post-1335771","page","type-page","status-publish","hentry","description-off"],"_links":{"self":[{"href":"https:\/\/laboklin.de\/de-ch\/wp-json\/wp\/v2\/pages\/1335771","targetHints":{"allow":["GET"]}}],"collection":[{"href":"https:\/\/laboklin.de\/de-ch\/wp-json\/wp\/v2\/pages"}],"about":[{"href":"https:\/\/laboklin.de\/de-ch\/wp-json\/wp\/v2\/types\/page"}],"author":[{"embeddable":true,"href":"https:\/\/laboklin.de\/de-ch\/wp-json\/wp\/v2\/users\/1"}],"replies":[{"embeddable":true,"href":"https:\/\/laboklin.de\/de-ch\/wp-json\/wp\/v2\/comments?post=1335771"}],"version-history":[{"count":1,"href":"https:\/\/laboklin.de\/de-ch\/wp-json\/wp\/v2\/pages\/1335771\/revisions"}],"predecessor-version":[{"id":1510733,"href":"https:\/\/laboklin.de\/de-ch\/wp-json\/wp\/v2\/pages\/1335771\/revisions\/1510733"}],"up":[{"embeddable":true,"href":"https:\/\/laboklin.de\/de-ch\/wp-json\/wp\/v2\/pages\/1332709"}],"wp:attachment":[{"href":"https:\/\/laboklin.de\/de-ch\/wp-json\/wp\/v2\/media?parent=1335771"}],"curies":[{"name":"wp","href":"https:\/\/api.w.org\/{rel}","templated":true}]}}