{"id":1335754,"date":"2020-10-16T11:36:27","date_gmt":"2020-10-16T09:36:27","guid":{"rendered":"https:\/\/laboklin.de\/leistungen\/haematologie-klin-chemie-endokrinologie\/klinisch-chemische-parameter\/mineralstoffe-und-elektrolyte\/j-jod\/"},"modified":"2025-01-28T13:25:46","modified_gmt":"2025-01-28T12:25:46","slug":"j-jod","status":"publish","type":"page","link":"https:\/\/laboklin.de\/de-ch\/leistungen\/haematologie-klin-chemie-endokrinologie\/klinisch-chemische-parameter\/mineralstoffe-und-elektrolyte\/j-jod\/","title":{"rendered":"J (Jod)"},"content":{"rendered":"<h3 class=\"csc-firstHeader\">Jod<\/h3><p><span>LABOKLIN Leistungs-ID: 2300<\/span><\/p><p class=\"bodytext\"><br><\/p><table class=\"tx-laboklinleistung-table contenttable contenttable-2\" style=\"margin-top: 35px;\"><tr><td class=\"td-0\"><strong>Material<\/strong><\/td><td class=\"td-1\"><p class=\"bodytext\">Serum 0,5 ml<\/p><\/td><\/tr><tr><td class=\"td-0\"><strong>Methode<\/strong><\/td><td class=\"td-1\"><p class=\"bodytext\">Inductively Coupled Plasma Mass Spectrometry (ICP-MS)<\/p><\/td><\/tr><tr><td class=\"td-0\"><strong>Tierart(en)<\/strong><\/td><td class=\"td-1\"><p class=\"bodytext\">Hund, Katze, Pferd, Wiederk\u00e4uer, weitere auf Anfrage<\/p><\/td><\/tr><tr><td class=\"td-0\"><strong>Dauer<\/strong><\/td><td class=\"td-1\"><p class=\"bodytext\">1\u20133 Arbeitstage<\/p><\/td><\/tr><tr><td class=\"td-0\"><strong>Anmerkung<\/strong><\/td><td class=\"td-1\"><p class=\"bodytext\"><ul><li>Jod ist ein essentielles Spurenelement und Hauptbestandteil der Schilddr\u00fcsenhormone Thyroxin (T4) und Trijodthyronin (T3). Es ist entscheidend f\u00fcr Wachstum, Stoffwechselregulation und Energiehaushalt. <\/li><li>Beim <strong>Wiederk\u00e4uer<\/strong> sind als Folgen eines Jodmangels Kropfbildung, Fruchtbarkeitsst\u00f6rungen, Aborte, verminderter Geschlechtstrieb, reduzierte Spermaqualit\u00e4t und Haarlosigkeit beschrieben. <\/li><li>Beachte: Keine jodhaltigen Medikamente bzw. Antiseptika vor Probenentnahme verwenden und Probenkontakt mit Kunststoff vermeiden (Adsorption m\u00f6glich). <\/li><\/ul><\/p><\/td><\/tr><\/table>\n","protected":false},"excerpt":{"rendered":"<p>JodLABOKLIN Leistungs-ID: 2300MaterialSerum 0,5 mlMethodeInductively Coupled Plasma Mass Spectrometry (ICP-MS)Tierart(en)Hund, Katze, Pferd, Wiederk\u00e4uer, weitere auf AnfrageDauer1\u20133 ArbeitstageAnmerkungJod ist ein essentielles Spurenelement und Hauptbestandteil der Schilddr\u00fcsenhormone Thyroxin (T4) und Trijodthyronin (T3). Es ist entscheidend f\u00fcr Wachstum, Stoffwechselregulation und Energiehaushalt. Beim Wiederk\u00e4uer sind als Folgen eines Jodmangels Kropfbildung, Fruchtbarkeitsst\u00f6rungen, Aborte, verminderter Geschlechtstrieb, reduzierte Spermaqualit\u00e4t und Haarlosigkeit beschrieben.&hellip;<\/p>\n","protected":false},"author":1,"featured_media":0,"parent":1332897,"menu_order":15,"comment_status":"closed","ping_status":"closed","template":"","meta":{"_seopress_robots_primary_cat":"","_seopress_titles_title":"","_seopress_titles_desc":"","_seopress_robots_index":"","footnotes":""},"class_list":["post-1335754","page","type-page","status-publish","hentry","description-off"],"_links":{"self":[{"href":"https:\/\/laboklin.de\/de-ch\/wp-json\/wp\/v2\/pages\/1335754","targetHints":{"allow":["GET"]}}],"collection":[{"href":"https:\/\/laboklin.de\/de-ch\/wp-json\/wp\/v2\/pages"}],"about":[{"href":"https:\/\/laboklin.de\/de-ch\/wp-json\/wp\/v2\/types\/page"}],"author":[{"embeddable":true,"href":"https:\/\/laboklin.de\/de-ch\/wp-json\/wp\/v2\/users\/1"}],"replies":[{"embeddable":true,"href":"https:\/\/laboklin.de\/de-ch\/wp-json\/wp\/v2\/comments?post=1335754"}],"version-history":[{"count":1,"href":"https:\/\/laboklin.de\/de-ch\/wp-json\/wp\/v2\/pages\/1335754\/revisions"}],"predecessor-version":[{"id":1504373,"href":"https:\/\/laboklin.de\/de-ch\/wp-json\/wp\/v2\/pages\/1335754\/revisions\/1504373"}],"up":[{"embeddable":true,"href":"https:\/\/laboklin.de\/de-ch\/wp-json\/wp\/v2\/pages\/1332897"}],"wp:attachment":[{"href":"https:\/\/laboklin.de\/de-ch\/wp-json\/wp\/v2\/media?parent=1335754"}],"curies":[{"name":"wp","href":"https:\/\/api.w.org\/{rel}","templated":true}]}}