{"id":1335752,"date":"2020-10-16T11:36:27","date_gmt":"2020-10-16T09:36:27","guid":{"rendered":"https:\/\/laboklin.de\/leistungen\/haematologie-klin-chemie-endokrinologie\/klinisch-chemische-parameter\/substrate\/fructosamine\/"},"modified":"2025-01-28T12:54:42","modified_gmt":"2025-01-28T11:54:42","slug":"fructosamine","status":"publish","type":"page","link":"https:\/\/laboklin.de\/de-ch\/leistungen\/haematologie-klin-chemie-endokrinologie\/klinisch-chemische-parameter\/substrate\/fructosamine\/","title":{"rendered":"Fructosamine"},"content":{"rendered":"<h3 class=\"csc-firstHeader\">Fructosamine<\/h3><p><span>LABOKLIN Leistungs-ID: 3011<\/span><\/p><p class=\"bodytext\"><br><\/p><table class=\"tx-laboklinleistung-table contenttable contenttable-2\" style=\"margin-top: 35px;\"><tr><td class=\"td-0\"><strong>Material<\/strong><\/td><td class=\"td-1\"><p class=\"bodytext\">Serum 1 ml bzw. S 0,5 ml beim Kleins\u00e4uger<\/p><\/td><\/tr><tr><td class=\"td-0\"><strong>Methode<\/strong><\/td><td class=\"td-1\"><p class=\"bodytext\">Photometrie<\/p><\/td><\/tr><tr><td class=\"td-0\"><strong>Dauer<\/strong><\/td><td class=\"td-1\"><p class=\"bodytext\">Befund\u00fcbermittlung am Tag des Probeneingangs (Mo.\u2013Sa.)<\/p><\/td><\/tr><tr><td class=\"td-0\"><strong>Anmerkung<\/strong><\/td><td class=\"td-1\"><p class=\"bodytext\"><ul><li>Die Bestimmung dient der Diagnose und Langzeit\u00fcberwachung von Diabetes-mellitus-Patienten, da die an Serumproteine gebundene Glucose den durchschnittlichen Glucosespiegel \u00fcber 2\u20133 Wochen widerspiegelt. Erh\u00f6hte Fructosamin-Konzentrationen sind auch bei Hyperprotein\u00e4mie und Hypothyreose zu finden. <\/li><li>Niedrige Fructosaminkonzentrationen treten im Zusammenhang mit Eiwei\u00dfmangel, erh\u00f6htem Proteinmetabolismus oder auch bei der Hyperthyreose der Katze auf. <\/li> <li><strong>Pferd:<\/strong> h\u00e4ufig erh\u00f6ht bei EMS<\/li><\/ul><\/p><\/td><\/tr><\/table>\n","protected":false},"excerpt":{"rendered":"<p>FructosamineLABOKLIN Leistungs-ID: 3011MaterialSerum 1 ml bzw. S 0,5 ml beim Kleins\u00e4ugerMethodePhotometrieDauerBefund\u00fcbermittlung am Tag des Probeneingangs (Mo.\u2013Sa.)AnmerkungDie Bestimmung dient der Diagnose und Langzeit\u00fcberwachung von Diabetes-mellitus-Patienten, da die an Serumproteine gebundene Glucose den durchschnittlichen Glucosespiegel \u00fcber 2\u20133 Wochen widerspiegelt. Erh\u00f6hte Fructosamin-Konzentrationen sind auch bei Hyperprotein\u00e4mie und Hypothyreose zu finden. Niedrige Fructosaminkonzentrationen treten im Zusammenhang mit Eiwei\u00dfmangel, erh\u00f6htem&hellip;<\/p>\n","protected":false},"author":1,"featured_media":0,"parent":1332895,"menu_order":15,"comment_status":"closed","ping_status":"closed","template":"","meta":{"_seopress_robots_primary_cat":"","_seopress_titles_title":"","_seopress_titles_desc":"","_seopress_robots_index":"","footnotes":""},"class_list":["post-1335752","page","type-page","status-publish","hentry","description-off"],"_links":{"self":[{"href":"https:\/\/laboklin.de\/de-ch\/wp-json\/wp\/v2\/pages\/1335752","targetHints":{"allow":["GET"]}}],"collection":[{"href":"https:\/\/laboklin.de\/de-ch\/wp-json\/wp\/v2\/pages"}],"about":[{"href":"https:\/\/laboklin.de\/de-ch\/wp-json\/wp\/v2\/types\/page"}],"author":[{"embeddable":true,"href":"https:\/\/laboklin.de\/de-ch\/wp-json\/wp\/v2\/users\/1"}],"replies":[{"embeddable":true,"href":"https:\/\/laboklin.de\/de-ch\/wp-json\/wp\/v2\/comments?post=1335752"}],"version-history":[{"count":1,"href":"https:\/\/laboklin.de\/de-ch\/wp-json\/wp\/v2\/pages\/1335752\/revisions"}],"predecessor-version":[{"id":1504320,"href":"https:\/\/laboklin.de\/de-ch\/wp-json\/wp\/v2\/pages\/1335752\/revisions\/1504320"}],"up":[{"embeddable":true,"href":"https:\/\/laboklin.de\/de-ch\/wp-json\/wp\/v2\/pages\/1332895"}],"wp:attachment":[{"href":"https:\/\/laboklin.de\/de-ch\/wp-json\/wp\/v2\/media?parent=1335752"}],"curies":[{"name":"wp","href":"https:\/\/api.w.org\/{rel}","templated":true}]}}