{"id":1335689,"date":"2021-08-10T15:40:48","date_gmt":"2021-08-10T13:40:48","guid":{"rendered":"https:\/\/laboklin.de\/leistungen\/genetik\/erbkrankheiten\/katze\/hypertrophe-kardiomyopathie-hcm4\/"},"modified":"2025-02-25T12:16:55","modified_gmt":"2025-02-25T11:16:55","slug":"hypertrophe-kardiomyopathie-hcm4","status":"publish","type":"page","link":"https:\/\/laboklin.de\/de-ch\/leistungen\/genetik\/erbkrankheiten\/katze\/hypertrophe-kardiomyopathie-hcm4\/","title":{"rendered":"Hypertrophe Kardiomyopathie (HCM4)"},"content":{"rendered":"<h3 class=\"csc-firstHeader\">Hypertrophe Kardiomyopathie (HCM4)<\/h3><p><span>LABOKLIN Leistungs-ID: 8695<\/span><\/p><p class=\"bodytext\">Die hypertrophe Kardiomyopathie (HCM) ist die am weitesten verbreitete Herzerkrankung bei Katzen und f\u00fchrt zu einer eingeschr\u00e4nkten Belastbarkeit. Die Diagnose erfolgt mittels Ultraschall-Untersuchung (Echokardiografie), unterst\u00fctzend dazu kann ein Gentest erfolgen. Das erste Krankheitszeichen der HCM ist eine verdickte Wand (konzentrische Hypertrophie) der linken Herzkammer (Ventrikel). Weitere Anteile des Herzens k\u00f6nnen ver\u00e4ndert sein, so die Papillarmuskeln und die linke Herzklappe (Mitralklappe). Infolgedessen vergr\u00f6\u00dfert sich schlie\u00dflich die linke Herzkammer. <br \/>\nDie HCM kann auf vielf\u00e4ltige Weise zum Tod f\u00fchren: pl\u00f6tzlicher Herztod durch Rhythmusst\u00f6rungen und Kammerflimmern; Herzversagen mit den Symptomen Herzrasen, beschleunigte Atmung, Kurzatmigkeit, Fl\u00fcssigkeitseinlagerungen in der Lunge (Lungen\u00f6dem) und in ihrer Ummantelung (Pleuraerguss) sowie durch die Bildung von Blutgerinnseln (Thrombusbildung). <br \/>\nNeben den bereits bekannten genetischen Varianten bei der Maine Coon bzw. bei der Ragdoll, konnte nun eine Variante im ALMS1-Gen bei der Sphynx-Katze gefunden werden, die mit einer HCM einhergeht. Das Alter der Katzen beim Auftreten der ersten Symptome sowie der Schweregrad der HCM kann sehr variabel ausgepr\u00e4gt sein. Die Diagnose der HCM bei der Sphynx kann im Alter zwischen 1-14 Jahren erfolgen. Da nicht alle genetisch betroffenen Katzen im Laufe ihres Lebens Symptome zeigen, spricht man von einer unvollst\u00e4ndigen Penetranz. Bislang ist es unklar ob das Risiko f\u00fcr die Auspr\u00e4gung der Erkrankung bei homozygot betroffenen Katzen (HCM\/HCM) h\u00f6her ist als bei heterozygoten Katzen (N\/HCM). Zudem geht man davon aus, dass neben dieser Variante mindestens noch eine weitere unbekannte Variante in dieser Rasse vorkommt, die eine HCM ausl\u00f6sen kann. <br \/>\n<\/p><table class=\"tx-laboklinleistung-table contenttable contenttable-2\" style=\"margin-top: 35px;\"><tr><td class=\"td-0\"><strong>Methode<\/strong><\/td><td class=\"td-1\"><p class=\"bodytext\">TaqMan SNP Assay, ggf. Sequenzierung<\/p><\/td><\/tr><tr><td class=\"td-0\"><strong>Rasse<\/strong><\/td><td class=\"td-1\"><p class=\"bodytext\">Sphynx<\/p><\/td><\/tr><tr><td class=\"td-0\"><strong>Erbgang<\/strong><\/td><td class=\"td-1\"><p class=\"bodytext\">autosomal-dominant mit unvollst\u00e4ndiger Penetranz<\/p><\/td><\/tr><tr><td class=\"td-0\"><strong>Dauer<\/strong><\/td><td class=\"td-1\"><p class=\"bodytext\">3 - 5 Werktage nach Erhalt der Probe (bei Sequenzierung 1 - 2 Wochen)<\/p><\/td><\/tr><\/table>\n","protected":false},"excerpt":{"rendered":"<p>Hypertrophe Kardiomyopathie (HCM4)LABOKLIN Leistungs-ID: 8695Die hypertrophe Kardiomyopathie (HCM) ist die am weitesten verbreitete Herzerkrankung bei Katzen und f\u00fchrt zu einer eingeschr\u00e4nkten Belastbarkeit. Die Diagnose erfolgt mittels Ultraschall-Untersuchung (Echokardiografie), unterst\u00fctzend dazu kann ein Gentest erfolgen. Das erste Krankheitszeichen der HCM ist eine verdickte Wand (konzentrische Hypertrophie) der linken Herzkammer (Ventrikel). Weitere Anteile des Herzens k\u00f6nnen ver\u00e4ndert&hellip;<\/p>\n","protected":false},"author":1,"featured_media":0,"parent":1332704,"menu_order":14,"comment_status":"closed","ping_status":"closed","template":"","meta":{"_seopress_robots_primary_cat":"","_seopress_titles_title":"","_seopress_titles_desc":"","_seopress_robots_index":"","footnotes":""},"class_list":["post-1335689","page","type-page","status-publish","hentry","description-off"],"_links":{"self":[{"href":"https:\/\/laboklin.de\/de-ch\/wp-json\/wp\/v2\/pages\/1335689","targetHints":{"allow":["GET"]}}],"collection":[{"href":"https:\/\/laboklin.de\/de-ch\/wp-json\/wp\/v2\/pages"}],"about":[{"href":"https:\/\/laboklin.de\/de-ch\/wp-json\/wp\/v2\/types\/page"}],"author":[{"embeddable":true,"href":"https:\/\/laboklin.de\/de-ch\/wp-json\/wp\/v2\/users\/1"}],"replies":[{"embeddable":true,"href":"https:\/\/laboklin.de\/de-ch\/wp-json\/wp\/v2\/comments?post=1335689"}],"version-history":[{"count":1,"href":"https:\/\/laboklin.de\/de-ch\/wp-json\/wp\/v2\/pages\/1335689\/revisions"}],"predecessor-version":[{"id":1335690,"href":"https:\/\/laboklin.de\/de-ch\/wp-json\/wp\/v2\/pages\/1335689\/revisions\/1335690"}],"up":[{"embeddable":true,"href":"https:\/\/laboklin.de\/de-ch\/wp-json\/wp\/v2\/pages\/1332704"}],"wp:attachment":[{"href":"https:\/\/laboklin.de\/de-ch\/wp-json\/wp\/v2\/media?parent=1335689"}],"curies":[{"name":"wp","href":"https:\/\/api.w.org\/{rel}","templated":true}]}}