{"id":1335668,"date":"2020-10-16T11:36:26","date_gmt":"2020-10-16T09:36:26","guid":{"rendered":"https:\/\/laboklin.de\/leistungen\/profile\/profile-screenings-kleintiere\/klinisch-chemische-profile-screenings-kleintiere\/leishmanien-profil-klein\/"},"modified":"2026-01-08T16:34:59","modified_gmt":"2026-01-08T15:34:59","slug":"leishmanien-profil-klein","status":"publish","type":"page","link":"https:\/\/laboklin.de\/de-ch\/leistungen\/profile\/profile-screenings-kleintiere\/klinisch-chemische-profile-screenings-kleintiere\/leishmanien-profil-klein\/","title":{"rendered":"Leishmanien-Profil klein"},"content":{"rendered":"<h3 class=\"csc-firstHeader\">Leishmanien-Profil klein<\/h3><p><span>LABOKLIN Leistungs-ID: 2240<\/span><\/p><table class=\"tx-laboklinleistung-table contenttable contenttable-2\" style=\"margin-top: 35px;\"><tr><td class=\"td-0\"><strong>Material<\/strong><\/td><td class=\"td-1\"><p class=\"bodytext\">Serum 1 ml + EDTA-Blut 1 ml <\/p><\/td><\/tr><tr><td class=\"td-0\"><strong>Parameter<\/strong><\/td><td class=\"td-1\"><p class=\"bodytext\">Leishmanien (ELISA), Eiwei\u00df, Serumproteinelektrophorese (inkl. Kurve mit Eiwei\u00dffraktionen), Kreatinin, Harnstoff, ALT, kleines Blutbild<\/p><\/td><\/tr><tr><td class=\"td-0\"><strong>Dauer<\/strong><\/td><td class=\"td-1\"><p class=\"bodytext\">1 Tag <\/p><\/td><\/tr><\/table>\n","protected":false},"excerpt":{"rendered":"<p>Enth\u00e4lt Leishmania-ELISA, Serum-Elektrophorese, kleines Blutbild, Nierenwerte (Kreatinin, Harnstoff) und ALT. Fr\u00fcherkennung von Infektion und Organsch\u00e4den bei Reisetieren.<\/p>\n","protected":false},"author":1,"featured_media":0,"parent":1332819,"menu_order":13,"comment_status":"closed","ping_status":"closed","template":"","meta":{"_seopress_robots_primary_cat":"","_seopress_titles_title":"Leishmanien-Profil f\u00fcr Kleintiere \u2013 Diagnose sicher","_seopress_titles_desc":"Enth\u00e4lt Leishmania-ELISA, Serum-Elektrophorese, kleines Blutbild, Nierenwerte (Kreatinin, Harnstoff) und ALT. Fr\u00fcherkennung von Infektion und Organsch\u00e4den bei Reisetieren.","_seopress_robots_index":"","footnotes":""},"class_list":["post-1335668","page","type-page","status-publish","hentry","description-off"],"_links":{"self":[{"href":"https:\/\/laboklin.de\/de-ch\/wp-json\/wp\/v2\/pages\/1335668","targetHints":{"allow":["GET"]}}],"collection":[{"href":"https:\/\/laboklin.de\/de-ch\/wp-json\/wp\/v2\/pages"}],"about":[{"href":"https:\/\/laboklin.de\/de-ch\/wp-json\/wp\/v2\/types\/page"}],"author":[{"embeddable":true,"href":"https:\/\/laboklin.de\/de-ch\/wp-json\/wp\/v2\/users\/1"}],"replies":[{"embeddable":true,"href":"https:\/\/laboklin.de\/de-ch\/wp-json\/wp\/v2\/comments?post=1335668"}],"version-history":[{"count":3,"href":"https:\/\/laboklin.de\/de-ch\/wp-json\/wp\/v2\/pages\/1335668\/revisions"}],"predecessor-version":[{"id":1580920,"href":"https:\/\/laboklin.de\/de-ch\/wp-json\/wp\/v2\/pages\/1335668\/revisions\/1580920"}],"up":[{"embeddable":true,"href":"https:\/\/laboklin.de\/de-ch\/wp-json\/wp\/v2\/pages\/1332819"}],"wp:attachment":[{"href":"https:\/\/laboklin.de\/de-ch\/wp-json\/wp\/v2\/media?parent=1335668"}],"curies":[{"name":"wp","href":"https:\/\/api.w.org\/{rel}","templated":true}]}}