{"id":1335658,"date":"2020-10-16T11:36:27","date_gmt":"2020-10-16T09:36:27","guid":{"rendered":"https:\/\/laboklin.de\/leistungen\/genetik\/erbkrankheiten\/pferd\/glycogen-branching-enzyme-deficiency-gbed\/"},"modified":"2025-02-25T12:33:15","modified_gmt":"2025-02-25T11:33:15","slug":"glycogen-branching-enzyme-deficiency-gbed","status":"publish","type":"page","link":"https:\/\/laboklin.de\/de-ch\/leistungen\/genetik\/erbkrankheiten\/pferd\/glycogen-branching-enzyme-deficiency-gbed\/","title":{"rendered":"Glycogen branching enzyme deficiency (GBED)"},"content":{"rendered":"<h3 class=\"csc-firstHeader\">Glycogen branching enzyme deficiency (GBED)<\/h3><p><span>LABOKLIN Leistungs-ID: 8137<\/span><\/p><p class=\"bodytext\">Betroffenen Fohlen fehlt das GBE, ein Enzym, das zur regul\u00e4ren Glykogen-Synthese und -Lagerung ben\u00f6tigt wird. Die haupts\u00e4chlich davon abh\u00e4ngigen Gewebe sind die Skelettmuskulatur, der Herzmuskel sowie das Gehirn. Klinisch \u00e4u\u00dfert sich GBED durch: Aborte, Totgeburten oder die Geburt lebensschwacher Fohlen; pl\u00f6tzlicher Herztod \u2013 v.a. auf der Weide \u2013 oder Tod durch Anfallserkrankung; hohe Atemfrequenz durch Schw\u00e4chung der Atemmuskulatur; generelle Schw\u00e4che, v.a. beim Aufstehen. Alle bisher bekannt gewordenen F\u00e4lle wurden euthanasiert oder starben bis zum Alter von max. 18 Wochen. Bis vor kurzem wurde GBED als Krankheit nicht erkannt, v.a. auch aufgrund der vielf\u00e4ltigen klinischen Symptome, die anderen Fohlenerkrankungen sehr \u00e4hneln. Dar\u00fcber hinaus konnten postmortem Routine-F\u00e4rbungen von Muskelgewebe die Erkrankung nicht aufdecken. Seit die Molekularbiologie einen genetischen Defekt nachweisen und einen Gentest zur Verf\u00fcgung stellen konnte, zeigen epidemiologische Untersuchungen, dass die Frequenz der Mutation bei Quarter Horses, Paint Horses und verwandten Blutlinien bei ca 10% liegt; es wird vermutet, dass GBED f\u00fcr mindestens 3% der QH-Aborte verantwortlich ist.<\/p><table class=\"tx-laboklinleistung-table contenttable contenttable-2\" style=\"margin-top: 35px;\"><tr><td class=\"td-0\"><strong>Methode<\/strong><\/td><td class=\"td-1\"><p class=\"bodytext\">TaqMan SNP Assay<\/p><\/td><\/tr><tr><td class=\"td-0\"><strong>Rasse<\/strong><\/td><td class=\"td-1\"><p class=\"bodytext\">Appaloosa, Paint Horse, Quarab, Quarter Horse, Quarter Pony<\/p><\/td><\/tr><tr><td class=\"td-0\"><strong>Erbgang<\/strong><\/td><td class=\"td-1\"><p class=\"bodytext\">autosomal-rezessiv<\/p><\/td><\/tr><tr><td class=\"td-0\"><strong>Dauer<\/strong><\/td><td class=\"td-1\"><p class=\"bodytext\">3 - 5 Werktage nach Erhalt der Probe<\/p><\/td><\/tr><\/table>\n","protected":false},"excerpt":{"rendered":"<p>Glycogen branching enzyme deficiency (GBED)LABOKLIN Leistungs-ID: 8137Betroffenen Fohlen fehlt das GBE, ein Enzym, das zur regul\u00e4ren Glykogen-Synthese und -Lagerung ben\u00f6tigt wird. Die haupts\u00e4chlich davon abh\u00e4ngigen Gewebe sind die Skelettmuskulatur, der Herzmuskel sowie das Gehirn. Klinisch \u00e4u\u00dfert sich GBED durch: Aborte, Totgeburten oder die Geburt lebensschwacher Fohlen; pl\u00f6tzlicher Herztod \u2013 v.a. auf der Weide \u2013 oder&hellip;<\/p>\n","protected":false},"author":1,"featured_media":0,"parent":1332709,"menu_order":13,"comment_status":"closed","ping_status":"closed","template":"","meta":{"_seopress_robots_primary_cat":"","_seopress_titles_title":"","_seopress_titles_desc":"","_seopress_robots_index":"","footnotes":""},"class_list":["post-1335658","page","type-page","status-publish","hentry","description-off"],"_links":{"self":[{"href":"https:\/\/laboklin.de\/de-ch\/wp-json\/wp\/v2\/pages\/1335658","targetHints":{"allow":["GET"]}}],"collection":[{"href":"https:\/\/laboklin.de\/de-ch\/wp-json\/wp\/v2\/pages"}],"about":[{"href":"https:\/\/laboklin.de\/de-ch\/wp-json\/wp\/v2\/types\/page"}],"author":[{"embeddable":true,"href":"https:\/\/laboklin.de\/de-ch\/wp-json\/wp\/v2\/users\/1"}],"replies":[{"embeddable":true,"href":"https:\/\/laboklin.de\/de-ch\/wp-json\/wp\/v2\/comments?post=1335658"}],"version-history":[{"count":1,"href":"https:\/\/laboklin.de\/de-ch\/wp-json\/wp\/v2\/pages\/1335658\/revisions"}],"predecessor-version":[{"id":1510726,"href":"https:\/\/laboklin.de\/de-ch\/wp-json\/wp\/v2\/pages\/1335658\/revisions\/1510726"}],"up":[{"embeddable":true,"href":"https:\/\/laboklin.de\/de-ch\/wp-json\/wp\/v2\/pages\/1332709"}],"wp:attachment":[{"href":"https:\/\/laboklin.de\/de-ch\/wp-json\/wp\/v2\/media?parent=1335658"}],"curies":[{"name":"wp","href":"https:\/\/api.w.org\/{rel}","templated":true}]}}