{"id":1335637,"date":"2020-10-16T11:36:27","date_gmt":"2020-10-16T09:36:27","guid":{"rendered":"https:\/\/laboklin.de\/leistungen\/haematologie-klin-chemie-endokrinologie\/klinisch-chemische-parameter\/substrate\/indoxylsulfat\/"},"modified":"2025-01-28T12:57:55","modified_gmt":"2025-01-28T11:57:55","slug":"indoxylsulfat","status":"publish","type":"page","link":"https:\/\/laboklin.de\/de-ch\/leistungen\/haematologie-klin-chemie-endokrinologie\/klinisch-chemische-parameter\/substrate\/indoxylsulfat\/","title":{"rendered":"Indoxylsulfat"},"content":{"rendered":"<h3 class=\"csc-firstHeader\">Indoxylsulfat<\/h3><p><span>LABOKLIN Leistungs-ID: 251<\/span><\/p><table class=\"tx-laboklinleistung-table contenttable contenttable-2\" style=\"margin-top: 35px;\"><tr><td class=\"td-0\"><strong>Material<\/strong><\/td><td class=\"td-1\"><p class=\"bodytext\">Serum 0,5 ml (n\u00fcchtern)<\/p><\/td><\/tr><tr><td class=\"td-0\"><strong>Methode<\/strong><\/td><td class=\"td-1\"><p class=\"bodytext\">HPLC<\/p><\/td><\/tr><tr><td class=\"td-0\"><strong>Dauer<\/strong><\/td><td class=\"td-1\"><p class=\"bodytext\">2\u20134 Arbeitstage<\/p><\/td><\/tr><tr><td class=\"td-0\"><strong>Anmerkung<\/strong><\/td><td class=\"td-1\"><p class=\"bodytext\"><ul><li> Darmbakterien bilden beim Abbau von Tryptophan Indol, das in der Leber zu Indoxylsulfat metabolisiert wird. <\/li><li> Indoxylsulfat ist ein ur\u00e4misches Toxin, das physiologischerweise von den Nieren ausgeschieden wird und dessen Konzentration im Serum bei Nierenfunktionsst\u00f6rung ansteigt. Dadurch wird das Nierengewebe fortw\u00e4hrend gesch\u00e4digt, wodurch die Erkrankung fortschreitet.<\/li><\/ul><\/p><\/td><\/tr><\/table>\n","protected":false},"excerpt":{"rendered":"<p>IndoxylsulfatLABOKLIN Leistungs-ID: 251MaterialSerum 0,5 ml (n\u00fcchtern)MethodeHPLCDauer2\u20134 ArbeitstageAnmerkung Darmbakterien bilden beim Abbau von Tryptophan Indol, das in der Leber zu Indoxylsulfat metabolisiert wird. Indoxylsulfat ist ein ur\u00e4misches Toxin, das physiologischerweise von den Nieren ausgeschieden wird und dessen Konzentration im Serum bei Nierenfunktionsst\u00f6rung ansteigt. Dadurch wird das Nierengewebe fortw\u00e4hrend gesch\u00e4digt, wodurch die Erkrankung fortschreitet.<\/p>\n","protected":false},"author":1,"featured_media":0,"parent":1332895,"menu_order":13,"comment_status":"closed","ping_status":"closed","template":"","meta":{"_seopress_robots_primary_cat":"","_seopress_titles_title":"","_seopress_titles_desc":"","_seopress_robots_index":"","footnotes":""},"class_list":["post-1335637","page","type-page","status-publish","hentry","description-off"],"_links":{"self":[{"href":"https:\/\/laboklin.de\/de-ch\/wp-json\/wp\/v2\/pages\/1335637","targetHints":{"allow":["GET"]}}],"collection":[{"href":"https:\/\/laboklin.de\/de-ch\/wp-json\/wp\/v2\/pages"}],"about":[{"href":"https:\/\/laboklin.de\/de-ch\/wp-json\/wp\/v2\/types\/page"}],"author":[{"embeddable":true,"href":"https:\/\/laboklin.de\/de-ch\/wp-json\/wp\/v2\/users\/1"}],"replies":[{"embeddable":true,"href":"https:\/\/laboklin.de\/de-ch\/wp-json\/wp\/v2\/comments?post=1335637"}],"version-history":[{"count":1,"href":"https:\/\/laboklin.de\/de-ch\/wp-json\/wp\/v2\/pages\/1335637\/revisions"}],"predecessor-version":[{"id":1504335,"href":"https:\/\/laboklin.de\/de-ch\/wp-json\/wp\/v2\/pages\/1335637\/revisions\/1504335"}],"up":[{"embeddable":true,"href":"https:\/\/laboklin.de\/de-ch\/wp-json\/wp\/v2\/pages\/1332895"}],"wp:attachment":[{"href":"https:\/\/laboklin.de\/de-ch\/wp-json\/wp\/v2\/media?parent=1335637"}],"curies":[{"name":"wp","href":"https:\/\/api.w.org\/{rel}","templated":true}]}}