{"id":1335634,"date":"2020-10-16T11:36:27","date_gmt":"2020-10-16T09:36:27","guid":{"rendered":"https:\/\/laboklin.de\/leistungen\/haematologie-klin-chemie-endokrinologie\/klinisch-chemische-parameter\/enzyme\/ldh-lactatdehydrogenase\/"},"modified":"2025-01-28T12:34:43","modified_gmt":"2025-01-28T11:34:43","slug":"ldh-lactatdehydrogenase","status":"publish","type":"page","link":"https:\/\/laboklin.de\/de-ch\/leistungen\/haematologie-klin-chemie-endokrinologie\/klinisch-chemische-parameter\/enzyme\/ldh-lactatdehydrogenase\/","title":{"rendered":"LDH (Lactatdehydrogenase)"},"content":{"rendered":"<h3 class=\"csc-firstHeader\">LDH (Lactatdehydrogenase)<\/h3><p><span>LABOKLIN Leistungs-ID: 11<\/span><\/p><p class=\"bodytext\"><br><\/p><table class=\"tx-laboklinleistung-table contenttable contenttable-2\" style=\"margin-top: 35px;\"><tr><td class=\"td-0\"><strong>Material<\/strong><\/td><td class=\"td-1\"><p class=\"bodytext\">Serum oder EDTA-Plasma oder Heparin-Plasma 0,5 ml<\/p><\/td><\/tr><tr><td class=\"td-0\"><strong>Methode<\/strong><\/td><td class=\"td-1\"><p class=\"bodytext\">Photometrie<\/p><\/td><\/tr><tr><td class=\"td-0\"><strong>Dauer<\/strong><\/td><td class=\"td-1\"><p class=\"bodytext\">Befund\u00fcbermittlung am Tag des Probeneingangs (Mo.-Sa.)<\/p><\/td><\/tr><tr><td class=\"td-0\"><strong>Anmerkung<\/strong><\/td><td class=\"td-1\"><p class=\"bodytext\"><ul><li>LDH besteht aus f\u00fcnf Isoenzymen und ist in vielen Geweben, vor allem in Leber, Herz- und Skelettmuskulatur, vorhanden. <\/li><li>Da Erythrozyten hohe LDH-Konzentrationen enthalten, kann bereits geringe H\u00e4molyse zu erh\u00f6hten Serumkonzentrationen f\u00fchren. <\/li><li>Erh\u00f6hte Aktivit\u00e4t tritt bei Myo- und Kardiomyopathien sowie Lebererkrankungen auf.<\/li><li>Das Verh\u00e4ltnis von \u03b1-HBDH zu LDH kann Hinweise auf Herz- oder Skelettmuskelbeteiligung geben.<\/li><\/ul><\/p><\/td><\/tr><\/table>\n","protected":false},"excerpt":{"rendered":"<p>LDH (Lactatdehydrogenase)LABOKLIN Leistungs-ID: 11MaterialSerum oder EDTA-Plasma oder Heparin-Plasma 0,5 mlMethodePhotometrieDauerBefund\u00fcbermittlung am Tag des Probeneingangs (Mo.-Sa.)AnmerkungLDH besteht aus f\u00fcnf Isoenzymen und ist in vielen Geweben, vor allem in Leber, Herz- und Skelettmuskulatur, vorhanden. Da Erythrozyten hohe LDH-Konzentrationen enthalten, kann bereits geringe H\u00e4molyse zu erh\u00f6hten Serumkonzentrationen f\u00fchren. Erh\u00f6hte Aktivit\u00e4t tritt bei Myo- und Kardiomyopathien sowie Lebererkrankungen auf.Das&hellip;<\/p>\n","protected":false},"author":1,"featured_media":0,"parent":1332893,"menu_order":13,"comment_status":"closed","ping_status":"closed","template":"","meta":{"_seopress_robots_primary_cat":"","_seopress_titles_title":"","_seopress_titles_desc":"","_seopress_robots_index":"","footnotes":""},"class_list":["post-1335634","page","type-page","status-publish","hentry","description-off"],"_links":{"self":[{"href":"https:\/\/laboklin.de\/de-ch\/wp-json\/wp\/v2\/pages\/1335634","targetHints":{"allow":["GET"]}}],"collection":[{"href":"https:\/\/laboklin.de\/de-ch\/wp-json\/wp\/v2\/pages"}],"about":[{"href":"https:\/\/laboklin.de\/de-ch\/wp-json\/wp\/v2\/types\/page"}],"author":[{"embeddable":true,"href":"https:\/\/laboklin.de\/de-ch\/wp-json\/wp\/v2\/users\/1"}],"replies":[{"embeddable":true,"href":"https:\/\/laboklin.de\/de-ch\/wp-json\/wp\/v2\/comments?post=1335634"}],"version-history":[{"count":1,"href":"https:\/\/laboklin.de\/de-ch\/wp-json\/wp\/v2\/pages\/1335634\/revisions"}],"predecessor-version":[{"id":1504279,"href":"https:\/\/laboklin.de\/de-ch\/wp-json\/wp\/v2\/pages\/1335634\/revisions\/1504279"}],"up":[{"embeddable":true,"href":"https:\/\/laboklin.de\/de-ch\/wp-json\/wp\/v2\/pages\/1332893"}],"wp:attachment":[{"href":"https:\/\/laboklin.de\/de-ch\/wp-json\/wp\/v2\/media?parent=1335634"}],"curies":[{"name":"wp","href":"https:\/\/api.w.org\/{rel}","templated":true}]}}