{"id":1335620,"date":"2022-08-18T13:44:18","date_gmt":"2022-08-18T11:44:18","guid":{"rendered":"https:\/\/laboklin.de\/leistungen\/genetik\/erbkrankheiten\/katze\/faktor-xi-defizienz\/"},"modified":"2025-02-25T12:12:03","modified_gmt":"2025-02-25T11:12:03","slug":"faktor-xi-defizienz-f11","status":"publish","type":"page","link":"https:\/\/laboklin.de\/de-ch\/leistungen\/genetik\/erbkrankheiten\/katze\/faktor-xi-defizienz-f11\/","title":{"rendered":"Faktor XI-Defizienz (F11)"},"content":{"rendered":"<h3 class=\"csc-firstHeader\">Faktor XI-Defizienz (F11)<\/h3><p><span>LABOKLIN Leistungs-ID: 8729<\/span><\/p><p class=\"bodytext\">Der Koagulationsfaktor XI ist ein Plasmaprotein und beteiligt an der intrinsischen Kaskade der Blutgerinnung. Die Blutungstendenz bei Faktor XI-Mangel ist im Gegensatz zu H\u00e4mophilien nur geringgradig erh\u00f6ht. Typisch sind H\u00e4matome und andere leichte Blutungen, die nur manchmal nach Trauma oder chirurgischen Eingriffen auftreten. Ein Faktor XI-Mangel verl\u00e4ngert die partielle Thromboplastinzeit im Plasma, aber die Thromboplastinzeit bleibt normal. Laboklin hat Maine-Coon-Katzen mit erh\u00f6hter Blutungsneigung sowie deren Verwandte untersucht und einen Gendefekt im Faktor XI identifiziert. Dabei wurden auch homozygot erkrankte und Tr\u00e4gertiere (Carrier) in Europa nachgewiesen. Der Faktor XI-Mangel wird autosomal-rezessiv vererbt. Anhand dieses Gentests k\u00f6nnen Maine-Coon-Katzen, die ein erh\u00f6htes Blutungsrisiko tragen, aber auch symptomlose Tr\u00e4gertiere sicher identifiziert und die Verbreitung dieses Gendefektes bei der Zucht eingeschr\u00e4nkt werden.<\/p><table class=\"tx-laboklinleistung-table contenttable contenttable-2\" style=\"margin-top: 35px;\"><tr><td class=\"td-0\"><strong>Methode<\/strong><\/td><td class=\"td-1\"><p class=\"bodytext\">TaqMan SNP Assay<\/p><\/td><\/tr><tr><td class=\"td-0\"><strong>Rasse<\/strong><\/td><td class=\"td-1\"><p class=\"bodytext\">Maine Coon<\/p><\/td><\/tr><tr><td class=\"td-0\"><strong>Erbgang<\/strong><\/td><td class=\"td-1\"><p class=\"bodytext\">autosomal-rezessiv<\/p><\/td><\/tr><tr><td class=\"td-0\"><strong>Dauer<\/strong><\/td><td class=\"td-1\"><p class=\"bodytext\">3 - 5 Werktage nach Erhalt der Probe<\/p><\/td><\/tr><\/table>\n","protected":false},"excerpt":{"rendered":"<p>Faktor XI-Defizienz (F11)LABOKLIN Leistungs-ID: 8729Der Koagulationsfaktor XI ist ein Plasmaprotein und beteiligt an der intrinsischen Kaskade der Blutgerinnung. Die Blutungstendenz bei Faktor XI-Mangel ist im Gegensatz zu H\u00e4mophilien nur geringgradig erh\u00f6ht. Typisch sind H\u00e4matome und andere leichte Blutungen, die nur manchmal nach Trauma oder chirurgischen Eingriffen auftreten. Ein Faktor XI-Mangel verl\u00e4ngert die partielle Thromboplastinzeit im&hellip;<\/p>\n","protected":false},"author":1,"featured_media":0,"parent":1332704,"menu_order":13,"comment_status":"closed","ping_status":"closed","template":"","meta":{"_seopress_robots_primary_cat":"","_seopress_titles_title":"","_seopress_titles_desc":"","_seopress_robots_index":"","footnotes":""},"class_list":["post-1335620","page","type-page","status-publish","hentry","description-off"],"_links":{"self":[{"href":"https:\/\/laboklin.de\/de-ch\/wp-json\/wp\/v2\/pages\/1335620","targetHints":{"allow":["GET"]}}],"collection":[{"href":"https:\/\/laboklin.de\/de-ch\/wp-json\/wp\/v2\/pages"}],"about":[{"href":"https:\/\/laboklin.de\/de-ch\/wp-json\/wp\/v2\/types\/page"}],"author":[{"embeddable":true,"href":"https:\/\/laboklin.de\/de-ch\/wp-json\/wp\/v2\/users\/1"}],"replies":[{"embeddable":true,"href":"https:\/\/laboklin.de\/de-ch\/wp-json\/wp\/v2\/comments?post=1335620"}],"version-history":[{"count":2,"href":"https:\/\/laboklin.de\/de-ch\/wp-json\/wp\/v2\/pages\/1335620\/revisions"}],"predecessor-version":[{"id":1486668,"href":"https:\/\/laboklin.de\/de-ch\/wp-json\/wp\/v2\/pages\/1335620\/revisions\/1486668"}],"up":[{"embeddable":true,"href":"https:\/\/laboklin.de\/de-ch\/wp-json\/wp\/v2\/pages\/1332704"}],"wp:attachment":[{"href":"https:\/\/laboklin.de\/de-ch\/wp-json\/wp\/v2\/media?parent=1335620"}],"curies":[{"name":"wp","href":"https:\/\/api.w.org\/{rel}","templated":true}]}}