{"id":1335591,"date":"2020-10-16T11:36:26","date_gmt":"2020-10-16T09:36:26","guid":{"rendered":"https:\/\/laboklin.de\/leistungen\/profile\/profile-screenings-kleintiere\/klinisch-chemische-profile-screenings-kleintiere\/leukaemie-lymphom-profil\/"},"modified":"2025-01-27T09:25:23","modified_gmt":"2025-01-27T08:25:23","slug":"leukaemie-lymphom-profil","status":"publish","type":"page","link":"https:\/\/laboklin.de\/de-ch\/leistungen\/profile\/profile-screenings-kleintiere\/klinisch-chemische-profile-screenings-kleintiere\/leukaemie-lymphom-profil\/","title":{"rendered":"Leuk\u00e4mie-\/Lymphom-Profil"},"content":{"rendered":"<h3 class=\"csc-firstHeader\">Leuk\u00e4mie-\/Lymphom-Profil<\/h3><p><span>LABOKLIN Leistungs-ID: 2380<\/span><\/p><table class=\"tx-laboklinleistung-table contenttable contenttable-2\" style=\"margin-top: 35px;\"><tr><td class=\"td-0\"><strong>Material<\/strong><\/td><td class=\"td-1\"><p class=\"bodytext\"><strong>aus Blut\/Punktat:<\/strong> Lymphknotenaspirat (in NaCl-Serum-Gemisch, sollte im Mischungsverh\u00e4ltnis 50:50 geschickt werden), peripheres Blut (EDTA-Blut oder Heparin-Blut 2 ml) + Blutausstrich<br><strong>aus Knochenmark:<\/strong> Knochenmark, Knochenmarksausstriche oder Knochenmarkspunktat + peripheres Blut (EDTA-Blut oder Heparin-Blut 2 ml) + Blutausstrich<br>(maximales <strong>Probenalter<\/strong> - l\u00e4nderspezifisch! - siehe <strong>Untersuchungsauftrag<\/strong>)<\/p><\/td><\/tr><tr><td class=\"td-0\"><strong>Parameter<\/strong><\/td><td class=\"td-1\"><p class=\"bodytext\">gro\u00dfes Blutbild (wenn peripheres Blut eingesandt), Zytologie\/Blutausstrich zytologisch, Leuk\u00e4mie-Immunoph\u00e4notypisierung (mittels Durchflusszytometrie; lymphatische Zellen), Vorl\u00e4uferzellen (je nach Tierart), Lymphozytenklonalit\u00e4t (mittels PARR)<\/p><\/td><\/tr><tr><td class=\"td-0\"><strong>Dauer<\/strong><\/td><td class=\"td-1\"><p class=\"bodytext\">2-5 Arbeitstage<\/p><\/td><\/tr><tr><td class=\"td-0\"><strong>Anmerkung<\/strong><\/td><td class=\"td-1\"><p class=\"bodytext\"><ul><li>Es wird empfohlen, wenn m\u00f6glich mehr Blut einzusenden, da f\u00fcr die Immunoph\u00e4notypsierung bei niedriger Gesamtleukoyztenzahl bis 5 ml Probenvolumen ben\u00f6tigt werden.<\/li><li>F\u00fcr eine vollst\u00e4ndige Aufarbeitung bei Leuk\u00e4mieverdacht wird immer das Leuk\u00e4mieprofil angeraten und sollte in Korrelation mit Klinik und Vorbericht interpretiert werden.<\/li> <li>siehe auch Leuk\u00e4mie-Immunoph\u00e4notypisierung.<\/li> <li>siehe auch Lymphozytenklonalit\u00e4t (PARR).<\/li><li>Bitten nutzen Sie f\u00fcr die Untersuchung aus Blut\/Punktat Leistungs-ID 2380 und aus Knochenmark Leistungs-ID 2370.<\/li><\/ul><\/p><\/td><\/tr><\/table>\n","protected":false},"excerpt":{"rendered":"<p>Leuk\u00e4mie-\/Lymphom-ProfilLABOKLIN Leistungs-ID: 2380Materialaus Blut\/Punktat: Lymphknotenaspirat (in NaCl-Serum-Gemisch, sollte im Mischungsverh\u00e4ltnis 50:50 geschickt werden), peripheres Blut (EDTA-Blut oder Heparin-Blut 2 ml) + Blutausstrichaus Knochenmark: Knochenmark, Knochenmarksausstriche oder Knochenmarkspunktat + peripheres Blut (EDTA-Blut oder Heparin-Blut 2 ml) + Blutausstrich(maximales Probenalter &#8211; l\u00e4nderspezifisch! &#8211; siehe Untersuchungsauftrag)Parametergro\u00dfes Blutbild (wenn peripheres Blut eingesandt), Zytologie\/Blutausstrich zytologisch, Leuk\u00e4mie-Immunoph\u00e4notypisierung (mittels Durchflusszytometrie; lymphatische Zellen),&hellip;<\/p>\n","protected":false},"author":1,"featured_media":0,"parent":1332819,"menu_order":12,"comment_status":"closed","ping_status":"closed","template":"","meta":{"_seopress_robots_primary_cat":"","_seopress_titles_title":"","_seopress_titles_desc":"","_seopress_robots_index":"","footnotes":""},"class_list":["post-1335591","page","type-page","status-publish","hentry","description-off"],"_links":{"self":[{"href":"https:\/\/laboklin.de\/de-ch\/wp-json\/wp\/v2\/pages\/1335591","targetHints":{"allow":["GET"]}}],"collection":[{"href":"https:\/\/laboklin.de\/de-ch\/wp-json\/wp\/v2\/pages"}],"about":[{"href":"https:\/\/laboklin.de\/de-ch\/wp-json\/wp\/v2\/types\/page"}],"author":[{"embeddable":true,"href":"https:\/\/laboklin.de\/de-ch\/wp-json\/wp\/v2\/users\/1"}],"replies":[{"embeddable":true,"href":"https:\/\/laboklin.de\/de-ch\/wp-json\/wp\/v2\/comments?post=1335591"}],"version-history":[{"count":1,"href":"https:\/\/laboklin.de\/de-ch\/wp-json\/wp\/v2\/pages\/1335591\/revisions"}],"predecessor-version":[{"id":1503353,"href":"https:\/\/laboklin.de\/de-ch\/wp-json\/wp\/v2\/pages\/1335591\/revisions\/1503353"}],"up":[{"embeddable":true,"href":"https:\/\/laboklin.de\/de-ch\/wp-json\/wp\/v2\/pages\/1332819"}],"wp:attachment":[{"href":"https:\/\/laboklin.de\/de-ch\/wp-json\/wp\/v2\/media?parent=1335591"}],"curies":[{"name":"wp","href":"https:\/\/api.w.org\/{rel}","templated":true}]}}