{"id":1335589,"date":"2020-10-16T11:36:27","date_gmt":"2020-10-16T09:36:27","guid":{"rendered":"https:\/\/laboklin.de\/leistungen\/genetik\/fellfarbe-haarstruktur\/pferd\/incontinentia-pigmenti-hyperpigmentierung\/"},"modified":"2025-02-25T13:25:45","modified_gmt":"2025-02-25T12:25:45","slug":"incontinentia-pigmenti-hyperpigmentierung","status":"publish","type":"page","link":"https:\/\/laboklin.de\/de-ch\/leistungen\/genetik\/fellfarbe-haarstruktur\/pferd\/incontinentia-pigmenti-hyperpigmentierung\/","title":{"rendered":"Incontinentia pigmenti (Hyperpigmentierung)"},"content":{"rendered":"<h3 class=\"csc-firstHeader\">Incontinentia pigmenti (Hyperpigmentierung)<\/h3><p><span>LABOKLIN Leistungs-ID: 8586<\/span><\/p><p class=\"bodytext\">Incontinentia pigmenti (IP) ist eine ektodermale Dysplasie, bei der sich im Laufe der Zeit Hautl\u00e4sionen sowie Zahn-, Huf- und Augenanomalien entwickeln. Bald nach der Geburt entstehen bei den betroffenen Pferden juckende, exsudative L\u00e4sionen der Haut. Diese entwickeln sich teils warzenartig. Es k\u00f6nnen Bereiche mit Alopezie entstehen, in denen gelegentlich wolliges Haar nachw\u00e4chst. Betroffene Pferde zeigen von Geburt an Streifen - \u00e4hnlich einer Brindle-F\u00e4rbung \u2013 im Fell. Durch X-chromosomal dominante Vererbung k\u00f6nnen die IP Symptome nur bei weiblichen Individuen auftreten, betroffene m\u00e4nnliche Embryonen sterben bereits w\u00e4hrend der Entwicklung in utero.<\/p><table class=\"tx-laboklinleistung-table contenttable contenttable-2\" style=\"margin-top: 35px;\"><tr><td class=\"td-0\"><strong>Methode<\/strong><\/td><td class=\"td-1\"><p class=\"bodytext\">Sequenzierung<\/p><\/td><\/tr><tr><td class=\"td-0\"><strong>Erbgang<\/strong><\/td><td class=\"td-1\"><p class=\"bodytext\">X-chromosomal-dominant<\/p><\/td><\/tr><tr><td class=\"td-0\"><strong>Dauer<\/strong><\/td><td class=\"td-1\"><p class=\"bodytext\">1 - 2 Wochen nach Erhalt der Probe<\/p><\/td><\/tr><\/table>\n","protected":false},"excerpt":{"rendered":"<p>Incontinentia pigmenti (Hyperpigmentierung)LABOKLIN Leistungs-ID: 8586Incontinentia pigmenti (IP) ist eine ektodermale Dysplasie, bei der sich im Laufe der Zeit Hautl\u00e4sionen sowie Zahn-, Huf- und Augenanomalien entwickeln. Bald nach der Geburt entstehen bei den betroffenen Pferden juckende, exsudative L\u00e4sionen der Haut. Diese entwickeln sich teils warzenartig. Es k\u00f6nnen Bereiche mit Alopezie entstehen, in denen gelegentlich wolliges Haar&hellip;<\/p>\n","protected":false},"author":1,"featured_media":0,"parent":1332723,"menu_order":12,"comment_status":"closed","ping_status":"closed","template":"","meta":{"_seopress_robots_primary_cat":"","_seopress_titles_title":"","_seopress_titles_desc":"","_seopress_robots_index":"","footnotes":""},"class_list":["post-1335589","page","type-page","status-publish","hentry","description-off"],"_links":{"self":[{"href":"https:\/\/laboklin.de\/de-ch\/wp-json\/wp\/v2\/pages\/1335589","targetHints":{"allow":["GET"]}}],"collection":[{"href":"https:\/\/laboklin.de\/de-ch\/wp-json\/wp\/v2\/pages"}],"about":[{"href":"https:\/\/laboklin.de\/de-ch\/wp-json\/wp\/v2\/types\/page"}],"author":[{"embeddable":true,"href":"https:\/\/laboklin.de\/de-ch\/wp-json\/wp\/v2\/users\/1"}],"replies":[{"embeddable":true,"href":"https:\/\/laboklin.de\/de-ch\/wp-json\/wp\/v2\/comments?post=1335589"}],"version-history":[{"count":1,"href":"https:\/\/laboklin.de\/de-ch\/wp-json\/wp\/v2\/pages\/1335589\/revisions"}],"predecessor-version":[{"id":1510918,"href":"https:\/\/laboklin.de\/de-ch\/wp-json\/wp\/v2\/pages\/1335589\/revisions\/1510918"}],"up":[{"embeddable":true,"href":"https:\/\/laboklin.de\/de-ch\/wp-json\/wp\/v2\/pages\/1332723"}],"wp:attachment":[{"href":"https:\/\/laboklin.de\/de-ch\/wp-json\/wp\/v2\/media?parent=1335589"}],"curies":[{"name":"wp","href":"https:\/\/api.w.org\/{rel}","templated":true}]}}