{"id":1335584,"date":"2020-10-16T11:36:27","date_gmt":"2020-10-16T09:36:27","guid":{"rendered":"https:\/\/laboklin.de\/leistungen\/genetik\/fellfarbe-haarstruktur\/hund\/haaren-shedding\/"},"modified":"2025-02-25T13:03:51","modified_gmt":"2025-02-25T12:03:51","slug":"haaren-shedding","status":"publish","type":"page","link":"https:\/\/laboklin.de\/de-ch\/leistungen\/genetik\/fellfarbe-haarstruktur\/hund\/haaren-shedding\/","title":{"rendered":"Haaren (Shedding)"},"content":{"rendered":"<h3 class=\"csc-firstHeader\">Haaren (Shedding)<\/h3><p><span>LABOKLIN Leistungs-ID: 8403<\/span><\/p><p class=\"bodytext\">Die Fellstruktur des Hundes wird von verschiedenen bekannten genetischen Merkmalen beeinflusst. Eine Variante des MC5R-Gens ist mit dem Haaren sowie der Haarl\u00e4nge assoziiert.<br \/>\r\nDas rezessive sh-Allel (f\u00fcr shedding, Haaren) wurde in vielen Rassen reinerbig (Genotyp sh\/sh) nachgewiesen, welche stark haaren. Hunde die mindestens ein N-Allel (non-shedding) besitzen verlieren weniger Haare.<br \/>\r\nZus\u00e4tzlich wird das Haaren auch durch das Furnishing des RSPO2-Gens beeinflusst. Unabh\u00e4ngig vom Genotyp der Shedding-Variante im MC5R-Gen haaren Hunde, die das dominante F-Allel f\u00fcr Furnishing reinerbig besitzen (Genotyp F\/F), signifikant weniger.<br \/>\r\nDie Haarl\u00e4nge wird ma\u00dfgeblich durch rezessive Varianten des FGF5-Gens (Haarl\u00e4nge-Lokus) und die dominante Furnishing-Variante des RSPO2-Gens determiniert. Zus\u00e4tzlichen Einfluss hat auch die Shedding-Variante des MC5R-Gens.<br \/>\r\nL\u00e4ngere Haare entstehen durch die rezessiven l-Allele (langhaarig), das dominante F-Allel (rauhaarig\/furnished) sowie das rezessive sh-Allel (shedding), w\u00e4hrend k\u00fcrzere Haare durch die dominanten L-Allele (kurzhaarig), das rezessive f-Allel (glatthaarig\/unfurnished) und das dominante N-Allel (non-shedding) bedingt sind. <br \/>\r\nVor allem mittlere Haarl\u00e4ngen bei genetisch kurzhaarigen (FGF5 L\/L oder L\/l) und glatthaarigen Rassen aus der Gruppe der Sch\u00e4ferhunde und Retriever k\u00f6nnen in einigen F\u00e4llen \u00fcber die Shedding-Variante des MC5R-Gens erkl\u00e4rt werden.<br \/>\r\n<\/p><table class=\"tx-laboklinleistung-table contenttable contenttable-2\" style=\"margin-top: 35px;\"><tr><td class=\"td-0\"><strong>Methode<\/strong><\/td><td class=\"td-1\"><p class=\"bodytext\">Sequenzierung<\/p><\/td><\/tr><tr><td class=\"td-0\"><strong>Erbgang<\/strong><\/td><td class=\"td-1\"><p class=\"bodytext\">autosomal-rezessiv<\/p><\/td><\/tr><tr><td class=\"td-0\"><strong>Dauer<\/strong><\/td><td class=\"td-1\"><p class=\"bodytext\">1 - 2 Wochen nach Erhalt der Probe<\/p><\/td><\/tr><\/table>\n","protected":false},"excerpt":{"rendered":"<p>Haaren (Shedding)LABOKLIN Leistungs-ID: 8403Die Fellstruktur des Hundes wird von verschiedenen bekannten genetischen Merkmalen beeinflusst. Eine Variante des MC5R-Gens ist mit dem Haaren sowie der Haarl\u00e4nge assoziiert. Das rezessive sh-Allel (f\u00fcr shedding, Haaren) wurde in vielen Rassen reinerbig (Genotyp sh\/sh) nachgewiesen, welche stark haaren. Hunde die mindestens ein N-Allel (non-shedding) besitzen verlieren weniger Haare. Zus\u00e4tzlich wird&hellip;<\/p>\n","protected":false},"author":1,"featured_media":0,"parent":1332718,"menu_order":12,"comment_status":"closed","ping_status":"closed","template":"","meta":{"_seopress_robots_primary_cat":"","_seopress_titles_title":"","_seopress_titles_desc":"","_seopress_robots_index":"","footnotes":""},"class_list":["post-1335584","page","type-page","status-publish","hentry","description-off"],"_links":{"self":[{"href":"https:\/\/laboklin.de\/de-ch\/wp-json\/wp\/v2\/pages\/1335584","targetHints":{"allow":["GET"]}}],"collection":[{"href":"https:\/\/laboklin.de\/de-ch\/wp-json\/wp\/v2\/pages"}],"about":[{"href":"https:\/\/laboklin.de\/de-ch\/wp-json\/wp\/v2\/types\/page"}],"author":[{"embeddable":true,"href":"https:\/\/laboklin.de\/de-ch\/wp-json\/wp\/v2\/users\/1"}],"replies":[{"embeddable":true,"href":"https:\/\/laboklin.de\/de-ch\/wp-json\/wp\/v2\/comments?post=1335584"}],"version-history":[{"count":1,"href":"https:\/\/laboklin.de\/de-ch\/wp-json\/wp\/v2\/pages\/1335584\/revisions"}],"predecessor-version":[{"id":1510802,"href":"https:\/\/laboklin.de\/de-ch\/wp-json\/wp\/v2\/pages\/1335584\/revisions\/1510802"}],"up":[{"embeddable":true,"href":"https:\/\/laboklin.de\/de-ch\/wp-json\/wp\/v2\/pages\/1332718"}],"wp:attachment":[{"href":"https:\/\/laboklin.de\/de-ch\/wp-json\/wp\/v2\/media?parent=1335584"}],"curies":[{"name":"wp","href":"https:\/\/api.w.org\/{rel}","templated":true}]}}