{"id":1335581,"date":"2020-10-16T11:36:27","date_gmt":"2020-10-16T09:36:27","guid":{"rendered":"https:\/\/laboklin.de\/leistungen\/genetik\/erbkrankheiten\/pferd\/hydrocephalus\/"},"modified":"2025-02-25T12:35:42","modified_gmt":"2025-02-25T11:35:42","slug":"hydrocephalus","status":"publish","type":"page","link":"https:\/\/laboklin.de\/de-ch\/leistungen\/genetik\/erbkrankheiten\/pferd\/hydrocephalus\/","title":{"rendered":"Hydrocephalus"},"content":{"rendered":"<h3 class=\"csc-firstHeader\">Hydrocephalus<\/h3><p><span>LABOKLIN Leistungs-ID: 8501<\/span><\/p><p class=\"bodytext\">Hydrocephalus beim Friesen ist eine Entwicklungsst\u00f6rung, die oft zu einem komplizierten Geburtsverlauf und Totgeburten der betroffenen Fohlen f\u00fchrt. Hydrocephalus (aus dem Griechischen \u201eHydro\u201c=\" Wasser \" und \u201eKephalos\u201c=\"Kopf\" ) bezeichnet eine abnormale Ansammlung von Liquor im Gehirn. Dies f\u00fchrt zu einem erh\u00f6hten intrakraniellen Druck und kann zur schrittweisen Erweiterung des Kopfes f\u00fchren. Die Erkrankung ist auch mit St\u00f6rungen beim Geburtsvorgang in Verbindung gebracht worden und kann schlie\u00dflich zu t\u00f6dlichen Komplikationen f\u00fcr die Stute bei der Geburt f\u00fchren. Betroffene Fohlen werden oft tot geboren oder bei der Geburt eingeschl\u00e4fert um die Geburt zu erleichtern. Der Hydrocephalus beim Friesen wird verursacht von einer Mutation im B3GALNT2-Gen, welche autosomal-rezessiv vererbt wird.<\/p><table class=\"tx-laboklinleistung-table contenttable contenttable-2\" style=\"margin-top: 35px;\"><tr><td class=\"td-0\"><strong>Methode<\/strong><\/td><td class=\"td-1\"><p class=\"bodytext\">Sequenzierung<\/p><\/td><\/tr><tr><td class=\"td-0\"><strong>Rasse<\/strong><\/td><td class=\"td-1\"><p class=\"bodytext\">Friese<\/p><\/td><\/tr><tr><td class=\"td-0\"><strong>Erbgang<\/strong><\/td><td class=\"td-1\"><p class=\"bodytext\">autosomal-rezessiv<\/p><\/td><\/tr><tr><td class=\"td-0\"><strong>Dauer<\/strong><\/td><td class=\"td-1\"><p class=\"bodytext\">1 - 2 Wochen nach Erhalt der Probe<\/p><\/td><\/tr><\/table>\n","protected":false},"excerpt":{"rendered":"<p>HydrocephalusLABOKLIN Leistungs-ID: 8501Hydrocephalus beim Friesen ist eine Entwicklungsst\u00f6rung, die oft zu einem komplizierten Geburtsverlauf und Totgeburten der betroffenen Fohlen f\u00fchrt. Hydrocephalus (aus dem Griechischen \u201eHydro\u201c=&#187; Wasser &#187; und \u201eKephalos\u201c=&#187;Kopf&#187; ) bezeichnet eine abnormale Ansammlung von Liquor im Gehirn. Dies f\u00fchrt zu einem erh\u00f6hten intrakraniellen Druck und kann zur schrittweisen Erweiterung des Kopfes f\u00fchren. Die Erkrankung&hellip;<\/p>\n","protected":false},"author":1,"featured_media":0,"parent":1332709,"menu_order":12,"comment_status":"closed","ping_status":"closed","template":"","meta":{"_seopress_robots_primary_cat":"","_seopress_titles_title":"","_seopress_titles_desc":"","_seopress_robots_index":"","footnotes":""},"class_list":["post-1335581","page","type-page","status-publish","hentry","description-off"],"_links":{"self":[{"href":"https:\/\/laboklin.de\/de-ch\/wp-json\/wp\/v2\/pages\/1335581","targetHints":{"allow":["GET"]}}],"collection":[{"href":"https:\/\/laboklin.de\/de-ch\/wp-json\/wp\/v2\/pages"}],"about":[{"href":"https:\/\/laboklin.de\/de-ch\/wp-json\/wp\/v2\/types\/page"}],"author":[{"embeddable":true,"href":"https:\/\/laboklin.de\/de-ch\/wp-json\/wp\/v2\/users\/1"}],"replies":[{"embeddable":true,"href":"https:\/\/laboklin.de\/de-ch\/wp-json\/wp\/v2\/comments?post=1335581"}],"version-history":[{"count":1,"href":"https:\/\/laboklin.de\/de-ch\/wp-json\/wp\/v2\/pages\/1335581\/revisions"}],"predecessor-version":[{"id":1335582,"href":"https:\/\/laboklin.de\/de-ch\/wp-json\/wp\/v2\/pages\/1335581\/revisions\/1335582"}],"up":[{"embeddable":true,"href":"https:\/\/laboklin.de\/de-ch\/wp-json\/wp\/v2\/pages\/1332709"}],"wp:attachment":[{"href":"https:\/\/laboklin.de\/de-ch\/wp-json\/wp\/v2\/media?parent=1335581"}],"curies":[{"name":"wp","href":"https:\/\/api.w.org\/{rel}","templated":true}]}}