{"id":1335562,"date":"2020-10-16T11:36:27","date_gmt":"2020-10-16T09:36:27","guid":{"rendered":"https:\/\/laboklin.de\/leistungen\/haematologie-klin-chemie-endokrinologie\/funktionstests-berechnungsformeln\/gnrh-stimulationstest-huendin\/"},"modified":"2025-01-29T11:12:07","modified_gmt":"2025-01-29T10:12:07","slug":"gnrh-stimulationstest-huendin","status":"publish","type":"page","link":"https:\/\/laboklin.de\/de-ch\/leistungen\/haematologie-klin-chemie-endokrinologie\/funktionstests-berechnungsformeln\/gnrh-stimulationstest-huendin\/","title":{"rendered":"GnRH-Stimulationstest (H\u00fcndin)"},"content":{"rendered":"<h3 class=\"csc-firstHeader\">GnRH-Stimulationstest (H\u00fcndin)<\/h3><p><span>LABOKLIN Leistungs-ID: 2281<\/span><\/p><p class=\"bodytext\"><br><\/p><table class=\"tx-laboklinleistung-table contenttable contenttable-2\" style=\"margin-top: 35px;\"><tr><td class=\"td-0\"><strong>Diagnose<\/strong><\/td><td class=\"td-1\"><p class=\"bodytext\"><ul><li>Nachweis von endokrin aktivem Gonadengewebe<\/li> <li>Verdacht auf Ovarian Remnant Syndrome<\/li><\/ul><\/p><\/td><\/tr><tr><td class=\"td-0\"><strong>Material<\/strong><\/td><td class=\"td-1\"><p class=\"bodytext\">Serum 2 x 1 ml<\/p><\/td><\/tr><tr><td class=\"td-0\"><strong>Testdurchf&uuml;hrung<\/strong><\/td><td class=\"td-1\"><p><ul><li>Erste Blutprobe = Basalwert (\u00d6stradiol) <\/li> <li>Injektion von 0,32 \u00b5g GnRH Buserelin (Receptal\u00ae)\/Tier i.v.<\/li> <li>Zweite Blutprobe nach 3 Stdn. = Stimulationswert<\/li><\/ul><\/p><\/td><\/tr><tr><td class=\"td-0\"><strong>Parameter<\/strong><\/td><td class=\"td-1\"><p class=\"bodytext\">\u00d6stradiol-17\u03b2<\/p><\/td><\/tr><tr><td class=\"td-0\"><strong>Methode<\/strong><\/td><td class=\"td-1\"><p class=\"bodytext\">Chemoluminiszenzassay (CLIA)<\/p><\/td><\/tr><tr><td class=\"td-0\"><strong>Tierart(en)<\/strong><\/td><td class=\"td-1\"><p class=\"bodytext\">H\u00fcndin<\/p><\/td><\/tr><tr><td class=\"td-0\"><strong>Dauer<\/strong><\/td><td class=\"td-1\"><p class=\"bodytext\">Befund\u00fcbermittlung am Tag des Probeneingangs (Mo.-Sa.),<\/p><\/td><\/tr><tr><td class=\"td-0\"><strong>Bewertung<\/strong><\/td><td class=\"td-1\"><p>Abh\u00e4ngig von dem momentanen Zyklusstadium; aussagekr\u00e4ftige Stimulationen werden nur im Di\u00f6strus und sp\u00e4ten An\u00f6strus erreicht.<\/p><\/td><\/tr><\/table>\n","protected":false},"excerpt":{"rendered":"<p>GnRH-Stimulationstest (H\u00fcndin)LABOKLIN Leistungs-ID: 2281DiagnoseNachweis von endokrin aktivem Gonadengewebe Verdacht auf Ovarian Remnant SyndromeMaterialSerum 2 x 1 mlTestdurchf&uuml;hrungErste Blutprobe = Basalwert (\u00d6stradiol) Injektion von 0,32 \u00b5g GnRH Buserelin (Receptal\u00ae)\/Tier i.v. Zweite Blutprobe nach 3 Stdn. = StimulationswertParameter\u00d6stradiol-17\u03b2MethodeChemoluminiszenzassay (CLIA)Tierart(en)H\u00fcndinDauerBefund\u00fcbermittlung am Tag des Probeneingangs (Mo.-Sa.),BewertungAbh\u00e4ngig von dem momentanen Zyklusstadium; aussagekr\u00e4ftige Stimulationen werden nur im Di\u00f6strus und sp\u00e4ten An\u00f6strus&hellip;<\/p>\n","protected":false},"author":1,"featured_media":0,"parent":1332765,"menu_order":12,"comment_status":"closed","ping_status":"closed","template":"","meta":{"_seopress_robots_primary_cat":"","_seopress_titles_title":"","_seopress_titles_desc":"","_seopress_robots_index":"","footnotes":""},"class_list":["post-1335562","page","type-page","status-publish","hentry","description-off"],"_links":{"self":[{"href":"https:\/\/laboklin.de\/de-ch\/wp-json\/wp\/v2\/pages\/1335562","targetHints":{"allow":["GET"]}}],"collection":[{"href":"https:\/\/laboklin.de\/de-ch\/wp-json\/wp\/v2\/pages"}],"about":[{"href":"https:\/\/laboklin.de\/de-ch\/wp-json\/wp\/v2\/types\/page"}],"author":[{"embeddable":true,"href":"https:\/\/laboklin.de\/de-ch\/wp-json\/wp\/v2\/users\/1"}],"replies":[{"embeddable":true,"href":"https:\/\/laboklin.de\/de-ch\/wp-json\/wp\/v2\/comments?post=1335562"}],"version-history":[{"count":1,"href":"https:\/\/laboklin.de\/de-ch\/wp-json\/wp\/v2\/pages\/1335562\/revisions"}],"predecessor-version":[{"id":1504602,"href":"https:\/\/laboklin.de\/de-ch\/wp-json\/wp\/v2\/pages\/1335562\/revisions\/1504602"}],"up":[{"embeddable":true,"href":"https:\/\/laboklin.de\/de-ch\/wp-json\/wp\/v2\/pages\/1332765"}],"wp:attachment":[{"href":"https:\/\/laboklin.de\/de-ch\/wp-json\/wp\/v2\/media?parent=1335562"}],"curies":[{"name":"wp","href":"https:\/\/api.w.org\/{rel}","templated":true}]}}