{"id":1335557,"date":"2020-10-16T11:36:27","date_gmt":"2020-10-16T09:36:27","guid":{"rendered":"https:\/\/laboklin.de\/leistungen\/haematologie-klin-chemie-endokrinologie\/immunologische-untersuchungen-entzuendungsparameter\/coombs-test-direkt\/"},"modified":"2025-01-28T13:41:23","modified_gmt":"2025-01-28T12:41:23","slug":"coombs-test-direkt","status":"publish","type":"page","link":"https:\/\/laboklin.de\/de-ch\/leistungen\/haematologie-klin-chemie-endokrinologie\/immunologische-untersuchungen-entzuendungsparameter\/coombs-test-direkt\/","title":{"rendered":"Coombs-Test (direkt)"},"content":{"rendered":"<h3 class=\"csc-firstHeader\">Coombs-Test (direkt)<\/h3><p><span>LABOKLIN Leistungs-ID: 180<\/span><\/p><p class=\"bodytext\"><br>Der Test dient dem Nachweis von immunh\u00e4molytischen An\u00e4mien (IMHA). <\/p><table class=\"tx-laboklinleistung-table contenttable contenttable-2\" style=\"margin-top: 35px;\"><tr><td class=\"td-0\"><strong>Material<\/strong><\/td><td class=\"td-1\"><p class=\"bodytext\">EDTA-Blut 0,5 ml <\/p><\/td><\/tr><tr><td class=\"td-0\"><strong>Methode<\/strong><\/td><td class=\"td-1\"><p class=\"bodytext\">Agglutination<\/p><\/td><\/tr><tr><td class=\"td-0\"><strong>Tierart(en)<\/strong><\/td><td class=\"td-1\"><p class=\"bodytext\">Hund, Katze<\/p><\/td><\/tr><tr><td class=\"td-0\"><strong>Dauer<\/strong><\/td><td class=\"td-1\"><p class=\"bodytext\">Befund\u00fcbermittlung am Tag des Probeneingangs (Mo.-Sa.)<\/p><\/td><\/tr><tr><td class=\"td-0\"><strong>Anmerkung<\/strong><\/td><td class=\"td-1\"><p class=\"bodytext\"><ul><li>Positive Reaktionenk\u00f6nnen auch bei Infektionen mit h\u00e4motropen Erregern auftreten. <\/li><li>Ein negativer Coombs-Test schlie\u00dft eine IMHA nicht aus.<\/li><li><strong>Pferd:<\/strong> Bei Verdacht auf IMHA sollte ein Test auf anti-erythrozyt\u00e4re Antik\u00f6rper mittels Durchflusszytometrie erfolgen<\/li><\/ul><\/p><\/td><\/tr><\/table>\n","protected":false},"excerpt":{"rendered":"<p>Coombs-Test (direkt)LABOKLIN Leistungs-ID: 180Der Test dient dem Nachweis von immunh\u00e4molytischen An\u00e4mien (IMHA). MaterialEDTA-Blut 0,5 ml MethodeAgglutinationTierart(en)Hund, KatzeDauerBefund\u00fcbermittlung am Tag des Probeneingangs (Mo.-Sa.)AnmerkungPositive Reaktionenk\u00f6nnen auch bei Infektionen mit h\u00e4motropen Erregern auftreten. Ein negativer Coombs-Test schlie\u00dft eine IMHA nicht aus.Pferd: Bei Verdacht auf IMHA sollte ein Test auf anti-erythrozyt\u00e4re Antik\u00f6rper mittels Durchflusszytometrie erfolgen<\/p>\n","protected":false},"author":1,"featured_media":0,"parent":1332760,"menu_order":12,"comment_status":"closed","ping_status":"closed","template":"","meta":{"_seopress_robots_primary_cat":"","_seopress_titles_title":"","_seopress_titles_desc":"","_seopress_robots_index":"","footnotes":""},"class_list":["post-1335557","page","type-page","status-publish","hentry","description-off"],"_links":{"self":[{"href":"https:\/\/laboklin.de\/de-ch\/wp-json\/wp\/v2\/pages\/1335557","targetHints":{"allow":["GET"]}}],"collection":[{"href":"https:\/\/laboklin.de\/de-ch\/wp-json\/wp\/v2\/pages"}],"about":[{"href":"https:\/\/laboklin.de\/de-ch\/wp-json\/wp\/v2\/types\/page"}],"author":[{"embeddable":true,"href":"https:\/\/laboklin.de\/de-ch\/wp-json\/wp\/v2\/users\/1"}],"replies":[{"embeddable":true,"href":"https:\/\/laboklin.de\/de-ch\/wp-json\/wp\/v2\/comments?post=1335557"}],"version-history":[{"count":1,"href":"https:\/\/laboklin.de\/de-ch\/wp-json\/wp\/v2\/pages\/1335557\/revisions"}],"predecessor-version":[{"id":1335558,"href":"https:\/\/laboklin.de\/de-ch\/wp-json\/wp\/v2\/pages\/1335557\/revisions\/1335558"}],"up":[{"embeddable":true,"href":"https:\/\/laboklin.de\/de-ch\/wp-json\/wp\/v2\/pages\/1332760"}],"wp:attachment":[{"href":"https:\/\/laboklin.de\/de-ch\/wp-json\/wp\/v2\/media?parent=1335557"}],"curies":[{"name":"wp","href":"https:\/\/api.w.org\/{rel}","templated":true}]}}