{"id":1335548,"date":"2020-12-16T16:39:25","date_gmt":"2020-12-16T15:39:25","guid":{"rendered":"https:\/\/laboklin.de\/start-karriere-bei-laboklin\/rund-um-die-bewerbung\/"},"modified":"2024-02-21T08:53:55","modified_gmt":"2024-02-21T07:53:55","slug":"rund-um-die-bewerbung","status":"publish","type":"page","link":"https:\/\/laboklin.de\/de-ch\/start-karriere-bei-laboklin\/rund-um-die-bewerbung\/","title":{"rendered":"Rund um die Bewerbung"},"content":{"rendered":"<div class=\"wpb-content-wrapper\"><p>[vc_row][vc_column][vc_column_text css=&#187;.vc_custom_1614417581682{margin-bottom: 20px !important;}&#187;]<strong>Wir haben Ihr Interesse geweckt und Sie m\u00f6chten sich bei LABOKLIN bewerben? <\/strong><\/p>\n<h3><strong>Das freut uns!<\/strong><\/h3>\n<p>Der wichtigste Schritt f\u00fcr einen gelungenen Einstieg bei uns: Ihre Bewerbung. Auf dieser Seite finden Sie wichtige Informationen sowie hilfreiche Tipps rund um Ihre Bewerbung.<\/p>\n<p>&nbsp;<\/p>\n\n\t\t\t<style type='text\/css'>\n\t\t\t\t#gallery-1 {\n\t\t\t\t\tmargin: auto;\n\t\t\t\t}\n\t\t\t\t#gallery-1 .gallery-item {\n\t\t\t\t\tfloat: left;\n\t\t\t\t\tmargin-top: 10px;\n\t\t\t\t\ttext-align: center;\n\t\t\t\t\twidth: 100%;\n\t\t\t\t}\n\t\t\t\t#gallery-1 img {\n\t\t\t\t\tborder: 2px solid #cfcfcf;\n\t\t\t\t}\n\t\t\t\t#gallery-1 .gallery-caption {\n\t\t\t\t\tmargin-left: 0;\n\t\t\t\t}\n\t\t\t\t\/* see gallery_shortcode() in wp-includes\/media.php *\/\n\t\t\t<\/style>\n\t\t<div id='gallery-1' class='dt-gallery-container gallery galleryid-1335548 gallery-columns-1 gallery-size-full'><dl class='gallery-item'>\n\t\t\t\t<dt class='gallery-icon landscape'>\n\t\t\t\t\t<a class=\"rollover rollover-zoom dt-pswp-item\" title=\"Bewerbungsprozess bei LABOKLIN\" data-dt-img-description=\"\" data-large_image_width=\"1949\" data-large_image_height=\"483\"href='https:\/\/laboklin.de\/wp-content\/uploads\/2020\/12\/bewerbungsprozess_LABOKLIN_3W.jpg'><img loading=\"lazy\" decoding=\"async\" width=\"1949\" height=\"483\" src=\"https:\/\/laboklin.de\/wp-content\/uploads\/2020\/12\/bewerbungsprozess_LABOKLIN_3W.jpg\" class=\"attachment-full size-full\" alt=\"\" srcset=\"https:\/\/laboklin.de\/wp-content\/uploads\/2020\/12\/bewerbungsprozess_LABOKLIN_3W.jpg 1949w, https:\/\/laboklin.de\/wp-content\/uploads\/2020\/12\/bewerbungsprozess_LABOKLIN_3W-300x74.jpg 300w, https:\/\/laboklin.de\/wp-content\/uploads\/2020\/12\/bewerbungsprozess_LABOKLIN_3W-1024x254.jpg 1024w, https:\/\/laboklin.de\/wp-content\/uploads\/2020\/12\/bewerbungsprozess_LABOKLIN_3W-768x190.jpg 768w, https:\/\/laboklin.de\/wp-content\/uploads\/2020\/12\/bewerbungsprozess_LABOKLIN_3W-1536x381.jpg 1536w, https:\/\/laboklin.de\/wp-content\/uploads\/2020\/12\/bewerbungsprozess_LABOKLIN_3W-600x149.jpg 600w\" sizes=\"auto, (max-width: 1949px) 100vw, 1949px\" \/><\/a>\n\t\t\t\t<\/dt><\/dl><br style=\"clear: both\" \/>\n\t\t\t<\/div>\n\n<p>[\/vc_column_text][\/vc_column][\/vc_row][vc_row][vc_column][vc_column_text]Wir geben Ihnen in jedem Fall so schnell wie m\u00f6glich R\u00fcckmeldung zu Ihrer Bewerbung. Und falls es doch einmal wider Erwarten l\u00e4nger dauern sollte, nehmen Sie gerne einfach Kontakt zu uns auf.<\/p>\n<h3><strong><div class=\"gap\" style=\"line-height: 20px; height: 20px;\"><\/div>Bewerbungstipps: <\/strong><\/h3>\n<p>Ganz gleich, f\u00fcr welches Jobangebot Sie sich interessieren \u2013 wir freuen uns \u00fcber Ihre Bewerbung. Damit uns Ihre Bewerbung \u00fcberzeugt, haben wir hier ein paar Tipps f\u00fcr Sie!<\/p>\n<h4>Ihre Bewerbungsunterlagen:<\/h4>\n<p>Bitte achten Sie auf vollst\u00e4ndige Unterlagen:<\/p>\n<ul>\n<li>Anschreiben:<\/li>\n<\/ul>\n<p>Mit Ihrem Anschreiben vermitteln Sie uns einen ersten Eindruck von sich. Erz\u00e4hlen Sie uns ein wenig von sich, um uns davon zu \u00fcberzeugen, dass wir gerade Sie bei uns brauchen! Dabei ist es wichtig, dass klar wird, warum Sie sich f\u00fcr welche Stelle bewerben und warum gerade Sie der Richtige f\u00fcr uns sind. Zudem m\u00fcssen wir Ihren fr\u00fchestm\u00f6glichen Eintrittstermin sowie Ihre Gehaltsvorstellungen kennen.<\/p>\n<ul>\n<li>Tabellarischer Lebenslauf:<\/li>\n<\/ul>\n<p>Wichtig ist bei Ihrem Lebenslauf, dass Daten wie Name, Anschrift, Telefonnummer und E-Mail-Adresse aktuell sind, so dass wir Sie auch erreichen k\u00f6nnen! Dar\u00fcber hinaus freuen wir uns \u00fcber alle Informationen zu den einzelnen Stationen in Ihrem Lebenslauf und interessieren uns auch f\u00fcr alle anderen Dinge, die Sie neben Ihrer beruflichen oder schulischen Laufbahn so besch\u00e4ftigen. \u00dcberlegen Sie ein wenig \u2013 oft haben Sie schon sehr viel mehr gemacht, als Ihnen auf Anhieb einf\u00e4llt.<\/p>\n<ul>\n<li>Zertifikate, Ausbildungs- und Arbeitszeugnisse:<\/li>\n<\/ul>\n<p>Als Nachweis Ihrer im Lebenslauf angegebenen T\u00e4tigkeiten ben\u00f6tigen wir Ihre Dokumente. Bitte achten Sie hier auf eine gute Qualit\u00e4t und dass es sich wirklich nur um wichtige Dokumente handelt!<\/p>\n<h4>Wie k\u00f6nnen Sie sich bewerben?<\/h4>\n<p>Idealerweise \u00fcbermitteln Sie uns Ihre Bewerbung \u00fcber unser Online-Bewerberportal. Der direkte Weg \u00fcber unser Portal verk\u00fcrzt die Bearbeitungsdauer erheblich. Das spart Zeit \u2013 Ihnen und uns. In weniger als 10 Minuten k\u00f6nnen Sie mit wenigen Klicks bequem Ihre Kontaktdaten in unserem Online-Bewerbungssystem eintragen und Ihre Bewerbungsunterlagen hochladen. Au\u00dferdem praktisch: Sie sparen Material- und Portokosten und schonen die Umwelt!<\/p>\n<p>Alternativ k\u00f6nnen Sie die Bewerbung auch an jobs[at]laboklin.com senden bzw. uns diese auf dem Postweg zukommen lassen.<\/p>\n<p>Alle offenen Stellen finden Sie stets aktuell auf unserem Jobportal. Jede Stelle, die dort zu finden ist, ist noch zu haben. Sie k\u00f6nnen sich jederzeit bewerben!<\/p>\n<p>Falls es aktuell keine passende Stelle gibt, freuen wir uns auch \u00fcber Ihre Initiativbewerbung! Beziehen Sie sich hier in Ihrem Anschreiben ganz konkret auf die gew\u00fcnschte T\u00e4tigkeit, so dass wir pr\u00fcfen k\u00f6nnen, ob sich in diesem Bereich eventuell eine freie Stelle ergibt.<\/p>\n<p>Sollte es bei diesem mal nicht geklappt haben, k\u00f6nnen wir Sie gerne in unseren Talent-Pool aufnehmen \u2013 geben Sie uns hierzu bei Ihrer Online-Bewerbung Ihr Einverst\u00e4ndnis oder eine gesonderte R\u00fcckmeldung nach dem Bewerbungsprozess. Dadurch k\u00f6nnen wir bei zuk\u00fcnftigen offenen Stellen gezielt auf Ihre Bewerbung zur\u00fcckgreifen!<\/p>\n<h4>Datenschutz<\/h4>\n<p>Da uns die Sicherheit Ihrer Daten sehr am Herzen liegt, beachten wir nat\u00fcrlich alle relevanten datenschutzrechtlichen Notwendigkeiten.<\/p>\n<p>Informationen zum Datenschutz im Bewerbungsverfahren finden Sie <a href=\"https:\/\/laboklin.de\/datenschutzhinweise-im-bewerbungsverfahren\/\"><strong>hier:<\/strong><\/a>[\/vc_column_text][\/vc_column][\/vc_row]<\/p>\n<\/div>","protected":false},"excerpt":{"rendered":"<p>[vc_row][vc_column][vc_column_text css=&#187;.vc_custom_1614417581682{margin-bottom: 20px !important;}&#187;]Wir haben Ihr Interesse geweckt und Sie m\u00f6chten sich bei LABOKLIN bewerben? Das freut uns! Der wichtigste Schritt f\u00fcr einen gelungenen Einstieg bei uns: Ihre Bewerbung. Auf dieser Seite finden Sie wichtige Informationen sowie hilfreiche Tipps rund um Ihre Bewerbung. &nbsp; [\/vc_column_text][\/vc_column][\/vc_row][vc_row][vc_column][vc_column_text]Wir geben Ihnen in jedem Fall so schnell wie m\u00f6glich R\u00fcckmeldung&hellip;<\/p>\n","protected":false},"author":1,"featured_media":0,"parent":1332642,"menu_order":12,"comment_status":"closed","ping_status":"closed","template":"","meta":{"_seopress_robots_primary_cat":"","_seopress_titles_title":"","_seopress_titles_desc":"","_seopress_robots_index":"","footnotes":""},"class_list":["post-1335548","page","type-page","status-publish","hentry","description-off"],"_links":{"self":[{"href":"https:\/\/laboklin.de\/de-ch\/wp-json\/wp\/v2\/pages\/1335548","targetHints":{"allow":["GET"]}}],"collection":[{"href":"https:\/\/laboklin.de\/de-ch\/wp-json\/wp\/v2\/pages"}],"about":[{"href":"https:\/\/laboklin.de\/de-ch\/wp-json\/wp\/v2\/types\/page"}],"author":[{"embeddable":true,"href":"https:\/\/laboklin.de\/de-ch\/wp-json\/wp\/v2\/users\/1"}],"replies":[{"embeddable":true,"href":"https:\/\/laboklin.de\/de-ch\/wp-json\/wp\/v2\/comments?post=1335548"}],"version-history":[{"count":1,"href":"https:\/\/laboklin.de\/de-ch\/wp-json\/wp\/v2\/pages\/1335548\/revisions"}],"predecessor-version":[{"id":1463529,"href":"https:\/\/laboklin.de\/de-ch\/wp-json\/wp\/v2\/pages\/1335548\/revisions\/1463529"}],"up":[{"embeddable":true,"href":"https:\/\/laboklin.de\/de-ch\/wp-json\/wp\/v2\/pages\/1332642"}],"wp:attachment":[{"href":"https:\/\/laboklin.de\/de-ch\/wp-json\/wp\/v2\/media?parent=1335548"}],"curies":[{"name":"wp","href":"https:\/\/api.w.org\/{rel}","templated":true}]}}