{"id":1335502,"date":"2020-10-16T11:36:27","date_gmt":"2020-10-16T09:36:27","guid":{"rendered":"https:\/\/laboklin.de\/leistungen\/genetik\/erbkrankheiten\/katze\/blutgruppenbestimmung-serologisch\/"},"modified":"2025-02-25T12:09:49","modified_gmt":"2025-02-25T11:09:49","slug":"blutgruppenbestimmung-serologisch","status":"publish","type":"page","link":"https:\/\/laboklin.de\/de-ch\/leistungen\/genetik\/erbkrankheiten\/katze\/blutgruppenbestimmung-serologisch\/","title":{"rendered":"Blutgruppenbestimmung serologisch"},"content":{"rendered":"<h3 class=\"csc-firstHeader\">Blutgruppenbestimmung serologisch (Hund, Katze)<\/h3><p><span>LABOKLIN Leistungs-ID: 618<\/span><\/p><p class=\"bodytext\"><strong>Hund:<\/strong><br><ul><li>DEA 1 pos.\/neg.<\/li> <li>Im Vorfeld von Bluttransfusionen ist es notwendig, Spender- und Empf\u00e4ngertiere auf Blutgruppenvertr\u00e4glichkeiten zu testen (siehe Kreuztest).<\/li><\/ul><br><strong>Katze:<\/strong><ul><li>A, B, C (fr\u00fcher AB)<\/li><li>Zur Vermeidung von neonatalen isoimmunh\u00e4molytischen An\u00e4mien sollten in Katzenzuchten die Blutgruppen der Elterntiere vor der Verpaarung bestimmt werden. Genetische Testung bei A-Tieren ist zur Erkennung von Tr\u00e4gern des rezessiven B-Gens angezeigt. <\/li><\/ul><br><\/p><table class=\"tx-laboklinleistung-table contenttable contenttable-2\" style=\"margin-top: 35px;\"><tr><td class=\"td-0\"><strong>Material<\/strong><\/td><td class=\"td-1\"><p class=\"bodytext\">EDTA-Blut 1 ml<\/p><\/td><\/tr><tr><td class=\"td-0\"><strong>Methode<\/strong><\/td><td class=\"td-1\"><p class=\"bodytext\">Agglutinationstest zur Bestimmung der serologischen Blutgruppe<\/p><\/td><\/tr><tr><td class=\"td-0\"><strong>Dauer<\/strong><\/td><td class=\"td-1\"><p class=\"bodytext\">Befund\u00fcbermittlung am Tag des Probeneingangs (Mo.-Sa.)<\/p><\/td><\/tr><tr><td class=\"td-0\"><strong>Anmerkung<\/strong><\/td><td class=\"td-1\"><p class=\"bodytext\"><ul><li>Die serologische Blutgruppenbestimmung ist auch Bestandteil der Blutspende-Profile (Erstuntersuchung) Hund bzw. Katze<\/li><li>Blutgruppenschnelltests k\u00f6nnen auch f\u00fcr den Praxisgebrauch versendet werden.<\/li><li>Bei Nabelschnurblut ist darauf zu achten, dass eine Kontamination mit dem Blut der Mutter vermieden wird.<\/li><\/ul><\/p><\/td><\/tr><\/table>\n","protected":false},"excerpt":{"rendered":"<p>Blutgruppenbestimmung serologisch (Hund, Katze)LABOKLIN Leistungs-ID: 618Hund:DEA 1 pos.\/neg. Im Vorfeld von Bluttransfusionen ist es notwendig, Spender- und Empf\u00e4ngertiere auf Blutgruppenvertr\u00e4glichkeiten zu testen (siehe Kreuztest).Katze:A, B, C (fr\u00fcher AB)Zur Vermeidung von neonatalen isoimmunh\u00e4molytischen An\u00e4mien sollten in Katzenzuchten die Blutgruppen der Elterntiere vor der Verpaarung bestimmt werden. Genetische Testung bei A-Tieren ist zur Erkennung von Tr\u00e4gern des&hellip;<\/p>\n","protected":false},"author":1,"featured_media":0,"parent":1332704,"menu_order":11,"comment_status":"closed","ping_status":"closed","template":"","meta":{"_seopress_robots_primary_cat":"","_seopress_titles_title":"","_seopress_titles_desc":"","_seopress_robots_index":"","footnotes":""},"class_list":["post-1335502","page","type-page","status-publish","hentry","description-off"],"_links":{"self":[{"href":"https:\/\/laboklin.de\/de-ch\/wp-json\/wp\/v2\/pages\/1335502","targetHints":{"allow":["GET"]}}],"collection":[{"href":"https:\/\/laboklin.de\/de-ch\/wp-json\/wp\/v2\/pages"}],"about":[{"href":"https:\/\/laboklin.de\/de-ch\/wp-json\/wp\/v2\/types\/page"}],"author":[{"embeddable":true,"href":"https:\/\/laboklin.de\/de-ch\/wp-json\/wp\/v2\/users\/1"}],"replies":[{"embeddable":true,"href":"https:\/\/laboklin.de\/de-ch\/wp-json\/wp\/v2\/comments?post=1335502"}],"version-history":[{"count":1,"href":"https:\/\/laboklin.de\/de-ch\/wp-json\/wp\/v2\/pages\/1335502\/revisions"}],"predecessor-version":[{"id":1510657,"href":"https:\/\/laboklin.de\/de-ch\/wp-json\/wp\/v2\/pages\/1335502\/revisions\/1510657"}],"up":[{"embeddable":true,"href":"https:\/\/laboklin.de\/de-ch\/wp-json\/wp\/v2\/pages\/1332704"}],"wp:attachment":[{"href":"https:\/\/laboklin.de\/de-ch\/wp-json\/wp\/v2\/media?parent=1335502"}],"curies":[{"name":"wp","href":"https:\/\/api.w.org\/{rel}","templated":true}]}}