{"id":1335488,"date":"2020-10-16T11:36:27","date_gmt":"2020-10-16T09:36:27","guid":{"rendered":"https:\/\/laboklin.de\/leistungen\/allergie\/allergiediagnostik\/futtermittel-allgemein-hund-katze\/"},"modified":"2025-01-29T13:08:01","modified_gmt":"2025-01-29T12:08:01","slug":"futtermittel-allgemein-hund-katze","status":"publish","type":"page","link":"https:\/\/laboklin.de\/de-ch\/leistungen\/allergie\/allergiediagnostik\/futtermittel-allgemein-hund-katze\/","title":{"rendered":"Futtermittel allgemein (Hund, Katze)"},"content":{"rendered":"<h3 class=\"csc-firstHeader\">Futtermittel allgemein (Hund, Katze)<\/h3><p><span>LABOKLIN Leistungs-ID: 7108<\/span><\/p><p class=\"bodytext\"><br><ul><li>Bestimmung von IgE- und IgG-Antik\u00f6rpern gegen 19 (Hund) \/ 16 (Katze) Einzelallergene <\/li><li>Grundlage f\u00fcr eine gezielte Auswahl geeigneter di\u00e4tetischer Komponenten zur Durchf\u00fchrung einer Eliminationsdi\u00e4t.<\/li><\/ul><\/p><table class=\"tx-laboklinleistung-table contenttable contenttable-2\" style=\"margin-top: 35px;\"><tr><td class=\"td-0\"><strong>Material<\/strong><\/td><td class=\"td-1\"><p class=\"bodytext\">Serum 0,5 ml <\/p><\/td><\/tr><tr><td class=\"td-0\"><strong>Parameter<\/strong><\/td><td class=\"td-1\"><p class=\"bodytext\"><strong>Hund:<\/strong> Rind, Schwein, Lamm, Huhn, Truthahn, Ente, Soja, Weizen, Mais, Reis, Ei, Kuhmilch, Gerste, Kartoffel, Hafer, Wei\u00dffisch, Lachs, Kaninchen, Rothirsch  <br><strong>Katze:<\/strong> Rind, Lamm, Schwein, Huhn, Truthahn, Ente, Kartoffel, Soja, Weizen, Mais, Reis, Ei, Kuhmilch, Lachs, Thunfisch, Wei\u00dffisch <\/p><\/td><\/tr><tr><td class=\"td-0\"><strong>Methode<\/strong><\/td><td class=\"td-1\"><p class=\"bodytext\">Enzym Linked Immunosorbent Assay (ELISA) (Microarray-Technik)<\/p><\/td><\/tr><tr><td class=\"td-0\"><strong>Tierart(en)<\/strong><\/td><td class=\"td-1\"><p class=\"bodytext\">Hund, Katze<\/p><\/td><\/tr><tr><td class=\"td-0\"><strong>Dauer<\/strong><\/td><td class=\"td-1\"><p class=\"bodytext\">Hund: 2 Arbeitstage<br> Katze: 1-6 Arbeitstage<\/p><\/td><\/tr><\/table>\n","protected":false},"excerpt":{"rendered":"<p>Futtermittel allgemein (Hund, Katze)LABOKLIN Leistungs-ID: 7108Bestimmung von IgE- und IgG-Antik\u00f6rpern gegen 19 (Hund) \/ 16 (Katze) Einzelallergene Grundlage f\u00fcr eine gezielte Auswahl geeigneter di\u00e4tetischer Komponenten zur Durchf\u00fchrung einer Eliminationsdi\u00e4t.MaterialSerum 0,5 ml ParameterHund: Rind, Schwein, Lamm, Huhn, Truthahn, Ente, Soja, Weizen, Mais, Reis, Ei, Kuhmilch, Gerste, Kartoffel, Hafer, Wei\u00dffisch, Lachs, Kaninchen, Rothirsch Katze: Rind, Lamm, Schwein,&hellip;<\/p>\n","protected":false},"author":1,"featured_media":0,"parent":1332676,"menu_order":11,"comment_status":"closed","ping_status":"closed","template":"","meta":{"_seopress_robots_primary_cat":"","_seopress_titles_title":"","_seopress_titles_desc":"","_seopress_robots_index":"","footnotes":""},"class_list":["post-1335488","page","type-page","status-publish","hentry","description-off"],"_links":{"self":[{"href":"https:\/\/laboklin.de\/de-ch\/wp-json\/wp\/v2\/pages\/1335488","targetHints":{"allow":["GET"]}}],"collection":[{"href":"https:\/\/laboklin.de\/de-ch\/wp-json\/wp\/v2\/pages"}],"about":[{"href":"https:\/\/laboklin.de\/de-ch\/wp-json\/wp\/v2\/types\/page"}],"author":[{"embeddable":true,"href":"https:\/\/laboklin.de\/de-ch\/wp-json\/wp\/v2\/users\/1"}],"replies":[{"embeddable":true,"href":"https:\/\/laboklin.de\/de-ch\/wp-json\/wp\/v2\/comments?post=1335488"}],"version-history":[{"count":1,"href":"https:\/\/laboklin.de\/de-ch\/wp-json\/wp\/v2\/pages\/1335488\/revisions"}],"predecessor-version":[{"id":1504680,"href":"https:\/\/laboklin.de\/de-ch\/wp-json\/wp\/v2\/pages\/1335488\/revisions\/1504680"}],"up":[{"embeddable":true,"href":"https:\/\/laboklin.de\/de-ch\/wp-json\/wp\/v2\/pages\/1332676"}],"wp:attachment":[{"href":"https:\/\/laboklin.de\/de-ch\/wp-json\/wp\/v2\/media?parent=1335488"}],"curies":[{"name":"wp","href":"https:\/\/api.w.org\/{rel}","templated":true}]}}