{"id":1335476,"date":"2020-10-16T11:36:27","date_gmt":"2020-10-16T09:36:27","guid":{"rendered":"https:\/\/laboklin.de\/leistungen\/haematologie-klin-chemie-endokrinologie\/klinisch-chemische-parameter\/mineralstoffe-und-elektrolyte\/na-natrium\/"},"modified":"2025-01-28T13:28:26","modified_gmt":"2025-01-28T12:28:26","slug":"na-natrium","status":"publish","type":"page","link":"https:\/\/laboklin.de\/de-ch\/leistungen\/haematologie-klin-chemie-endokrinologie\/klinisch-chemische-parameter\/mineralstoffe-und-elektrolyte\/na-natrium\/","title":{"rendered":"Na (Natrium)"},"content":{"rendered":"<h3 class=\"csc-firstHeader\">Na (Natrium)<\/h3><p><span>LABOKLIN Leistungs-ID: 32<\/span><\/p><p class=\"bodytext\"><br><\/p><table class=\"tx-laboklinleistung-table contenttable contenttable-2\" style=\"margin-top: 35px;\"><tr><td class=\"td-0\"><strong>Material<\/strong><\/td><td class=\"td-1\"><p class=\"bodytext\">Serum oder Heparin-Plasma 0,5 ml<\/p><\/td><\/tr><tr><td class=\"td-0\"><strong>Methode<\/strong><\/td><td class=\"td-1\"><p class=\"bodytext\">Ionenselektive Elektrode (ISE)<\/p><\/td><\/tr><tr><td class=\"td-0\"><strong>Dauer<\/strong><\/td><td class=\"td-1\"><p class=\"bodytext\">Befund\u00fcbermittlung am Tag des Probeneingangs (Mo.\u2013Sa.)<\/p><\/td><\/tr><tr><td class=\"td-0\"><strong>Anmerkung<\/strong><\/td><td class=\"td-1\"><p class=\"bodytext\"><ul><li>Natrium ist das wichtigste extrazellul\u00e4re Kation. Bei Hund und Katze wird Natrium haupts\u00e4chlich \u00fcber die Niere ausgeschieden. <\/li><li>Hauptursachen f\u00fcr Hypernatri\u00e4mien sind Wasserverlust ohne Elektrolytverlust (Diabetes insipidus, Diabetes mellitus), Natriumretention (Mineralokortikoide) oder erh\u00f6hte Natriumzufuhr \u00fcber das Futter ohne Gelegenheit zur Wasseraufnahme. <\/li><li>Hauptursachen f\u00fcr signifikante Hyponatri\u00e4mien sind Hypoadrenokortizismus (M. Addison), Durchfall und Erbrechen; Hyponatri\u00e4mie ist auch bei Diuretikagabe m\u00f6glich. <\/li><li>Ein stark reduziertes Na-K-Verh\u00e4ltnis kann auf einen Hypoadrenokortizismus (M. Addison, Abkl\u00e4rung \u00fcber einen ACTH-Stimulationstest) hindeuten. Allerdings sind diverse Differentialdiagnosen zu beachten (z. B. intestinale Salmonellose, Trichuriasis, durchgebrochenes Duodenalulkus).<\/li><\/ul><\/p><\/td><\/tr><\/table>\n","protected":false},"excerpt":{"rendered":"<p>Na (Natrium)LABOKLIN Leistungs-ID: 32MaterialSerum oder Heparin-Plasma 0,5 mlMethodeIonenselektive Elektrode (ISE)DauerBefund\u00fcbermittlung am Tag des Probeneingangs (Mo.\u2013Sa.)AnmerkungNatrium ist das wichtigste extrazellul\u00e4re Kation. Bei Hund und Katze wird Natrium haupts\u00e4chlich \u00fcber die Niere ausgeschieden. Hauptursachen f\u00fcr Hypernatri\u00e4mien sind Wasserverlust ohne Elektrolytverlust (Diabetes insipidus, Diabetes mellitus), Natriumretention (Mineralokortikoide) oder erh\u00f6hte Natriumzufuhr \u00fcber das Futter ohne Gelegenheit zur Wasseraufnahme. Hauptursachen&hellip;<\/p>\n","protected":false},"author":1,"featured_media":0,"parent":1332897,"menu_order":11,"comment_status":"closed","ping_status":"closed","template":"","meta":{"_seopress_robots_primary_cat":"","_seopress_titles_title":"","_seopress_titles_desc":"","_seopress_robots_index":"","footnotes":""},"class_list":["post-1335476","page","type-page","status-publish","hentry","description-off"],"_links":{"self":[{"href":"https:\/\/laboklin.de\/de-ch\/wp-json\/wp\/v2\/pages\/1335476","targetHints":{"allow":["GET"]}}],"collection":[{"href":"https:\/\/laboklin.de\/de-ch\/wp-json\/wp\/v2\/pages"}],"about":[{"href":"https:\/\/laboklin.de\/de-ch\/wp-json\/wp\/v2\/types\/page"}],"author":[{"embeddable":true,"href":"https:\/\/laboklin.de\/de-ch\/wp-json\/wp\/v2\/users\/1"}],"replies":[{"embeddable":true,"href":"https:\/\/laboklin.de\/de-ch\/wp-json\/wp\/v2\/comments?post=1335476"}],"version-history":[{"count":1,"href":"https:\/\/laboklin.de\/de-ch\/wp-json\/wp\/v2\/pages\/1335476\/revisions"}],"predecessor-version":[{"id":1504385,"href":"https:\/\/laboklin.de\/de-ch\/wp-json\/wp\/v2\/pages\/1335476\/revisions\/1504385"}],"up":[{"embeddable":true,"href":"https:\/\/laboklin.de\/de-ch\/wp-json\/wp\/v2\/pages\/1332897"}],"wp:attachment":[{"href":"https:\/\/laboklin.de\/de-ch\/wp-json\/wp\/v2\/media?parent=1335476"}],"curies":[{"name":"wp","href":"https:\/\/api.w.org\/{rel}","templated":true}]}}