{"id":1335473,"date":"2020-10-16T11:36:27","date_gmt":"2020-10-16T09:36:27","guid":{"rendered":"https:\/\/laboklin.de\/leistungen\/haematologie-klin-chemie-endokrinologie\/klinisch-chemische-parameter\/enzyme\/gldh-glutamatdehydrogenase\/"},"modified":"2025-01-28T12:32:22","modified_gmt":"2025-01-28T11:32:22","slug":"gldh-glutamatdehydrogenase","status":"publish","type":"page","link":"https:\/\/laboklin.de\/de-ch\/leistungen\/haematologie-klin-chemie-endokrinologie\/klinisch-chemische-parameter\/enzyme\/gldh-glutamatdehydrogenase\/","title":{"rendered":"GLDH (Glutamatdehydrogenase)"},"content":{"rendered":"<h3 class=\"csc-firstHeader\">GLDH (Glutamatdehydrogenase)<\/h3><p><span>LABOKLIN Leistungs-ID: 10<\/span><\/p><p class=\"bodytext\"><br><\/p><table class=\"tx-laboklinleistung-table contenttable contenttable-2\" style=\"margin-top: 35px;\"><tr><td class=\"td-0\"><strong>Material<\/strong><\/td><td class=\"td-1\"><p class=\"bodytext\">Serum oder EDTA-Plasma oder Heparin-Plasma 0,5 ml <br>Reptilien: Heparin-Plasma oder Serum 0,2 ml<\/p><\/td><\/tr><tr><td class=\"td-0\"><strong>Methode<\/strong><\/td><td class=\"td-1\"><p class=\"bodytext\">Photometrie<\/p><\/td><\/tr><tr><td class=\"td-0\"><strong>Dauer<\/strong><\/td><td class=\"td-1\"><p class=\"bodytext\">Befund\u00fcbermittlung am Tag des Probeneingangs (Mo.-Sa.)<\/p><\/td><\/tr><tr><td class=\"td-0\"><strong>Anmerkung<\/strong><\/td><td class=\"td-1\"><p class=\"bodytext\"><ul><li>Das Enzym ist leberspezifisch und mitochondrial gelegen. Erh\u00f6hungen deuten auf gravierende Zellsch\u00e4den und nekrobiotische Prozesse besonders im zentrolobul\u00e4ren Bereich hin. Erh\u00f6hte Konzentrationen bei nur m\u00e4\u00dfig ver\u00e4nderten ALT-Konzentrationen sprechen f\u00fcr chronische Leberentz\u00fcndungen. <\/li><li><strong>Hund:<\/strong> Isolierte Werte sind ohne diagnostische Aussagekraft. Eine geringe GLDH-Erh\u00f6hung und ein deutlicherer Anstieg der Transaminasen weisen auf eine akute Lebererkrankung hin. Das gegens\u00e4tzliche Verh\u00e4ltnis der Enzymaktivit\u00e4ten l\u00e4sst auf die chronische Form schlie\u00dfen.<\/li><li><strong>Kaninchen:<\/strong> GLDH ist das sensitivste Leberenzym \u2013 ein Akutparameter (akute Hepatopathie mit zentrolobul\u00e4rer Sch\u00e4digung; starke Aktivit\u00e4tssteigerung bei Anorexie, Intoxikation.)<\/li><\/ul><\/p><\/td><\/tr><\/table>\n","protected":false},"excerpt":{"rendered":"<p>GLDH (Glutamatdehydrogenase)LABOKLIN Leistungs-ID: 10MaterialSerum oder EDTA-Plasma oder Heparin-Plasma 0,5 ml Reptilien: Heparin-Plasma oder Serum 0,2 mlMethodePhotometrieDauerBefund\u00fcbermittlung am Tag des Probeneingangs (Mo.-Sa.)AnmerkungDas Enzym ist leberspezifisch und mitochondrial gelegen. Erh\u00f6hungen deuten auf gravierende Zellsch\u00e4den und nekrobiotische Prozesse besonders im zentrolobul\u00e4ren Bereich hin. Erh\u00f6hte Konzentrationen bei nur m\u00e4\u00dfig ver\u00e4nderten ALT-Konzentrationen sprechen f\u00fcr chronische Leberentz\u00fcndungen. Hund: Isolierte Werte sind&hellip;<\/p>\n","protected":false},"author":1,"featured_media":0,"parent":1332893,"menu_order":11,"comment_status":"closed","ping_status":"closed","template":"","meta":{"_seopress_robots_primary_cat":"","_seopress_titles_title":"","_seopress_titles_desc":"","_seopress_robots_index":"","footnotes":""},"class_list":["post-1335473","page","type-page","status-publish","hentry","description-off"],"_links":{"self":[{"href":"https:\/\/laboklin.de\/de-ch\/wp-json\/wp\/v2\/pages\/1335473","targetHints":{"allow":["GET"]}}],"collection":[{"href":"https:\/\/laboklin.de\/de-ch\/wp-json\/wp\/v2\/pages"}],"about":[{"href":"https:\/\/laboklin.de\/de-ch\/wp-json\/wp\/v2\/types\/page"}],"author":[{"embeddable":true,"href":"https:\/\/laboklin.de\/de-ch\/wp-json\/wp\/v2\/users\/1"}],"replies":[{"embeddable":true,"href":"https:\/\/laboklin.de\/de-ch\/wp-json\/wp\/v2\/comments?post=1335473"}],"version-history":[{"count":1,"href":"https:\/\/laboklin.de\/de-ch\/wp-json\/wp\/v2\/pages\/1335473\/revisions"}],"predecessor-version":[{"id":1335474,"href":"https:\/\/laboklin.de\/de-ch\/wp-json\/wp\/v2\/pages\/1335473\/revisions\/1335474"}],"up":[{"embeddable":true,"href":"https:\/\/laboklin.de\/de-ch\/wp-json\/wp\/v2\/pages\/1332893"}],"wp:attachment":[{"href":"https:\/\/laboklin.de\/de-ch\/wp-json\/wp\/v2\/media?parent=1335473"}],"curies":[{"name":"wp","href":"https:\/\/api.w.org\/{rel}","templated":true}]}}