{"id":1335469,"date":"2021-01-04T16:42:46","date_gmt":"2021-01-04T15:42:46","guid":{"rendered":"https:\/\/laboklin.de\/start-karriere-bei-laboklin\/der-standort-bad-kissingen\/"},"modified":"2021-01-04T16:42:46","modified_gmt":"2021-01-04T15:42:46","slug":"der-standort-bad-kissingen","status":"publish","type":"page","link":"https:\/\/laboklin.de\/de-ch\/start-karriere-bei-laboklin\/der-standort-bad-kissingen\/","title":{"rendered":"Der Standort Bad Kissingen"},"content":{"rendered":"<div class=\"wpb-content-wrapper\"><p>[vc_row type=&#187;vc_default&#187; css=&#187;.vc_custom_1609879514897{margin-bottom: 15px !important;}&#187;][vc_column][vc_column_text]<\/p>\n<h3>Arbeiten, wo andere Urlaub machen?<\/h3>\n<p>In einem Ort, der von der IHK das Qualit\u00e4tszeichen \u201cAusgezeichneter Wohnort f\u00fcr Fachkr\u00e4fte\u201d verliehen bekommen hat? In einem Kurort? Das alles und mehr bietet Bad Kissingen.<\/p>\n<p>Bad Kissingen ist ein guter Ort zum Leben, Erholen und Arbeiten \u2013 und das ganz zentral in Deutschland.<\/p>\n<p>Strategisch g\u00fcnstig gelegen an den Autobahnen A7, A70 und A71 im L\u00e4nderdreieck Bayern \u2013 Hessen \u2013 Th\u00fcringen, befinden sich weitere Wirtschaftsr\u00e4ume wie W\u00fcrzburg, Schweinfurt, Fulda und Erfurt in unmittelbarer N\u00e4he.<\/p>\n<p>Als einer der bekanntesten Kurorte in Deutschlands bietet Bad Kissingen ein ausgepr\u00e4gtes Freizeitangebot und f\u00fcr jede Altersgruppe etwas Passendes. Ein vielf\u00e4ltiges Vereinsleben bereichert das Engagement im Sport-, Kultur- und Freizeitbereich. G\u00fcnstiger Wohnraum, kurze Wege und Kinderbetreuungsangebote machen Bad Kissingen auch f\u00fcr Familien und junge Menschen attraktiv.<\/p>\n<p>Work-Life-Balance ist hier garantiert: ein gro\u00dfes Kultur- und Freizeitangebot und der direkte Zugang zur Rh\u00f6n schaffen ein gro\u00dfes Plus an Lebensqualit\u00e4t.<\/p>\n<p>Daneben hat unsere Kleinstadt noch eine ganze Menge mehr zu bieten: So ist sie z. B. Fairtrade Town und wir unterst\u00fctzen als Unternehmen ebenfalls die Kampagne fairer Herstellung und fairen Handels. So setzen wir z. B. f\u00fcr den Kaffee zwischendurch ausschlie\u00dflich auf Fair Trade-Produkte!<\/p>\n<p>Wir sind uns sicher, dass auch Sie sich bei uns in Bad Kissingen wohlf\u00fchlen werden!<\/p>\n<div class=\"hr-thin\"><\/div>\n<p>[\/vc_column_text][\/vc_column][\/vc_row][vc_row type=&#187;vc_default&#187; css=&#187;.vc_custom_1609879620758{margin-top: 15px !important;}&#187;][vc_column]<style type=\"text\/css\" data-type=\"the7_shortcodes-inline-css\">.gallery-shortcode.gallery-masonry-shortcode-id-6b2bf3a66c2e9af4114b45d6d54e5c35 figure,\n.gallery-shortcode.gallery-masonry-shortcode-id-6b2bf3a66c2e9af4114b45d6d54e5c35 .rollover,\n.gallery-shortcode.gallery-masonry-shortcode-id-6b2bf3a66c2e9af4114b45d6d54e5c35 img,\n.gallery-shortcode.gallery-masonry-shortcode-id-6b2bf3a66c2e9af4114b45d6d54e5c35 .gallery-rollover {\n  border-radius: 0px;\n}\n.gallery-shortcode.gallery-masonry-shortcode-id-6b2bf3a66c2e9af4114b45d6d54e5c35.enable-bg-rollover .gallery-rollover {\n  background: -webkit-linear-gradient();\n  background: linear-gradient();\n}\n.gallery-shortcode.gallery-masonry-shortcode-id-6b2bf3a66c2e9af4114b45d6d54e5c35.enable-bg-rollover.hover-scale figure .rollover:after {\n  background: -webkit-linear-gradient();\n  background: linear-gradient();\n}\n.gallery-shortcode.gallery-masonry-shortcode-id-6b2bf3a66c2e9af4114b45d6d54e5c35 .gallery-zoom-ico {\n  width: 44px;\n  height: 44px;\n  line-height: 44px;\n  border-radius: 100px;\n  margin: -22px 0 0 -22px;\n  border-width: 0px;\n  color: #ffffff;\n}\n.dt-icon-bg-on.gallery-shortcode.gallery-masonry-shortcode-id-6b2bf3a66c2e9af4114b45d6d54e5c35 .gallery-zoom-ico {\n  background: rgba(255,255,255,0.3);\n  box-shadow: none;\n}\n.gallery-shortcode.gallery-masonry-shortcode-id-6b2bf3a66c2e9af4114b45d6d54e5c35 .gallery-zoom-ico:before,\n.gallery-shortcode.gallery-masonry-shortcode-id-6b2bf3a66c2e9af4114b45d6d54e5c35 .gallery-zoom-ico span {\n  font-size: 32px;\n  line-height: 44px;\n  color: #ffffff;\n}\n.gallery-shortcode.gallery-masonry-shortcode-id-6b2bf3a66c2e9af4114b45d6d54e5c35:not(.resize-by-browser-width) .dt-css-grid {\n  grid-row-gap: 10px;\n  grid-column-gap: 10px;\n  grid-template-columns: repeat(auto-fill,minmax(,1fr));\n}\n.gallery-shortcode.gallery-masonry-shortcode-id-6b2bf3a66c2e9af4114b45d6d54e5c35:not(.resize-by-browser-width) .dt-css-grid .double-width {\n  grid-column: span 2;\n}\n.cssgridlegacy.no-cssgrid .gallery-shortcode.gallery-masonry-shortcode-id-6b2bf3a66c2e9af4114b45d6d54e5c35:not(.resize-by-browser-width) .dt-css-grid,\n.no-cssgridlegacy.no-cssgrid .gallery-shortcode.gallery-masonry-shortcode-id-6b2bf3a66c2e9af4114b45d6d54e5c35:not(.resize-by-browser-width) .dt-css-grid {\n  display: flex;\n  flex-flow: row wrap;\n  margin: -5px;\n}\n.cssgridlegacy.no-cssgrid .gallery-shortcode.gallery-masonry-shortcode-id-6b2bf3a66c2e9af4114b45d6d54e5c35:not(.resize-by-browser-width) .dt-css-grid .wf-cell,\n.no-cssgridlegacy.no-cssgrid .gallery-shortcode.gallery-masonry-shortcode-id-6b2bf3a66c2e9af4114b45d6d54e5c35:not(.resize-by-browser-width) .dt-css-grid .wf-cell {\n  flex: 1 0 ;\n  max-width: 100%;\n  padding: 5px;\n  box-sizing: border-box;\n}\n.gallery-shortcode.gallery-masonry-shortcode-id-6b2bf3a66c2e9af4114b45d6d54e5c35.resize-by-browser-width .dt-css-grid {\n  grid-template-columns: repeat(4,1fr);\n  grid-template-rows: auto;\n  grid-column-gap: 10px;\n  grid-row-gap: 10px;\n}\n.gallery-shortcode.gallery-masonry-shortcode-id-6b2bf3a66c2e9af4114b45d6d54e5c35.resize-by-browser-width .dt-css-grid .double-width {\n  grid-column: span 2;\n}\n.cssgridlegacy.no-cssgrid .gallery-shortcode.gallery-masonry-shortcode-id-6b2bf3a66c2e9af4114b45d6d54e5c35.resize-by-browser-width .dt-css-grid {\n  margin: -5px;\n}\n.cssgridlegacy.no-cssgrid .gallery-shortcode.gallery-masonry-shortcode-id-6b2bf3a66c2e9af4114b45d6d54e5c35.resize-by-browser-width .dt-css-grid .wf-cell {\n  width: 25%;\n  padding: 5px;\n}\n.cssgridlegacy.no-cssgrid .gallery-shortcode.gallery-masonry-shortcode-id-6b2bf3a66c2e9af4114b45d6d54e5c35.resize-by-browser-width .dt-css-grid .wf-cell.double-width {\n  width: calc(25%) * 2;\n}\n.gallery-shortcode.gallery-masonry-shortcode-id-6b2bf3a66c2e9af4114b45d6d54e5c35.resize-by-browser-width:not(.centered-layout-list):not(.content-bg-on) .dt-css-grid {\n  grid-row-gap: 10px - ;\n}\n@media screen and (max-width: 1199px) {\n  .gallery-shortcode.gallery-masonry-shortcode-id-6b2bf3a66c2e9af4114b45d6d54e5c35.resize-by-browser-width .dt-css-grid {\n    grid-template-columns: repeat(4,1fr);\n  }\n  .cssgridlegacy.no-cssgrid .gallery-shortcode.gallery-masonry-shortcode-id-6b2bf3a66c2e9af4114b45d6d54e5c35.resize-by-browser-width .dt-css-grid .wf-cell,\n  .no-cssgridlegacy.no-cssgrid .gallery-shortcode.gallery-masonry-shortcode-id-6b2bf3a66c2e9af4114b45d6d54e5c35.resize-by-browser-width .dt-css-grid .wf-cell {\n    width: 25%;\n  }\n  .cssgridlegacy.no-cssgrid .gallery-shortcode.gallery-masonry-shortcode-id-6b2bf3a66c2e9af4114b45d6d54e5c35.resize-by-browser-width .dt-css-grid .wf-cell.double-width,\n  .no-cssgridlegacy.no-cssgrid .gallery-shortcode.gallery-masonry-shortcode-id-6b2bf3a66c2e9af4114b45d6d54e5c35.resize-by-browser-width .dt-css-grid .wf-cell.double-width {\n    width: calc(25%)*2;\n  }\n}\n@media screen and (max-width: 991px) {\n  .gallery-shortcode.gallery-masonry-shortcode-id-6b2bf3a66c2e9af4114b45d6d54e5c35.resize-by-browser-width .dt-css-grid {\n    grid-template-columns: repeat(3,1fr);\n  }\n  .cssgridlegacy.no-cssgrid .gallery-shortcode.gallery-masonry-shortcode-id-6b2bf3a66c2e9af4114b45d6d54e5c35.resize-by-browser-width .dt-css-grid .wf-cell,\n  .no-cssgridlegacy.no-cssgrid .gallery-shortcode.gallery-masonry-shortcode-id-6b2bf3a66c2e9af4114b45d6d54e5c35.resize-by-browser-width .dt-css-grid .wf-cell {\n    width: 33.333333333333%;\n  }\n  .cssgridlegacy.no-cssgrid .gallery-shortcode.gallery-masonry-shortcode-id-6b2bf3a66c2e9af4114b45d6d54e5c35.resize-by-browser-width .dt-css-grid .wf-cell.double-width,\n  .no-cssgridlegacy.no-cssgrid .gallery-shortcode.gallery-masonry-shortcode-id-6b2bf3a66c2e9af4114b45d6d54e5c35.resize-by-browser-width .dt-css-grid .wf-cell.double-width {\n    width: calc(33.333333333333%)*2;\n  }\n}\n@media screen and (max-width: 767px) {\n  .gallery-shortcode.gallery-masonry-shortcode-id-6b2bf3a66c2e9af4114b45d6d54e5c35.resize-by-browser-width .dt-css-grid {\n    grid-template-columns: repeat(2,1fr);\n  }\n  .cssgridlegacy.no-cssgrid .gallery-shortcode.gallery-masonry-shortcode-id-6b2bf3a66c2e9af4114b45d6d54e5c35.resize-by-browser-width .dt-css-grid .wf-cell,\n  .no-cssgridlegacy.no-cssgrid .gallery-shortcode.gallery-masonry-shortcode-id-6b2bf3a66c2e9af4114b45d6d54e5c35.resize-by-browser-width .dt-css-grid .wf-cell {\n    width: 50%;\n  }\n  .cssgridlegacy.no-cssgrid .gallery-shortcode.gallery-masonry-shortcode-id-6b2bf3a66c2e9af4114b45d6d54e5c35.resize-by-browser-width .dt-css-grid .wf-cell.double-width,\n  .no-cssgridlegacy.no-cssgrid .gallery-shortcode.gallery-masonry-shortcode-id-6b2bf3a66c2e9af4114b45d6d54e5c35.resize-by-browser-width .dt-css-grid .wf-cell.double-width {\n    width: calc(50%)*2;\n  }\n}<\/style><div class=\"gallery-shortcode dt-gallery-container gallery-masonry-shortcode-id-6b2bf3a66c2e9af4114b45d6d54e5c35 mode-grid jquery-filter dt-icon-bg-off quick-scale-img dt-css-grid-wrap enable-bg-rollover resize-by-browser-width  hover-fade loading-effect-fade-in description-on-hover\" data-padding=\"5px\" data-cur-page=\"1\" data-post-limit=\"-1\" data-pagination-mode=\"none\" data-desktop-columns-num=\"4\" data-v-tablet-columns-num=\"3\" data-h-tablet-columns-num=\"4\" data-phone-columns-num=\"2\" data-width=\"0px\" data-columns=\"0\"><div class=\"dt-css-grid\" ><div class=\"wf-cell\" data-post-id=\"1321555\" data-date=\"2021-01-05T21:42:16+01:00\" data-name=\"STANDORT_Bad_Kissingen_01\"><figure class=\"post visible\"><a href=\"https:\/\/laboklin.de\/wp-content\/uploads\/2021\/01\/STANDORT_Bad_Kissingen_01.jpg\" class=\"rollover dt-pswp-item layzr-bg\" data-large_image_width=\"1500\" data-large_image_height=\"1000\" data-dt-img-description=\"\" title=\"STANDORT_Bad_Kissingen_01\"><img fetchpriority=\"high\" decoding=\"async\" class=\"preload-me iso-lazy-load aspect\" src=\"data:image\/svg+xml,%3Csvg%20xmlns%3D&#39;http%3A%2F%2Fwww.w3.org%2F2000%2Fsvg&#39;%20viewBox%3D&#39;0%200%20379%20253&#39;%2F%3E\" data-src=\"https:\/\/laboklin.de\/wp-content\/uploads\/2021\/01\/STANDORT_Bad_Kissingen_01-379x253.jpg\" data-srcset=\"https:\/\/laboklin.de\/wp-content\/uploads\/2021\/01\/STANDORT_Bad_Kissingen_01-379x253.jpg 379w, https:\/\/laboklin.de\/wp-content\/uploads\/2021\/01\/STANDORT_Bad_Kissingen_01-569x380.jpg 569w\" loading=\"eager\" style=\"--ratio: 379 \/ 253\" sizes=\"(max-width: 379px) 100vw, 379px\" alt=\"\" width=\"379\" height=\"253\"  \/><span class=\"gallery-rollover\"><span class=\"gallery-zoom-ico icomoon-the7-font-the7-zoom-06\"><span><\/span><\/span><\/span><\/a><\/figure><\/div><div class=\"wf-cell\" data-post-id=\"1321557\" data-date=\"2021-01-05T21:42:17+01:00\" data-name=\"STANDORT_Bad_Kissingen_02\"><figure class=\"post visible\"><a href=\"https:\/\/laboklin.de\/wp-content\/uploads\/2021\/01\/STANDORT_Bad_Kissingen_02.jpg\" class=\"rollover dt-pswp-item layzr-bg\" data-large_image_width=\"1500\" data-large_image_height=\"1000\" data-dt-img-description=\"\" title=\"STANDORT_Bad_Kissingen_02\"><img decoding=\"async\" class=\"preload-me iso-lazy-load aspect\" src=\"data:image\/svg+xml,%3Csvg%20xmlns%3D&#39;http%3A%2F%2Fwww.w3.org%2F2000%2Fsvg&#39;%20viewBox%3D&#39;0%200%20379%20253&#39;%2F%3E\" data-src=\"https:\/\/laboklin.de\/wp-content\/uploads\/2021\/01\/STANDORT_Bad_Kissingen_02-379x253.jpg\" data-srcset=\"https:\/\/laboklin.de\/wp-content\/uploads\/2021\/01\/STANDORT_Bad_Kissingen_02-379x253.jpg 379w, https:\/\/laboklin.de\/wp-content\/uploads\/2021\/01\/STANDORT_Bad_Kissingen_02-569x380.jpg 569w\" loading=\"eager\" style=\"--ratio: 379 \/ 253\" sizes=\"(max-width: 379px) 100vw, 379px\" alt=\"\" width=\"379\" height=\"253\"  \/><span class=\"gallery-rollover\"><span class=\"gallery-zoom-ico icomoon-the7-font-the7-zoom-06\"><span><\/span><\/span><\/span><\/a><\/figure><\/div><div class=\"wf-cell\" data-post-id=\"1321559\" data-date=\"2021-01-05T21:42:19+01:00\" data-name=\"STANDORT_Bad_Kissingen_03\"><figure class=\"post visible\"><a href=\"https:\/\/laboklin.de\/wp-content\/uploads\/2021\/01\/STANDORT_Bad_Kissingen_03.jpg\" class=\"rollover dt-pswp-item layzr-bg\" data-large_image_width=\"1500\" data-large_image_height=\"1000\" data-dt-img-description=\"\" title=\"STANDORT_Bad_Kissingen_03\"><img decoding=\"async\" class=\"preload-me iso-lazy-load aspect\" src=\"data:image\/svg+xml,%3Csvg%20xmlns%3D&#39;http%3A%2F%2Fwww.w3.org%2F2000%2Fsvg&#39;%20viewBox%3D&#39;0%200%20379%20253&#39;%2F%3E\" data-src=\"https:\/\/laboklin.de\/wp-content\/uploads\/2021\/01\/STANDORT_Bad_Kissingen_03-379x253.jpg\" data-srcset=\"https:\/\/laboklin.de\/wp-content\/uploads\/2021\/01\/STANDORT_Bad_Kissingen_03-379x253.jpg 379w, https:\/\/laboklin.de\/wp-content\/uploads\/2021\/01\/STANDORT_Bad_Kissingen_03-569x380.jpg 569w\" loading=\"eager\" style=\"--ratio: 379 \/ 253\" sizes=\"(max-width: 379px) 100vw, 379px\" alt=\"\" width=\"379\" height=\"253\"  \/><span class=\"gallery-rollover\"><span class=\"gallery-zoom-ico icomoon-the7-font-the7-zoom-06\"><span><\/span><\/span><\/span><\/a><\/figure><\/div><div class=\"wf-cell\" data-post-id=\"1321561\" data-date=\"2021-01-05T21:42:20+01:00\" data-name=\"STANDORT_Bad_Kissingen_04\"><figure class=\"post visible\"><a href=\"https:\/\/laboklin.de\/wp-content\/uploads\/2021\/01\/STANDORT_Bad_Kissingen_04.jpg\" class=\"rollover dt-pswp-item layzr-bg\" data-large_image_width=\"1500\" data-large_image_height=\"1000\" data-dt-img-description=\"\" title=\"STANDORT_Bad_Kissingen_04\"><img decoding=\"async\" class=\"preload-me iso-lazy-load aspect\" src=\"data:image\/svg+xml,%3Csvg%20xmlns%3D&#39;http%3A%2F%2Fwww.w3.org%2F2000%2Fsvg&#39;%20viewBox%3D&#39;0%200%20379%20253&#39;%2F%3E\" data-src=\"https:\/\/laboklin.de\/wp-content\/uploads\/2021\/01\/STANDORT_Bad_Kissingen_04-379x253.jpg\" data-srcset=\"https:\/\/laboklin.de\/wp-content\/uploads\/2021\/01\/STANDORT_Bad_Kissingen_04-379x253.jpg 379w, https:\/\/laboklin.de\/wp-content\/uploads\/2021\/01\/STANDORT_Bad_Kissingen_04-569x380.jpg 569w\" loading=\"eager\" style=\"--ratio: 379 \/ 253\" sizes=\"(max-width: 379px) 100vw, 379px\" alt=\"\" width=\"379\" height=\"253\"  \/><span class=\"gallery-rollover\"><span class=\"gallery-zoom-ico icomoon-the7-font-the7-zoom-06\"><span><\/span><\/span><\/span><\/a><\/figure><\/div><div class=\"wf-cell\" data-post-id=\"1321563\" data-date=\"2021-01-05T21:42:21+01:00\" data-name=\"STANDORT_Bad_Kissingen_05\"><figure class=\"post visible\"><a href=\"https:\/\/laboklin.de\/wp-content\/uploads\/2021\/01\/STANDORT_Bad_Kissingen_05.jpg\" class=\"rollover dt-pswp-item layzr-bg\" data-large_image_width=\"1500\" data-large_image_height=\"1000\" data-dt-img-description=\"\" title=\"STANDORT_Bad_Kissingen_05\"><img decoding=\"async\" class=\"preload-me iso-lazy-load aspect\" src=\"data:image\/svg+xml,%3Csvg%20xmlns%3D&#39;http%3A%2F%2Fwww.w3.org%2F2000%2Fsvg&#39;%20viewBox%3D&#39;0%200%20379%20253&#39;%2F%3E\" data-src=\"https:\/\/laboklin.de\/wp-content\/uploads\/2021\/01\/STANDORT_Bad_Kissingen_05-379x253.jpg\" data-srcset=\"https:\/\/laboklin.de\/wp-content\/uploads\/2021\/01\/STANDORT_Bad_Kissingen_05-379x253.jpg 379w, https:\/\/laboklin.de\/wp-content\/uploads\/2021\/01\/STANDORT_Bad_Kissingen_05-569x380.jpg 569w\" loading=\"eager\" style=\"--ratio: 379 \/ 253\" sizes=\"(max-width: 379px) 100vw, 379px\" alt=\"\" width=\"379\" height=\"253\"  \/><span class=\"gallery-rollover\"><span class=\"gallery-zoom-ico icomoon-the7-font-the7-zoom-06\"><span><\/span><\/span><\/span><\/a><\/figure><\/div><div class=\"wf-cell\" data-post-id=\"1321565\" data-date=\"2021-01-05T21:42:23+01:00\" data-name=\"STANDORT_Bad_Kissingen_06\"><figure class=\"post visible\"><a href=\"https:\/\/laboklin.de\/wp-content\/uploads\/2021\/01\/STANDORT_Bad_Kissingen_06.jpg\" class=\"rollover dt-pswp-item layzr-bg\" data-large_image_width=\"1500\" data-large_image_height=\"1000\" data-dt-img-description=\"\" title=\"STANDORT_Bad_Kissingen_06\"><img decoding=\"async\" class=\"preload-me iso-lazy-load aspect\" src=\"data:image\/svg+xml,%3Csvg%20xmlns%3D&#39;http%3A%2F%2Fwww.w3.org%2F2000%2Fsvg&#39;%20viewBox%3D&#39;0%200%20379%20253&#39;%2F%3E\" data-src=\"https:\/\/laboklin.de\/wp-content\/uploads\/2021\/01\/STANDORT_Bad_Kissingen_06-379x253.jpg\" data-srcset=\"https:\/\/laboklin.de\/wp-content\/uploads\/2021\/01\/STANDORT_Bad_Kissingen_06-379x253.jpg 379w, https:\/\/laboklin.de\/wp-content\/uploads\/2021\/01\/STANDORT_Bad_Kissingen_06-569x380.jpg 569w\" loading=\"eager\" style=\"--ratio: 379 \/ 253\" sizes=\"(max-width: 379px) 100vw, 379px\" alt=\"\" width=\"379\" height=\"253\"  \/><span class=\"gallery-rollover\"><span class=\"gallery-zoom-ico icomoon-the7-font-the7-zoom-06\"><span><\/span><\/span><\/span><\/a><\/figure><\/div><div class=\"wf-cell\" data-post-id=\"1321567\" data-date=\"2021-01-05T21:42:24+01:00\" data-name=\"STANDORT_Bad_Kissingen_07\"><figure class=\"post visible\"><a href=\"https:\/\/laboklin.de\/wp-content\/uploads\/2021\/01\/STANDORT_Bad_Kissingen_07.jpg\" class=\"rollover dt-pswp-item layzr-bg\" data-large_image_width=\"1500\" data-large_image_height=\"1000\" data-dt-img-description=\"\" title=\"STANDORT_Bad_Kissingen_07\"><img decoding=\"async\" class=\"preload-me iso-lazy-load aspect\" src=\"data:image\/svg+xml,%3Csvg%20xmlns%3D&#39;http%3A%2F%2Fwww.w3.org%2F2000%2Fsvg&#39;%20viewBox%3D&#39;0%200%20379%20253&#39;%2F%3E\" data-src=\"https:\/\/laboklin.de\/wp-content\/uploads\/2021\/01\/STANDORT_Bad_Kissingen_07-379x253.jpg\" data-srcset=\"https:\/\/laboklin.de\/wp-content\/uploads\/2021\/01\/STANDORT_Bad_Kissingen_07-379x253.jpg 379w, https:\/\/laboklin.de\/wp-content\/uploads\/2021\/01\/STANDORT_Bad_Kissingen_07-569x380.jpg 569w\" loading=\"eager\" style=\"--ratio: 379 \/ 253\" sizes=\"(max-width: 379px) 100vw, 379px\" alt=\"\" width=\"379\" height=\"253\"  \/><span class=\"gallery-rollover\"><span class=\"gallery-zoom-ico icomoon-the7-font-the7-zoom-06\"><span><\/span><\/span><\/span><\/a><\/figure><\/div><div class=\"wf-cell\" data-post-id=\"1321569\" data-date=\"2021-01-05T21:42:25+01:00\" data-name=\"STANDORT_Bad_Kissingen_08\"><figure class=\"post visible\"><a href=\"https:\/\/laboklin.de\/wp-content\/uploads\/2021\/01\/STANDORT_Bad_Kissingen_08.jpg\" class=\"rollover dt-pswp-item layzr-bg\" data-large_image_width=\"1500\" data-large_image_height=\"1000\" data-dt-img-description=\"\" title=\"STANDORT_Bad_Kissingen_08\"><img decoding=\"async\" class=\"preload-me iso-lazy-load aspect\" src=\"data:image\/svg+xml,%3Csvg%20xmlns%3D&#39;http%3A%2F%2Fwww.w3.org%2F2000%2Fsvg&#39;%20viewBox%3D&#39;0%200%20379%20253&#39;%2F%3E\" data-src=\"https:\/\/laboklin.de\/wp-content\/uploads\/2021\/01\/STANDORT_Bad_Kissingen_08-379x253.jpg\" data-srcset=\"https:\/\/laboklin.de\/wp-content\/uploads\/2021\/01\/STANDORT_Bad_Kissingen_08-379x253.jpg 379w, https:\/\/laboklin.de\/wp-content\/uploads\/2021\/01\/STANDORT_Bad_Kissingen_08-569x380.jpg 569w\" loading=\"eager\" style=\"--ratio: 379 \/ 253\" sizes=\"(max-width: 379px) 100vw, 379px\" alt=\"\" width=\"379\" height=\"253\"  \/><span class=\"gallery-rollover\"><span class=\"gallery-zoom-ico icomoon-the7-font-the7-zoom-06\"><span><\/span><\/span><\/span><\/a><\/figure><\/div><\/div><!-- iso-container|iso-grid --><\/div>[\/vc_column][\/vc_row]<\/p>\n<\/div>","protected":false},"excerpt":{"rendered":"<p>[vc_row type=&#187;vc_default&#187; css=&#187;.vc_custom_1609879514897{margin-bottom: 15px !important;}&#187;][vc_column][vc_column_text] Arbeiten, wo andere Urlaub machen? In einem Ort, der von der IHK das Qualit\u00e4tszeichen \u201cAusgezeichneter Wohnort f\u00fcr Fachkr\u00e4fte\u201d verliehen bekommen hat? In einem Kurort? Das alles und mehr bietet Bad Kissingen. Bad Kissingen ist ein guter Ort zum Leben, Erholen und Arbeiten \u2013 und das ganz zentral in Deutschland. Strategisch&hellip;<\/p>\n","protected":false},"author":1,"featured_media":0,"parent":1332642,"menu_order":11,"comment_status":"closed","ping_status":"closed","template":"","meta":{"_seopress_robots_primary_cat":"","_seopress_titles_title":"","_seopress_titles_desc":"","_seopress_robots_index":"","footnotes":""},"class_list":["post-1335469","page","type-page","status-publish","hentry","description-off"],"_links":{"self":[{"href":"https:\/\/laboklin.de\/de-ch\/wp-json\/wp\/v2\/pages\/1335469","targetHints":{"allow":["GET"]}}],"collection":[{"href":"https:\/\/laboklin.de\/de-ch\/wp-json\/wp\/v2\/pages"}],"about":[{"href":"https:\/\/laboklin.de\/de-ch\/wp-json\/wp\/v2\/types\/page"}],"author":[{"embeddable":true,"href":"https:\/\/laboklin.de\/de-ch\/wp-json\/wp\/v2\/users\/1"}],"replies":[{"embeddable":true,"href":"https:\/\/laboklin.de\/de-ch\/wp-json\/wp\/v2\/comments?post=1335469"}],"version-history":[{"count":0,"href":"https:\/\/laboklin.de\/de-ch\/wp-json\/wp\/v2\/pages\/1335469\/revisions"}],"up":[{"embeddable":true,"href":"https:\/\/laboklin.de\/de-ch\/wp-json\/wp\/v2\/pages\/1332642"}],"wp:attachment":[{"href":"https:\/\/laboklin.de\/de-ch\/wp-json\/wp\/v2\/media?parent=1335469"}],"curies":[{"name":"wp","href":"https:\/\/api.w.org\/{rel}","templated":true}]}}