{"id":1335425,"date":"2020-10-16T11:36:27","date_gmt":"2020-10-16T09:36:27","guid":{"rendered":"https:\/\/laboklin.de\/leistungen\/genetik\/fellfarbe-haarstruktur\/katze\/farbvariante-dominant-white-white-spotting\/"},"modified":"2025-02-25T13:13:53","modified_gmt":"2025-02-25T12:13:53","slug":"farbvariante-dominant-white-white-spotting","status":"publish","type":"page","link":"https:\/\/laboklin.de\/de-ch\/leistungen\/genetik\/fellfarbe-haarstruktur\/katze\/farbvariante-dominant-white-white-spotting\/","title":{"rendered":"Farbvariante Dominant White \/ White Spotting"},"content":{"rendered":"<h3 class=\"csc-firstHeader\">Farbvariante Dominant White\/White Spotting<\/h3><p><span>LABOKLIN Leistungs-ID: 8591<\/span><\/p><p class=\"bodytext\">Der W- oder White-Lokus ist f\u00fcr die ph\u00e4notypische Auspr\u00e4gung einer wei\u00dfen Fellfarbe verantwortlich, die nicht auf Albinismus (siehe C-Lokus) basiert. Dazu geh\u00f6ren die Ph\u00e4notypen Dominant White (W) sowie White Spotting (ws). Ursache sind Insertionen des endogenen Retrovirus FERV1 im KIT-Gen. Beide White-Allele sind dominant gegen\u00fcber dem normal pigmentierten Wildtyp (w+). Der White Spotting Ph\u00e4notyp wird durch die vollst\u00e4ndige Insertion des FERV1 im KIT-Gen verursacht. Die Gr\u00f6\u00dfe der wei\u00dfen Flecken der Katze ist aufgrund der variablen Expressivit\u00e4t des Allels in verschiedenen Abstufungen m\u00f6glich. Diese reichen von einem nur kleinen wei\u00dfen Brustfleck bis zu einer vollst\u00e4ndigen Wei\u00dff\u00e4rbung, die optisch nicht von einem Dominant White Ph\u00e4notyp zu unterscheiden ist. Der homozygote Genotyp (wsws) ist dabei st\u00e4rker gefleckt als der heterozygote Genotyp (wsw+). Dominant White wird durch die Insertion nur eines bestimmten Abschnitts des FERV1 im KIT-Gen hervorgerufen. Das Dominant White Allel (W) ist dabei dominant gegen\u00fcber White Spotting (ws) und dem Wildtyp (w+). Bei allen drei m\u00f6glichen Genotypen (WW, Wws, Ww+) tritt in manchen F\u00e4llen Taubheit bzw. Schwerh\u00f6rigkeit als Begleiterscheinung auf. Die Auspr\u00e4gung der Taubheit ist unvollst\u00e4ndig penetrant, so dass heterozygote Tiere nicht zwangsl\u00e4ufig taub sein m\u00fcssen. Nur beim homozygoten Genotyp (WW) tritt immer eine Form von Taubheit oder zumindest Schwerh\u00f6rigkeit auf. Die f\u00fcr das W-Allel typische blaue F\u00e4rbung der Iris ist bei heterozygoten Genotypen ebenfalls unvollst\u00e4ndig penetrant.<\/p><table class=\"tx-laboklinleistung-table contenttable contenttable-2\" style=\"margin-top: 35px;\"><tr><td class=\"td-0\"><strong>Methode<\/strong><\/td><td class=\"td-1\"><p class=\"bodytext\">Fragmentl\u00e4ngenanalyse (Gel)<\/p><\/td><\/tr><tr><td class=\"td-0\"><strong>Dauer<\/strong><\/td><td class=\"td-1\"><p class=\"bodytext\">1 - 2 Wochen nach Erhalt der Probe<\/p><\/td><\/tr><\/table>\n","protected":false},"excerpt":{"rendered":"<p>Farbvariante Dominant White\/White SpottingLABOKLIN Leistungs-ID: 8591Der W- oder White-Lokus ist f\u00fcr die ph\u00e4notypische Auspr\u00e4gung einer wei\u00dfen Fellfarbe verantwortlich, die nicht auf Albinismus (siehe C-Lokus) basiert. Dazu geh\u00f6ren die Ph\u00e4notypen Dominant White (W) sowie White Spotting (ws). Ursache sind Insertionen des endogenen Retrovirus FERV1 im KIT-Gen. Beide White-Allele sind dominant gegen\u00fcber dem normal pigmentierten Wildtyp (w+).&hellip;<\/p>\n","protected":false},"author":1,"featured_media":0,"parent":1332720,"menu_order":10,"comment_status":"closed","ping_status":"closed","template":"","meta":{"_seopress_robots_primary_cat":"","_seopress_titles_title":"","_seopress_titles_desc":"","_seopress_robots_index":"","footnotes":""},"class_list":["post-1335425","page","type-page","status-publish","hentry","description-off"],"_links":{"self":[{"href":"https:\/\/laboklin.de\/de-ch\/wp-json\/wp\/v2\/pages\/1335425","targetHints":{"allow":["GET"]}}],"collection":[{"href":"https:\/\/laboklin.de\/de-ch\/wp-json\/wp\/v2\/pages"}],"about":[{"href":"https:\/\/laboklin.de\/de-ch\/wp-json\/wp\/v2\/types\/page"}],"author":[{"embeddable":true,"href":"https:\/\/laboklin.de\/de-ch\/wp-json\/wp\/v2\/users\/1"}],"replies":[{"embeddable":true,"href":"https:\/\/laboklin.de\/de-ch\/wp-json\/wp\/v2\/comments?post=1335425"}],"version-history":[{"count":1,"href":"https:\/\/laboklin.de\/de-ch\/wp-json\/wp\/v2\/pages\/1335425\/revisions"}],"predecessor-version":[{"id":1335426,"href":"https:\/\/laboklin.de\/de-ch\/wp-json\/wp\/v2\/pages\/1335425\/revisions\/1335426"}],"up":[{"embeddable":true,"href":"https:\/\/laboklin.de\/de-ch\/wp-json\/wp\/v2\/pages\/1332720"}],"wp:attachment":[{"href":"https:\/\/laboklin.de\/de-ch\/wp-json\/wp\/v2\/media?parent=1335425"}],"curies":[{"name":"wp","href":"https:\/\/api.w.org\/{rel}","templated":true}]}}