{"id":1335389,"date":"2020-10-16T11:36:27","date_gmt":"2020-10-16T09:36:27","guid":{"rendered":"https:\/\/laboklin.de\/leistungen\/haematologie-klin-chemie-endokrinologie\/klinisch-chemische-parameter\/mineralstoffe-und-elektrolyte\/po4-phosphat-anorganisch\/"},"modified":"2025-01-28T13:28:56","modified_gmt":"2025-01-28T12:28:56","slug":"po4-phosphat-anorganisch","status":"publish","type":"page","link":"https:\/\/laboklin.de\/de-ch\/leistungen\/haematologie-klin-chemie-endokrinologie\/klinisch-chemische-parameter\/mineralstoffe-und-elektrolyte\/po4-phosphat-anorganisch\/","title":{"rendered":"PO4 (Phosphat anorganisch)"},"content":{"rendered":"<h3 class=\"csc-firstHeader\">PO4 (Phosphat anorganisch)<\/h3><p><span>LABOKLIN Leistungs-ID: 33<\/span><\/p><p class=\"bodytext\"><br><\/p><table class=\"tx-laboklinleistung-table contenttable contenttable-2\" style=\"margin-top: 35px;\"><tr><td class=\"td-0\"><strong>Material<\/strong><\/td><td class=\"td-1\"><p class=\"bodytext\">Serum oder Heparin-Plasma 0,5 ml <br>Reptilien: Heparin-Plasma oder Serum 0,2 ml<\/p><\/td><\/tr><tr><td class=\"td-0\"><strong>Methode<\/strong><\/td><td class=\"td-1\"><p class=\"bodytext\">Photometrie<\/p><\/td><\/tr><tr><td class=\"td-0\"><strong>Dauer<\/strong><\/td><td class=\"td-1\"><p class=\"bodytext\">Befund\u00fcbermittlung am Tag des Probeneingangs (Mo.\u2013Sa.)<\/p><\/td><\/tr><tr><td class=\"td-0\"><strong>Anmerkung<\/strong><\/td><td class=\"td-1\"><p class=\"bodytext\"><ul><li>Physiologisch treten bei Jungtieren h\u00f6here Konzentrationen als bei adulten Tieren auf.<\/li><li>In h\u00e4molytischen Proben wird eine Hyperphosphat\u00e4mie vorget\u00e4uscht. <\/li><li>H\u00e4ufigste Ursachen f\u00fcr pathologisch erh\u00f6hte Serumkonzentrationen sind Nierenerkrankungen (wobei Hyperphosphat\u00e4mien selten beim Pferd sind \u2013 h\u00e4ufiger Hypophosphat\u00e4mie) und die Hyperthyreose der Katze.<\/li><li><strong>Reptilien: <\/strong>Das Ca-P-Verh\u00e4ltnis sollte bei ca. 2:1 liegen. <\/li><li><strong>Rind:<\/strong> Hypophosphat\u00e4mie ist neben Trauma und Muskelsch\u00e4digung die wichtigste Differentialdiagnose des sog. \u201eatypischen Milchfiebers\u201c (Festliegen nicht aufgrund von Hypocalc\u00e4mie).<\/li><\/ul><\/p><\/td><\/tr><\/table>\n","protected":false},"excerpt":{"rendered":"<p>PO4 (Phosphat anorganisch)LABOKLIN Leistungs-ID: 33MaterialSerum oder Heparin-Plasma 0,5 ml Reptilien: Heparin-Plasma oder Serum 0,2 mlMethodePhotometrieDauerBefund\u00fcbermittlung am Tag des Probeneingangs (Mo.\u2013Sa.)AnmerkungPhysiologisch treten bei Jungtieren h\u00f6here Konzentrationen als bei adulten Tieren auf.In h\u00e4molytischen Proben wird eine Hyperphosphat\u00e4mie vorget\u00e4uscht. H\u00e4ufigste Ursachen f\u00fcr pathologisch erh\u00f6hte Serumkonzentrationen sind Nierenerkrankungen (wobei Hyperphosphat\u00e4mien selten beim Pferd sind \u2013 h\u00e4ufiger Hypophosphat\u00e4mie) und die&hellip;<\/p>\n","protected":false},"author":1,"featured_media":0,"parent":1332897,"menu_order":10,"comment_status":"closed","ping_status":"closed","template":"","meta":{"_seopress_robots_primary_cat":"","_seopress_titles_title":"","_seopress_titles_desc":"","_seopress_robots_index":"","footnotes":""},"class_list":["post-1335389","page","type-page","status-publish","hentry","description-off"],"_links":{"self":[{"href":"https:\/\/laboklin.de\/de-ch\/wp-json\/wp\/v2\/pages\/1335389","targetHints":{"allow":["GET"]}}],"collection":[{"href":"https:\/\/laboklin.de\/de-ch\/wp-json\/wp\/v2\/pages"}],"about":[{"href":"https:\/\/laboklin.de\/de-ch\/wp-json\/wp\/v2\/types\/page"}],"author":[{"embeddable":true,"href":"https:\/\/laboklin.de\/de-ch\/wp-json\/wp\/v2\/users\/1"}],"replies":[{"embeddable":true,"href":"https:\/\/laboklin.de\/de-ch\/wp-json\/wp\/v2\/comments?post=1335389"}],"version-history":[{"count":1,"href":"https:\/\/laboklin.de\/de-ch\/wp-json\/wp\/v2\/pages\/1335389\/revisions"}],"predecessor-version":[{"id":1335390,"href":"https:\/\/laboklin.de\/de-ch\/wp-json\/wp\/v2\/pages\/1335389\/revisions\/1335390"}],"up":[{"embeddable":true,"href":"https:\/\/laboklin.de\/de-ch\/wp-json\/wp\/v2\/pages\/1332897"}],"wp:attachment":[{"href":"https:\/\/laboklin.de\/de-ch\/wp-json\/wp\/v2\/media?parent=1335389"}],"curies":[{"name":"wp","href":"https:\/\/api.w.org\/{rel}","templated":true}]}}