{"id":1335332,"date":"2020-10-16T11:36:27","date_gmt":"2020-10-16T09:36:27","guid":{"rendered":"https:\/\/laboklin.de\/leistungen\/genetik\/fellfarbe-haarstruktur\/hund\/k-lokus-ausschliesslich-kb-allel\/"},"modified":"2025-02-25T13:07:16","modified_gmt":"2025-02-25T12:07:16","slug":"k-lokus-ausschliesslich-kb-allel","status":"publish","type":"page","link":"https:\/\/laboklin.de\/de-ch\/leistungen\/genetik\/fellfarbe-haarstruktur\/hund\/k-lokus-ausschliesslich-kb-allel\/","title":{"rendered":"K-Lokus (ausschlie\u00dflich KB-Allel)"},"content":{"rendered":"<h3 class=\"csc-firstHeader\">K-Lokus (ausschlie\u00dflich KB-Allel)<\/h3><p><span>LABOKLIN Leistungs-ID: 8145<\/span><\/p><p class=\"bodytext\">Der K-Lokus spielt eine entscheidende Rolle bei der Vererbung der Fellfarbe. Das dominante Allel am K-Lokus ist KB. Es ist verantwortlich f\u00fcr einfarbiges Fell in den pigmentierten Bereichen.<br \/>\nEs gibt ein weiteres Allel am K-Lokus: ky. KB ist dominant \u00fcber ky. Der Genotyp ky\/ky erlaubt die Auspr\u00e4gung des A-Lokus. Jedes Tier mit mindestens einem KB-Allel ist einfarbig oder gestromt (in den pigmentierten Bereichen).<br \/>\nAchtung: Gestromte Hunde haben im Test auf den K-Lokus den Genotyp KB\/ky und sind somit  nicht von heterozygoten dominant schwarzen Hunden zu unterscheiden. Daher ist f\u00fcr diese Hunde ein zus\u00e4tzliches Analyseverfahren n\u00f6tig, welches eine tats\u00e4chliche Aufteilung in die m\u00f6glichen Genotypen KB\/ky, KB\/kbr, kbr\/kbr und kbr\/ky erlaubt (siehe auch gesonderter Test auf K-Lokus brindle).  <\/p><table class=\"tx-laboklinleistung-table contenttable contenttable-2\" style=\"margin-top: 35px;\"><tr><td class=\"td-0\"><strong>Methode<\/strong><\/td><td class=\"td-1\"><p class=\"bodytext\">TaqMan SNP Assay<\/p><\/td><\/tr><tr><td class=\"td-0\"><strong>Erbgang<\/strong><\/td><td class=\"td-1\"><p class=\"bodytext\">Allelische Reihe: KB dominant \u00fcber ky<\/p><\/td><\/tr><tr><td class=\"td-0\"><strong>Dauer<\/strong><\/td><td class=\"td-1\"><p class=\"bodytext\">3 - 5 Werktage nach Erhalt der Probe<\/p><\/td><\/tr><\/table>\n","protected":false},"excerpt":{"rendered":"<p>K-Lokus (ausschlie\u00dflich KB-Allel)LABOKLIN Leistungs-ID: 8145Der K-Lokus spielt eine entscheidende Rolle bei der Vererbung der Fellfarbe. Das dominante Allel am K-Lokus ist KB. Es ist verantwortlich f\u00fcr einfarbiges Fell in den pigmentierten Bereichen. Es gibt ein weiteres Allel am K-Lokus: ky. KB ist dominant \u00fcber ky. Der Genotyp ky\/ky erlaubt die Auspr\u00e4gung des A-Lokus. Jedes Tier&hellip;<\/p>\n","protected":false},"author":1,"featured_media":0,"parent":1332718,"menu_order":9,"comment_status":"closed","ping_status":"closed","template":"","meta":{"_seopress_robots_primary_cat":"","_seopress_titles_title":"","_seopress_titles_desc":"","_seopress_robots_index":"","footnotes":""},"class_list":["post-1335332","page","type-page","status-publish","hentry","description-off"],"_links":{"self":[{"href":"https:\/\/laboklin.de\/de-ch\/wp-json\/wp\/v2\/pages\/1335332","targetHints":{"allow":["GET"]}}],"collection":[{"href":"https:\/\/laboklin.de\/de-ch\/wp-json\/wp\/v2\/pages"}],"about":[{"href":"https:\/\/laboklin.de\/de-ch\/wp-json\/wp\/v2\/types\/page"}],"author":[{"embeddable":true,"href":"https:\/\/laboklin.de\/de-ch\/wp-json\/wp\/v2\/users\/1"}],"replies":[{"embeddable":true,"href":"https:\/\/laboklin.de\/de-ch\/wp-json\/wp\/v2\/comments?post=1335332"}],"version-history":[{"count":1,"href":"https:\/\/laboklin.de\/de-ch\/wp-json\/wp\/v2\/pages\/1335332\/revisions"}],"predecessor-version":[{"id":1510812,"href":"https:\/\/laboklin.de\/de-ch\/wp-json\/wp\/v2\/pages\/1335332\/revisions\/1510812"}],"up":[{"embeddable":true,"href":"https:\/\/laboklin.de\/de-ch\/wp-json\/wp\/v2\/pages\/1332718"}],"wp:attachment":[{"href":"https:\/\/laboklin.de\/de-ch\/wp-json\/wp\/v2\/media?parent=1335332"}],"curies":[{"name":"wp","href":"https:\/\/api.w.org\/{rel}","templated":true}]}}