{"id":1335329,"date":"2020-10-16T11:36:27","date_gmt":"2020-10-16T09:36:27","guid":{"rendered":"https:\/\/laboklin.de\/leistungen\/genetik\/erbkrankheiten\/katze\/progressive-retinaatrophie-b-pra\/"},"modified":"2025-02-25T12:24:57","modified_gmt":"2025-02-25T11:24:57","slug":"progressive-retinaatrophie-b-pra","status":"publish","type":"page","link":"https:\/\/laboklin.de\/de-ch\/leistungen\/genetik\/erbkrankheiten\/katze\/progressive-retinaatrophie-b-pra\/","title":{"rendered":"Progressive Retinaatrophie (b-PRA)"},"content":{"rendered":"<h3 class=\"csc-firstHeader\">Progressive Retinaatrophie (b-PRA)<\/h3><p><span>LABOKLIN Leistungs-ID: 8331<\/span><\/p><p class=\"bodytext\">Die progressive Retinaatrophie bei der Bengal f\u00fchrt zur Zerst\u00f6rung der Photorezeptoren in der Netzhaut. Der Verlust der Zellen beginnt etwa im Alter von 7 Wochen und schreitet langsam fort, bis die Katze mit ca. 2 Jahren bereits ein sehr eingeschr\u00e4nktes Sehverm\u00f6gen hat. Bis zur vollst\u00e4ndigen Erblindung dauert es unterschiedlich lang. Katzen mit PRA-b zeigen im Vergleich zu gesunden Katzen erweiterte Pupillen bei gleichen Lichtverh\u00e4ltnissen. <\/p><table class=\"tx-laboklinleistung-table contenttable contenttable-2\" style=\"margin-top: 35px;\"><tr><td class=\"td-0\"><strong>Methode<\/strong><\/td><td class=\"td-1\"><p class=\"bodytext\">TaqMan SNP Assay, ggf. Sequenzierung<\/p><\/td><\/tr><tr><td class=\"td-0\"><strong>Rasse<\/strong><\/td><td class=\"td-1\"><p class=\"bodytext\">Bengal<\/p><\/td><\/tr><tr><td class=\"td-0\"><strong>Erbgang<\/strong><\/td><td class=\"td-1\"><p class=\"bodytext\">autosomal-rezessiv<\/p><\/td><\/tr><tr><td class=\"td-0\"><strong>Dauer<\/strong><\/td><td class=\"td-1\"><p class=\"bodytext\">3 - 5 Werktage nach Erhalt der Probe (bei Sequenzierung 1 - 2 Wochen)<\/p><\/td><\/tr><\/table>\n","protected":false},"excerpt":{"rendered":"<p>Progressive Retinaatrophie (b-PRA)LABOKLIN Leistungs-ID: 8331Die progressive Retinaatrophie bei der Bengal f\u00fchrt zur Zerst\u00f6rung der Photorezeptoren in der Netzhaut. Der Verlust der Zellen beginnt etwa im Alter von 7 Wochen und schreitet langsam fort, bis die Katze mit ca. 2 Jahren bereits ein sehr eingeschr\u00e4nktes Sehverm\u00f6gen hat. Bis zur vollst\u00e4ndigen Erblindung dauert es unterschiedlich lang. Katzen&hellip;<\/p>\n","protected":false},"author":1,"featured_media":0,"parent":1332704,"menu_order":9,"comment_status":"closed","ping_status":"closed","template":"","meta":{"_seopress_robots_primary_cat":"","_seopress_titles_title":"","_seopress_titles_desc":"","_seopress_robots_index":"","footnotes":""},"class_list":["post-1335329","page","type-page","status-publish","hentry","description-off"],"_links":{"self":[{"href":"https:\/\/laboklin.de\/de-ch\/wp-json\/wp\/v2\/pages\/1335329","targetHints":{"allow":["GET"]}}],"collection":[{"href":"https:\/\/laboklin.de\/de-ch\/wp-json\/wp\/v2\/pages"}],"about":[{"href":"https:\/\/laboklin.de\/de-ch\/wp-json\/wp\/v2\/types\/page"}],"author":[{"embeddable":true,"href":"https:\/\/laboklin.de\/de-ch\/wp-json\/wp\/v2\/users\/1"}],"replies":[{"embeddable":true,"href":"https:\/\/laboklin.de\/de-ch\/wp-json\/wp\/v2\/comments?post=1335329"}],"version-history":[{"count":1,"href":"https:\/\/laboklin.de\/de-ch\/wp-json\/wp\/v2\/pages\/1335329\/revisions"}],"predecessor-version":[{"id":1335330,"href":"https:\/\/laboklin.de\/de-ch\/wp-json\/wp\/v2\/pages\/1335329\/revisions\/1335330"}],"up":[{"embeddable":true,"href":"https:\/\/laboklin.de\/de-ch\/wp-json\/wp\/v2\/pages\/1332704"}],"wp:attachment":[{"href":"https:\/\/laboklin.de\/de-ch\/wp-json\/wp\/v2\/media?parent=1335329"}],"curies":[{"name":"wp","href":"https:\/\/api.w.org\/{rel}","templated":true}]}}