{"id":1335298,"date":"2020-10-16T11:36:27","date_gmt":"2020-10-16T09:36:27","guid":{"rendered":"https:\/\/laboklin.de\/leistungen\/haematologie-klin-chemie-endokrinologie\/immunologische-untersuchungen-entzuendungsparameter\/gluten-sensitivitaet\/"},"modified":"2025-01-28T13:41:50","modified_gmt":"2025-01-28T12:41:50","slug":"gluten-sensitivitaet","status":"publish","type":"page","link":"https:\/\/laboklin.de\/de-ch\/leistungen\/haematologie-klin-chemie-endokrinologie\/immunologische-untersuchungen-entzuendungsparameter\/gluten-sensitivitaet\/","title":{"rendered":"Gluten-Sensitivit\u00e4t"},"content":{"rendered":"<h3 class=\"csc-firstHeader\">Gluten-Sensitivit\u00e4t<\/h3><p><span>LABOKLIN Leistungs-ID: 2016<\/span><\/p><p class=\"bodytext\"><br><\/p><table class=\"tx-laboklinleistung-table contenttable contenttable-2\" style=\"margin-top: 35px;\"><tr><td class=\"td-0\"><strong>Material<\/strong><\/td><td class=\"td-1\"><p class=\"bodytext\">Serum 0,5 ml<\/p><\/td><\/tr><tr><td class=\"td-0\"><strong>Parameter<\/strong><\/td><td class=\"td-1\"><p class=\"bodytext\">Gewebs-Transglutaminase IgA, Modified Gliadin Peptide IgG<\/p><\/td><\/tr><tr><td class=\"td-0\"><strong>Methode<\/strong><\/td><td class=\"td-1\"><p class=\"bodytext\">Enzym Linked Immunosorbent Assay (ELISA)<\/p><\/td><\/tr><tr><td class=\"td-0\"><strong>Tierart(en)<\/strong><\/td><td class=\"td-1\"><p class=\"bodytext\">Hund<\/p><\/td><\/tr><tr><td class=\"td-0\"><strong>Dauer<\/strong><\/td><td class=\"td-1\"><p class=\"bodytext\">2-3 Arbeitstage<\/p><\/td><\/tr><tr><td class=\"td-0\"><strong>Anmerkung<\/strong><\/td><td class=\"td-1\"><p class=\"bodytext\"><ul><li>Das Klebereiwei\u00df Gluten und dessen Unterfraktion Gliadin kommen in Weizen, Dinkel, Roggen und Gerste vor.<\/li> <li>Glutenunvertr\u00e4glichkeit f\u00fchrt rasseabh\u00e4ngig zu verschiedenen Krankheitsbildern: zur glutensensitiven Enteropathie beim Irischen Setter und zum Canine Epileptoid Cramping Syndrome (CECS, Spikes Disease, paroxysmale glutensensitive Dyskinesie). In der Literatur sind Mischformen mit gleichzeitigen enteralen und neurologischen Symptomen beschrieben.<\/li><\/ul><\/p><\/td><\/tr><\/table>\n","protected":false},"excerpt":{"rendered":"<p>Gluten-Sensitivit\u00e4tLABOKLIN Leistungs-ID: 2016MaterialSerum 0,5 mlParameterGewebs-Transglutaminase IgA, Modified Gliadin Peptide IgGMethodeEnzym Linked Immunosorbent Assay (ELISA)Tierart(en)HundDauer2-3 ArbeitstageAnmerkungDas Klebereiwei\u00df Gluten und dessen Unterfraktion Gliadin kommen in Weizen, Dinkel, Roggen und Gerste vor. Glutenunvertr\u00e4glichkeit f\u00fchrt rasseabh\u00e4ngig zu verschiedenen Krankheitsbildern: zur glutensensitiven Enteropathie beim Irischen Setter und zum Canine Epileptoid Cramping Syndrome (CECS, Spikes Disease, paroxysmale glutensensitive Dyskinesie). In der&hellip;<\/p>\n","protected":false},"author":1,"featured_media":0,"parent":1332760,"menu_order":9,"comment_status":"closed","ping_status":"closed","template":"","meta":{"_seopress_robots_primary_cat":"","_seopress_titles_title":"","_seopress_titles_desc":"","_seopress_robots_index":"","footnotes":""},"class_list":["post-1335298","page","type-page","status-publish","hentry","description-off"],"_links":{"self":[{"href":"https:\/\/laboklin.de\/de-ch\/wp-json\/wp\/v2\/pages\/1335298","targetHints":{"allow":["GET"]}}],"collection":[{"href":"https:\/\/laboklin.de\/de-ch\/wp-json\/wp\/v2\/pages"}],"about":[{"href":"https:\/\/laboklin.de\/de-ch\/wp-json\/wp\/v2\/types\/page"}],"author":[{"embeddable":true,"href":"https:\/\/laboklin.de\/de-ch\/wp-json\/wp\/v2\/users\/1"}],"replies":[{"embeddable":true,"href":"https:\/\/laboklin.de\/de-ch\/wp-json\/wp\/v2\/comments?post=1335298"}],"version-history":[{"count":1,"href":"https:\/\/laboklin.de\/de-ch\/wp-json\/wp\/v2\/pages\/1335298\/revisions"}],"predecessor-version":[{"id":1504423,"href":"https:\/\/laboklin.de\/de-ch\/wp-json\/wp\/v2\/pages\/1335298\/revisions\/1504423"}],"up":[{"embeddable":true,"href":"https:\/\/laboklin.de\/de-ch\/wp-json\/wp\/v2\/pages\/1332760"}],"wp:attachment":[{"href":"https:\/\/laboklin.de\/de-ch\/wp-json\/wp\/v2\/media?parent=1335298"}],"curies":[{"name":"wp","href":"https:\/\/api.w.org\/{rel}","templated":true}]}}