{"id":1335293,"date":"2020-10-16T11:36:27","date_gmt":"2020-10-16T09:36:27","guid":{"rendered":"https:\/\/laboklin.de\/leistungen\/haematologie-klin-chemie-endokrinologie\/klinisch-chemische-parameter\/mineralstoffe-und-elektrolyte\/mg-magnesium\/"},"modified":"2025-01-28T13:27:20","modified_gmt":"2025-01-28T12:27:20","slug":"mg-magnesium","status":"publish","type":"page","link":"https:\/\/laboklin.de\/de-ch\/leistungen\/haematologie-klin-chemie-endokrinologie\/klinisch-chemische-parameter\/mineralstoffe-und-elektrolyte\/mg-magnesium\/","title":{"rendered":"Mg (Magnesium)"},"content":{"rendered":"<h3 class=\"csc-firstHeader\">Mg (Magnesium)<\/h3><p><span>LABOKLIN Leistungs-ID: 31<\/span><\/p><p class=\"bodytext\"><br><ul><li>Magnesium ist essentiell f\u00fcr den Energiestoffwechsel der Zelle und f\u00fcr die neuromuskul\u00e4re Erregungsleitung. <\/li> <li>Hypermagnes\u00e4mien k\u00f6nnen bei Hypoadrenokortizismus (M. Addison) vorkommen.<\/li><li><strong>Rind<\/strong>: Hypomagnes\u00e4mie ist die h\u00e4ufigste Ursache f\u00fcr die Weidetetanie.<\/li> <\/ul><\/p><table class=\"tx-laboklinleistung-table contenttable contenttable-2\" style=\"margin-top: 35px;\"><tr><td class=\"td-0\"><strong>Material<\/strong><\/td><td class=\"td-1\"><p class=\"bodytext\">Serum oder Heparin-Plasma 0,5 ml<\/p><\/td><\/tr><tr><td class=\"td-0\"><strong>Methode<\/strong><\/td><td class=\"td-1\"><p class=\"bodytext\">Inductively Coupled Plasma Mass Spectrometry (ICP-MS)<\/p><\/td><\/tr><tr><td class=\"td-0\"><strong>Dauer<\/strong><\/td><td class=\"td-1\"><p class=\"bodytext\">Befund\u00fcbermittlung am Tag des Probeneingangs (Mo.\u2013Sa.)<\/p><\/td><\/tr><\/table>\n","protected":false},"excerpt":{"rendered":"<p>Mg (Magnesium)LABOKLIN Leistungs-ID: 31Magnesium ist essentiell f\u00fcr den Energiestoffwechsel der Zelle und f\u00fcr die neuromuskul\u00e4re Erregungsleitung. Hypermagnes\u00e4mien k\u00f6nnen bei Hypoadrenokortizismus (M. Addison) vorkommen.Rind: Hypomagnes\u00e4mie ist die h\u00e4ufigste Ursache f\u00fcr die Weidetetanie. MaterialSerum oder Heparin-Plasma 0,5 mlMethodeInductively Coupled Plasma Mass Spectrometry (ICP-MS)DauerBefund\u00fcbermittlung am Tag des Probeneingangs (Mo.\u2013Sa.)<\/p>\n","protected":false},"author":1,"featured_media":0,"parent":1332897,"menu_order":9,"comment_status":"closed","ping_status":"closed","template":"","meta":{"_seopress_robots_primary_cat":"","_seopress_titles_title":"","_seopress_titles_desc":"","_seopress_robots_index":"","footnotes":""},"class_list":["post-1335293","page","type-page","status-publish","hentry","description-off"],"_links":{"self":[{"href":"https:\/\/laboklin.de\/de-ch\/wp-json\/wp\/v2\/pages\/1335293","targetHints":{"allow":["GET"]}}],"collection":[{"href":"https:\/\/laboklin.de\/de-ch\/wp-json\/wp\/v2\/pages"}],"about":[{"href":"https:\/\/laboklin.de\/de-ch\/wp-json\/wp\/v2\/types\/page"}],"author":[{"embeddable":true,"href":"https:\/\/laboklin.de\/de-ch\/wp-json\/wp\/v2\/users\/1"}],"replies":[{"embeddable":true,"href":"https:\/\/laboklin.de\/de-ch\/wp-json\/wp\/v2\/comments?post=1335293"}],"version-history":[{"count":1,"href":"https:\/\/laboklin.de\/de-ch\/wp-json\/wp\/v2\/pages\/1335293\/revisions"}],"predecessor-version":[{"id":1335294,"href":"https:\/\/laboklin.de\/de-ch\/wp-json\/wp\/v2\/pages\/1335293\/revisions\/1335294"}],"up":[{"embeddable":true,"href":"https:\/\/laboklin.de\/de-ch\/wp-json\/wp\/v2\/pages\/1332897"}],"wp:attachment":[{"href":"https:\/\/laboklin.de\/de-ch\/wp-json\/wp\/v2\/media?parent=1335293"}],"curies":[{"name":"wp","href":"https:\/\/api.w.org\/{rel}","templated":true}]}}