{"id":1335291,"date":"2020-10-16T11:36:27","date_gmt":"2020-10-16T09:36:27","guid":{"rendered":"https:\/\/laboklin.de\/leistungen\/haematologie-klin-chemie-endokrinologie\/klinisch-chemische-parameter\/substrate\/kreatinin\/"},"modified":"2025-01-28T12:58:50","modified_gmt":"2025-01-28T11:58:50","slug":"kreatinin","status":"publish","type":"page","link":"https:\/\/laboklin.de\/de-ch\/leistungen\/haematologie-klin-chemie-endokrinologie\/klinisch-chemische-parameter\/substrate\/kreatinin\/","title":{"rendered":"Kreatinin"},"content":{"rendered":"<h3 class=\"csc-firstHeader\">Kreatinin<\/h3><p><span>LABOKLIN Leistungs-ID: 23<\/span><\/p><p class=\"bodytext\"><br><\/p><table class=\"tx-laboklinleistung-table contenttable contenttable-2\" style=\"margin-top: 35px;\"><tr><td class=\"td-0\"><strong>Material<\/strong><\/td><td class=\"td-1\"><p class=\"bodytext\">Serum oder EDTA-Plasma oder Heparin-Plasma 0,5 ml<\/p><\/td><\/tr><tr><td class=\"td-0\"><strong>Methode<\/strong><\/td><td class=\"td-1\"><p class=\"bodytext\">Photometrie<\/p><\/td><\/tr><tr><td class=\"td-0\"><strong>Dauer<\/strong><\/td><td class=\"td-1\"><p class=\"bodytext\">Befund\u00fcbermittlung am Tag des Probeneingangs (Mo.\u2013Sa.)<\/p><\/td><\/tr><tr><td class=\"td-0\"><strong>Anmerkung<\/strong><\/td><td class=\"td-1\"><p class=\"bodytext\"><ul><li>Kreatinin ist neben SDMA der spezifischste Indikator der Nierenfunktion. Infolge der Reservekapazit\u00e4t der Niere treten erh\u00f6hte Konzentrationen aber erst bei Verlust der glomerul\u00e4ren Funktion von \u00fcber 70 % auf. Lip\u00e4mie und H\u00e4molyse k\u00f6nnen die Messergebnisse beeinflussen.<\/li><li>Kreatinin kann bei gut bemuskelten oder trainierten Hunden physiologisch geringgradig erh\u00f6ht sein, ohne dass eine Nierenfunktionsst\u00f6rung vorliegt.<\/li><\/ul><\/p><\/td><\/tr><\/table>\n","protected":false},"excerpt":{"rendered":"<p>KreatininLABOKLIN Leistungs-ID: 23MaterialSerum oder EDTA-Plasma oder Heparin-Plasma 0,5 mlMethodePhotometrieDauerBefund\u00fcbermittlung am Tag des Probeneingangs (Mo.\u2013Sa.)AnmerkungKreatinin ist neben SDMA der spezifischste Indikator der Nierenfunktion. Infolge der Reservekapazit\u00e4t der Niere treten erh\u00f6hte Konzentrationen aber erst bei Verlust der glomerul\u00e4ren Funktion von \u00fcber 70 % auf. Lip\u00e4mie und H\u00e4molyse k\u00f6nnen die Messergebnisse beeinflussen.Kreatinin kann bei gut bemuskelten oder trainierten&hellip;<\/p>\n","protected":false},"author":1,"featured_media":0,"parent":1332895,"menu_order":9,"comment_status":"closed","ping_status":"closed","template":"","meta":{"_seopress_robots_primary_cat":"","_seopress_titles_title":"","_seopress_titles_desc":"","_seopress_robots_index":"","footnotes":""},"class_list":["post-1335291","page","type-page","status-publish","hentry","description-off"],"_links":{"self":[{"href":"https:\/\/laboklin.de\/de-ch\/wp-json\/wp\/v2\/pages\/1335291","targetHints":{"allow":["GET"]}}],"collection":[{"href":"https:\/\/laboklin.de\/de-ch\/wp-json\/wp\/v2\/pages"}],"about":[{"href":"https:\/\/laboklin.de\/de-ch\/wp-json\/wp\/v2\/types\/page"}],"author":[{"embeddable":true,"href":"https:\/\/laboklin.de\/de-ch\/wp-json\/wp\/v2\/users\/1"}],"replies":[{"embeddable":true,"href":"https:\/\/laboklin.de\/de-ch\/wp-json\/wp\/v2\/comments?post=1335291"}],"version-history":[{"count":1,"href":"https:\/\/laboklin.de\/de-ch\/wp-json\/wp\/v2\/pages\/1335291\/revisions"}],"predecessor-version":[{"id":1504337,"href":"https:\/\/laboklin.de\/de-ch\/wp-json\/wp\/v2\/pages\/1335291\/revisions\/1504337"}],"up":[{"embeddable":true,"href":"https:\/\/laboklin.de\/de-ch\/wp-json\/wp\/v2\/pages\/1332895"}],"wp:attachment":[{"href":"https:\/\/laboklin.de\/de-ch\/wp-json\/wp\/v2\/media?parent=1335291"}],"curies":[{"name":"wp","href":"https:\/\/api.w.org\/{rel}","templated":true}]}}